{"id":1502,"date":"2021-08-03T16:41:12","date_gmt":"2021-08-03T16:41:12","guid":{"rendered":"https:\/\/hidden.ms.decms.eu\/?page_id=1502"},"modified":"2025-10-07T13:56:36","modified_gmt":"2025-10-07T13:56:36","slug":"hidden-in-love-angebot","status":"publish","type":"page","link":"https:\/\/hidden-hotel.com\/de\/versteckte-angebote\/hidden-in-love-angebot\/","title":{"rendered":"Hidden in Love-Angebot"},"content":{"rendered":"<p style=\"text-align: center\">Lust auf eine romantische Auszeit in einer Oase der Ruhe und Gelassenheit? Das Paket \u201eHidden in Love\u201d umfasst eine Flasche Champagner, zwei Fr\u00fchst\u00fccke, Rosenbl\u00fcten auf Ihrem Bett und einen sp\u00e4ten Check-out um 13 Uhr. Eine M\u00f6glichkeit, das Leben zu zweit in vollen Z\u00fcgen zu genie\u00dfen!<\/p>\n<p style=\"text-align: center\"><strong>100 \u20ac f\u00fcr 2 Personen (Preis ohne Zimmerpreis)<\/strong><\/p>\n","protected":false},"excerpt":{"rendered":"<p>Lust auf eine romantische Auszeit in einer Oase der Ruhe und Gelassenheit? Das Paket \u201eHidden in Love\u201d umfasst eine Flasche Champagner, zwei Fr\u00fchst\u00fccke, Rosenbl\u00fcten auf Ihrem Bett und einen sp\u00e4ten Check-out um 13 Uhr. Eine M\u00f6glichkeit, das Leben zu zweit in vollen Z\u00fcgen zu genie\u00dfen! 100 \u20ac f\u00fcr 2 Personen (Preis ohne Zimmerpreis)<\/p>\n","protected":false},"author":134,"featured_media":2627,"parent":1498,"menu_order":0,"comment_status":"closed","ping_status":"closed","template":"template-single-service-2.php","meta":{"footnotes":""},"class_list":["post-1502","page","type-page","status-publish","has-post-thumbnail","hentry"],"yoast_head":"<!-- This site is optimized with the Yoast SEO plugin v26.9 - https:\/\/yoast.com\/product\/yoast-seo-wordpress\/ -->\n<title>Hidden in Love-Angebot - Hidden Hotel Paris<\/title>\n<meta name=\"description\" content=\"Lust auf eine romantische Auszeit in einer Oase der Ruhe und Gelassenheit? Das Paket \u201eHidden in Love\u201d umfasst eine Flasche Champagner, zwei Fr\u00fchst\u00fccke,\" \/>\n<meta name=\"robots\" content=\"index, follow, max-snippet:-1, max-image-preview:large, max-video-preview:-1\" \/>\n<link rel=\"canonical\" href=\"https:\/\/hidden-hotel.com\/de\/versteckte-angebote\/hidden-in-love-angebot\/\" \/>\n<meta property=\"og:locale\" content=\"de_DE\" \/>\n<meta property=\"og:type\" content=\"article\" \/>\n<meta property=\"og:title\" content=\"Hidden in Love-Angebot - Hidden Hotel Paris\" \/>\n<meta property=\"og:description\" content=\"Lust auf eine romantische Auszeit in einer Oase der Ruhe und Gelassenheit? Das Paket \u201eHidden in Love\u201d umfasst eine Flasche Champagner, zwei Fr\u00fchst\u00fccke,\" \/>\n<meta property=\"og:url\" content=\"https:\/\/hidden-hotel.com\/de\/versteckte-angebote\/hidden-in-love-angebot\/\" \/>\n<meta property=\"og:site_name\" content=\"Hidden Hotel Paris\" \/>\n<meta property=\"article:modified_time\" content=\"2025-10-07T13:56:36+00:00\" \/>\n<meta property=\"og:image\" content=\"https:\/\/hidden-hotel.com\/wp-content\/uploads\/sites\/209\/2022\/02\/HIDDEN-HOTEL-PARIS-17-ST-VALENTIN-04.jpg\" \/>\n\t<meta property=\"og:image:width\" content=\"1284\" \/>\n\t<meta property=\"og:image:height\" content=\"711\" \/>\n\t<meta property=\"og:image:type\" content=\"image\/jpeg\" \/>\n<meta name=\"twitter:card\" content=\"summary_large_image\" \/>\n<meta name=\"twitter:label1\" content=\"Gesch\u00e4tzte Lesezeit\" \/>\n\t<meta name=\"twitter:data1\" content=\"1 Minute\" \/>\n<script type=\"application\/ld+json\" class=\"yoast-schema-graph\">{\"@context\":\"https:\/\/schema.org\",\"@graph\":[{\"@type\":\"WebPage\",\"@id\":\"https:\/\/hidden-hotel.com\/de\/versteckte-angebote\/hidden-in-love-angebot\/\",\"url\":\"https:\/\/hidden-hotel.com\/de\/versteckte-angebote\/hidden-in-love-angebot\/\",\"name\":\"Hidden in Love-Angebot - Hidden Hotel Paris\",\"isPartOf\":{\"@id\":\"https:\/\/hidden-hotel.com\/de\/#website\"},\"primaryImageOfPage\":{\"@id\":\"https:\/\/hidden-hotel.com\/de\/versteckte-angebote\/hidden-in-love-angebot\/#primaryimage\"},\"image\":{\"@id\":\"https:\/\/hidden-hotel.com\/de\/versteckte-angebote\/hidden-in-love-angebot\/#primaryimage\"},\"thumbnailUrl\":\"https:\/\/hidden-hotel.com\/wp-content\/uploads\/sites\/209\/2022\/02\/HIDDEN-HOTEL-PARIS-17-ST-VALENTIN-04.jpg\",\"datePublished\":\"2021-08-03T16:41:12+00:00\",\"dateModified\":\"2025-10-07T13:56:36+00:00\",\"description\":\"Lust auf eine romantische Auszeit in einer Oase der Ruhe und Gelassenheit? Das Paket \u201eHidden in Love\u201d umfasst eine Flasche Champagner, zwei Fr\u00fchst\u00fccke,\",\"breadcrumb\":{\"@id\":\"https:\/\/hidden-hotel.com\/de\/versteckte-angebote\/hidden-in-love-angebot\/#breadcrumb\"},\"inLanguage\":\"de-DE\",\"potentialAction\":[{\"@type\":\"ReadAction\",\"target\":[\"https:\/\/hidden-hotel.com\/de\/versteckte-angebote\/hidden-in-love-angebot\/\"]}]},{\"@type\":\"ImageObject\",\"inLanguage\":\"de-DE\",\"@id\":\"https:\/\/hidden-hotel.com\/de\/versteckte-angebote\/hidden-in-love-angebot\/#primaryimage\",\"url\":\"https:\/\/hidden-hotel.com\/wp-content\/uploads\/sites\/209\/2022\/02\/HIDDEN-HOTEL-PARIS-17-ST-VALENTIN-04.jpg\",\"contentUrl\":\"https:\/\/hidden-hotel.com\/wp-content\/uploads\/sites\/209\/2022\/02\/HIDDEN-HOTEL-PARIS-17-ST-VALENTIN-04.jpg\",\"width\":1284,\"height\":711,\"caption\":\"Hidden Hotel Paris\"},{\"@type\":\"BreadcrumbList\",\"@id\":\"https:\/\/hidden-hotel.com\/de\/versteckte-angebote\/hidden-in-love-angebot\/#breadcrumb\",\"itemListElement\":[{\"@type\":\"ListItem\",\"position\":1,\"name\":\"Home\",\"item\":\"https:\/\/hidden-hotel.com\/de\/\"},{\"@type\":\"ListItem\",\"position\":2,\"name\":\"Versteckte Angebote\",\"item\":\"https:\/\/hidden-hotel.com\/de\/versteckte-angebote\/\"},{\"@type\":\"ListItem\",\"position\":3,\"name\":\"Hidden in Love-Angebot\"}]},{\"@type\":\"WebSite\",\"@id\":\"https:\/\/hidden-hotel.com\/de\/#website\",\"url\":\"https:\/\/hidden-hotel.com\/de\/\",\"name\":\"Hidden Hotel Paris\",\"description\":\"Just another ms.decms.eu site\",\"potentialAction\":[{\"@type\":\"SearchAction\",\"target\":{\"@type\":\"EntryPoint\",\"urlTemplate\":\"https:\/\/hidden-hotel.com\/de\/?s={search_term_string}\"},\"query-input\":{\"@type\":\"PropertyValueSpecification\",\"valueRequired\":true,\"valueName\":\"search_term_string\"}}],\"inLanguage\":\"de-DE\"}]}<\/script>\n<!-- \/ Yoast SEO plugin. -->","yoast_head_json":{"title":"Hidden in Love-Angebot - Hidden Hotel Paris","description":"Lust auf eine romantische Auszeit in einer Oase der Ruhe und Gelassenheit? Das Paket \u201eHidden in Love\u201d umfasst eine Flasche Champagner, zwei Fr\u00fchst\u00fccke,","robots":{"index":"index","follow":"follow","max-snippet":"max-snippet:-1","max-image-preview":"max-image-preview:large","max-video-preview":"max-video-preview:-1"},"canonical":"https:\/\/hidden-hotel.com\/de\/versteckte-angebote\/hidden-in-love-angebot\/","og_locale":"de_DE","og_type":"article","og_title":"Hidden in Love-Angebot - Hidden Hotel Paris","og_description":"Lust auf eine romantische Auszeit in einer Oase der Ruhe und Gelassenheit? Das Paket \u201eHidden in Love\u201d umfasst eine Flasche Champagner, zwei Fr\u00fchst\u00fccke,","og_url":"https:\/\/hidden-hotel.com\/de\/versteckte-angebote\/hidden-in-love-angebot\/","og_site_name":"Hidden Hotel Paris","article_modified_time":"2025-10-07T13:56:36+00:00","og_image":[{"width":1284,"height":711,"url":"https:\/\/hidden-hotel.com\/wp-content\/uploads\/sites\/209\/2022\/02\/HIDDEN-HOTEL-PARIS-17-ST-VALENTIN-04.jpg","type":"image\/jpeg"}],"twitter_card":"summary_large_image","twitter_misc":{"Gesch\u00e4tzte Lesezeit":"1 Minute"},"schema":{"@context":"https:\/\/schema.org","@graph":[{"@type":"WebPage","@id":"https:\/\/hidden-hotel.com\/de\/versteckte-angebote\/hidden-in-love-angebot\/","url":"https:\/\/hidden-hotel.com\/de\/versteckte-angebote\/hidden-in-love-angebot\/","name":"Hidden in Love-Angebot - Hidden Hotel Paris","isPartOf":{"@id":"https:\/\/hidden-hotel.com\/de\/#website"},"primaryImageOfPage":{"@id":"https:\/\/hidden-hotel.com\/de\/versteckte-angebote\/hidden-in-love-angebot\/#primaryimage"},"image":{"@id":"https:\/\/hidden-hotel.com\/de\/versteckte-angebote\/hidden-in-love-angebot\/#primaryimage"},"thumbnailUrl":"https:\/\/hidden-hotel.com\/wp-content\/uploads\/sites\/209\/2022\/02\/HIDDEN-HOTEL-PARIS-17-ST-VALENTIN-04.jpg","datePublished":"2021-08-03T16:41:12+00:00","dateModified":"2025-10-07T13:56:36+00:00","description":"Lust auf eine romantische Auszeit in einer Oase der Ruhe und Gelassenheit? Das Paket \u201eHidden in Love\u201d umfasst eine Flasche Champagner, zwei Fr\u00fchst\u00fccke,","breadcrumb":{"@id":"https:\/\/hidden-hotel.com\/de\/versteckte-angebote\/hidden-in-love-angebot\/#breadcrumb"},"inLanguage":"de-DE","potentialAction":[{"@type":"ReadAction","target":["https:\/\/hidden-hotel.com\/de\/versteckte-angebote\/hidden-in-love-angebot\/"]}]},{"@type":"ImageObject","inLanguage":"de-DE","@id":"https:\/\/hidden-hotel.com\/de\/versteckte-angebote\/hidden-in-love-angebot\/#primaryimage","url":"https:\/\/hidden-hotel.com\/wp-content\/uploads\/sites\/209\/2022\/02\/HIDDEN-HOTEL-PARIS-17-ST-VALENTIN-04.jpg","contentUrl":"https:\/\/hidden-hotel.com\/wp-content\/uploads\/sites\/209\/2022\/02\/HIDDEN-HOTEL-PARIS-17-ST-VALENTIN-04.jpg","width":1284,"height":711,"caption":"Hidden Hotel Paris"},{"@type":"BreadcrumbList","@id":"https:\/\/hidden-hotel.com\/de\/versteckte-angebote\/hidden-in-love-angebot\/#breadcrumb","itemListElement":[{"@type":"ListItem","position":1,"name":"Home","item":"https:\/\/hidden-hotel.com\/de\/"},{"@type":"ListItem","position":2,"name":"Versteckte Angebote","item":"https:\/\/hidden-hotel.com\/de\/versteckte-angebote\/"},{"@type":"ListItem","position":3,"name":"Hidden in Love-Angebot"}]},{"@type":"WebSite","@id":"https:\/\/hidden-hotel.com\/de\/#website","url":"https:\/\/hidden-hotel.com\/de\/","name":"Hidden Hotel Paris","description":"Just another ms.decms.eu site","potentialAction":[{"@type":"SearchAction","target":{"@type":"EntryPoint","urlTemplate":"https:\/\/hidden-hotel.com\/de\/?s={search_term_string}"},"query-input":{"@type":"PropertyValueSpecification","valueRequired":true,"valueName":"search_term_string"}}],"inLanguage":"de-DE"}]}},"acf":[],"_links":{"self":[{"href":"https:\/\/hidden-hotel.com\/de\/wp-json\/wp\/v2\/pages\/1502","targetHints":{"allow":["GET"]}}],"collection":[{"href":"https:\/\/hidden-hotel.com\/de\/wp-json\/wp\/v2\/pages"}],"about":[{"href":"https:\/\/hidden-hotel.com\/de\/wp-json\/wp\/v2\/types\/page"}],"author":[{"embeddable":true,"href":"https:\/\/hidden-hotel.com\/de\/wp-json\/wp\/v2\/users\/134"}],"replies":[{"embeddable":true,"href":"https:\/\/hidden-hotel.com\/de\/wp-json\/wp\/v2\/comments?post=1502"}],"version-history":[{"count":0,"href":"https:\/\/hidden-hotel.com\/de\/wp-json\/wp\/v2\/pages\/1502\/revisions"}],"up":[{"embeddable":true,"href":"https:\/\/hidden-hotel.com\/de\/wp-json\/wp\/v2\/pages\/1498"}],"wp:featuredmedia":[{"embeddable":true,"href":"https:\/\/hidden-hotel.com\/de\/wp-json\/wp\/v2\/media\/2627"}],"wp:attachment":[{"href":"https:\/\/hidden-hotel.com\/de\/wp-json\/wp\/v2\/media?parent=1502"}],"curies":[{"name":"wp","href":"https:\/\/api.w.org\/{rel}","templated":true}]}}