{"id":2477,"date":"2021-12-07T11:43:03","date_gmt":"2021-12-07T11:43:03","guid":{"rendered":"https:\/\/hidden.ms.decms.eu\/eco-responsable\/"},"modified":"2024-08-08T13:16:01","modified_gmt":"2024-08-08T13:16:01","slug":"eco-responsable","status":"publish","type":"page","link":"https:\/\/hidden-hotel.com\/de\/eco-responsable\/","title":{"rendered":"Ein umweltbewusstes Hotel"},"content":{"rendered":"<p>Jede Initiative, wenn auch noch so klein, z\u00e4hlt f\u00fcr die Erhaltung unseres Planeten. Deshalb setzt sich das Hidden Hotel setzt sich sehr f\u00fcr Nachhaltigkeit ein und hat sich deshalb f\u00fcr eine Partnerschaft mit Green Globe entschieden. Green Globe ist das erste weltweite Programm zur Zertifizierung des Umweltbewusstseins, das speziell f\u00fcr die Reise- und Tourismusindustrie entwickelt wurde. Als zertifiziertes Mitglied von Green Globe wird das Hidden Hotel j\u00e4hrlich von einem unabh\u00e4ngigen externen Auditor \u00fcberpr\u00fcft.<\/p>\n<p>Wir denken heute bei allen Entscheidungen, die wir treffen, \u00fcber die nachhaltigste L\u00f6sung nach.<\/p>\n<p>Ob Innenarchitektur, Einkauf oder M\u00fcllentsorgung, Nachhaltigkeit ist uns sehr wichtig.<\/p>\n<p>Die folgenden Ma\u00dfnahmen wurden in unserem Hotel umgesetzt.<\/p>\n","protected":false},"excerpt":{"rendered":"<p>Jede Initiative, wenn auch noch so klein, z\u00e4hlt f\u00fcr die Erhaltung unseres Planeten. Deshalb setzt sich das Hidden Hotel setzt sich sehr f\u00fcr Nachhaltigkeit ein und hat sich deshalb f\u00fcr eine Partnerschaft mit Green Globe entschieden. Green Globe ist das erste weltweite Programm zur Zertifizierung des Umweltbewusstseins, das speziell f\u00fcr die Reise- und Tourismusindustrie entwickelt [&hellip;]<\/p>\n","protected":false},"author":5,"featured_media":2384,"parent":0,"menu_order":0,"comment_status":"closed","ping_status":"closed","template":"template-default-4.php","meta":{"footnotes":""},"class_list":["post-2477","page","type-page","status-publish","has-post-thumbnail","hentry"],"yoast_head":"<!-- This site is optimized with the Yoast SEO plugin v26.9 - https:\/\/yoast.com\/product\/yoast-seo-wordpress\/ -->\n<title>Ein umweltbewusstes Hotel - Hidden Hotel Paris<\/title>\n<meta name=\"description\" content=\"Jede Initiative, wenn auch noch so klein, z\u00e4hlt f\u00fcr die Erhaltung unseres Planeten. Deshalb setzt sich das Hidden Hotel setzt sich sehr f\u00fcr Nachhaltigkeit\" \/>\n<meta name=\"robots\" content=\"index, follow, max-snippet:-1, max-image-preview:large, max-video-preview:-1\" \/>\n<link rel=\"canonical\" href=\"https:\/\/hidden-hotel.com\/de\/eco-responsable\/\" \/>\n<meta property=\"og:locale\" content=\"de_DE\" \/>\n<meta property=\"og:type\" content=\"article\" \/>\n<meta property=\"og:title\" content=\"Ein umweltbewusstes Hotel - Hidden Hotel Paris\" \/>\n<meta property=\"og:description\" content=\"Jede Initiative, wenn auch noch so klein, z\u00e4hlt f\u00fcr die Erhaltung unseres Planeten. Deshalb setzt sich das Hidden Hotel setzt sich sehr f\u00fcr Nachhaltigkeit\" \/>\n<meta property=\"og:url\" content=\"https:\/\/hidden-hotel.com\/de\/eco-responsable\/\" \/>\n<meta property=\"og:site_name\" content=\"Hidden Hotel Paris\" \/>\n<meta property=\"article:modified_time\" content=\"2024-08-08T13:16:01+00:00\" \/>\n<meta property=\"og:image\" content=\"https:\/\/hidden-hotel.com\/wp-content\/uploads\/sites\/209\/2021\/12\/green-globe.png\" \/>\n\t<meta property=\"og:image:width\" content=\"377\" \/>\n\t<meta property=\"og:image:height\" content=\"377\" \/>\n\t<meta property=\"og:image:type\" content=\"image\/png\" \/>\n<meta name=\"twitter:card\" content=\"summary_large_image\" \/>\n<meta name=\"twitter:label1\" content=\"Gesch\u00e4tzte Lesezeit\" \/>\n\t<meta name=\"twitter:data1\" content=\"1 Minute\" \/>\n<script type=\"application\/ld+json\" class=\"yoast-schema-graph\">{\"@context\":\"https:\/\/schema.org\",\"@graph\":[{\"@type\":\"WebPage\",\"@id\":\"https:\/\/hidden-hotel.com\/de\/eco-responsable\/\",\"url\":\"https:\/\/hidden-hotel.com\/de\/eco-responsable\/\",\"name\":\"Ein umweltbewusstes Hotel - Hidden Hotel Paris\",\"isPartOf\":{\"@id\":\"https:\/\/hidden-hotel.com\/de\/#website\"},\"primaryImageOfPage\":{\"@id\":\"https:\/\/hidden-hotel.com\/de\/eco-responsable\/#primaryimage\"},\"image\":{\"@id\":\"https:\/\/hidden-hotel.com\/de\/eco-responsable\/#primaryimage\"},\"thumbnailUrl\":\"https:\/\/hidden-hotel.com\/wp-content\/uploads\/sites\/209\/2021\/12\/green-globe.png\",\"datePublished\":\"2021-12-07T11:43:03+00:00\",\"dateModified\":\"2024-08-08T13:16:01+00:00\",\"description\":\"Jede Initiative, wenn auch noch so klein, z\u00e4hlt f\u00fcr die Erhaltung unseres Planeten. Deshalb setzt sich das Hidden Hotel setzt sich sehr f\u00fcr Nachhaltigkeit\",\"breadcrumb\":{\"@id\":\"https:\/\/hidden-hotel.com\/de\/eco-responsable\/#breadcrumb\"},\"inLanguage\":\"de-DE\",\"potentialAction\":[{\"@type\":\"ReadAction\",\"target\":[\"https:\/\/hidden-hotel.com\/de\/eco-responsable\/\"]}]},{\"@type\":\"ImageObject\",\"inLanguage\":\"de-DE\",\"@id\":\"https:\/\/hidden-hotel.com\/de\/eco-responsable\/#primaryimage\",\"url\":\"https:\/\/hidden-hotel.com\/wp-content\/uploads\/sites\/209\/2021\/12\/green-globe.png\",\"contentUrl\":\"https:\/\/hidden-hotel.com\/wp-content\/uploads\/sites\/209\/2021\/12\/green-globe.png\",\"width\":377,\"height\":377,\"caption\":\"Hidden Hotel Paris\"},{\"@type\":\"BreadcrumbList\",\"@id\":\"https:\/\/hidden-hotel.com\/de\/eco-responsable\/#breadcrumb\",\"itemListElement\":[{\"@type\":\"ListItem\",\"position\":1,\"name\":\"Home\",\"item\":\"https:\/\/hidden-hotel.com\/de\/\"},{\"@type\":\"ListItem\",\"position\":2,\"name\":\"Ein umweltbewusstes Hotel\"}]},{\"@type\":\"WebSite\",\"@id\":\"https:\/\/hidden-hotel.com\/de\/#website\",\"url\":\"https:\/\/hidden-hotel.com\/de\/\",\"name\":\"Hidden Hotel Paris\",\"description\":\"Just another ms.decms.eu site\",\"potentialAction\":[{\"@type\":\"SearchAction\",\"target\":{\"@type\":\"EntryPoint\",\"urlTemplate\":\"https:\/\/hidden-hotel.com\/de\/?s={search_term_string}\"},\"query-input\":{\"@type\":\"PropertyValueSpecification\",\"valueRequired\":true,\"valueName\":\"search_term_string\"}}],\"inLanguage\":\"de-DE\"}]}<\/script>\n<!-- \/ Yoast SEO plugin. -->","yoast_head_json":{"title":"Ein umweltbewusstes Hotel - Hidden Hotel Paris","description":"Jede Initiative, wenn auch noch so klein, z\u00e4hlt f\u00fcr die Erhaltung unseres Planeten. Deshalb setzt sich das Hidden Hotel setzt sich sehr f\u00fcr Nachhaltigkeit","robots":{"index":"index","follow":"follow","max-snippet":"max-snippet:-1","max-image-preview":"max-image-preview:large","max-video-preview":"max-video-preview:-1"},"canonical":"https:\/\/hidden-hotel.com\/de\/eco-responsable\/","og_locale":"de_DE","og_type":"article","og_title":"Ein umweltbewusstes Hotel - Hidden Hotel Paris","og_description":"Jede Initiative, wenn auch noch so klein, z\u00e4hlt f\u00fcr die Erhaltung unseres Planeten. Deshalb setzt sich das Hidden Hotel setzt sich sehr f\u00fcr Nachhaltigkeit","og_url":"https:\/\/hidden-hotel.com\/de\/eco-responsable\/","og_site_name":"Hidden Hotel Paris","article_modified_time":"2024-08-08T13:16:01+00:00","og_image":[{"width":377,"height":377,"url":"https:\/\/hidden-hotel.com\/wp-content\/uploads\/sites\/209\/2021\/12\/green-globe.png","type":"image\/png"}],"twitter_card":"summary_large_image","twitter_misc":{"Gesch\u00e4tzte Lesezeit":"1 Minute"},"schema":{"@context":"https:\/\/schema.org","@graph":[{"@type":"WebPage","@id":"https:\/\/hidden-hotel.com\/de\/eco-responsable\/","url":"https:\/\/hidden-hotel.com\/de\/eco-responsable\/","name":"Ein umweltbewusstes Hotel - Hidden Hotel Paris","isPartOf":{"@id":"https:\/\/hidden-hotel.com\/de\/#website"},"primaryImageOfPage":{"@id":"https:\/\/hidden-hotel.com\/de\/eco-responsable\/#primaryimage"},"image":{"@id":"https:\/\/hidden-hotel.com\/de\/eco-responsable\/#primaryimage"},"thumbnailUrl":"https:\/\/hidden-hotel.com\/wp-content\/uploads\/sites\/209\/2021\/12\/green-globe.png","datePublished":"2021-12-07T11:43:03+00:00","dateModified":"2024-08-08T13:16:01+00:00","description":"Jede Initiative, wenn auch noch so klein, z\u00e4hlt f\u00fcr die Erhaltung unseres Planeten. Deshalb setzt sich das Hidden Hotel setzt sich sehr f\u00fcr Nachhaltigkeit","breadcrumb":{"@id":"https:\/\/hidden-hotel.com\/de\/eco-responsable\/#breadcrumb"},"inLanguage":"de-DE","potentialAction":[{"@type":"ReadAction","target":["https:\/\/hidden-hotel.com\/de\/eco-responsable\/"]}]},{"@type":"ImageObject","inLanguage":"de-DE","@id":"https:\/\/hidden-hotel.com\/de\/eco-responsable\/#primaryimage","url":"https:\/\/hidden-hotel.com\/wp-content\/uploads\/sites\/209\/2021\/12\/green-globe.png","contentUrl":"https:\/\/hidden-hotel.com\/wp-content\/uploads\/sites\/209\/2021\/12\/green-globe.png","width":377,"height":377,"caption":"Hidden Hotel Paris"},{"@type":"BreadcrumbList","@id":"https:\/\/hidden-hotel.com\/de\/eco-responsable\/#breadcrumb","itemListElement":[{"@type":"ListItem","position":1,"name":"Home","item":"https:\/\/hidden-hotel.com\/de\/"},{"@type":"ListItem","position":2,"name":"Ein umweltbewusstes Hotel"}]},{"@type":"WebSite","@id":"https:\/\/hidden-hotel.com\/de\/#website","url":"https:\/\/hidden-hotel.com\/de\/","name":"Hidden Hotel Paris","description":"Just another ms.decms.eu site","potentialAction":[{"@type":"SearchAction","target":{"@type":"EntryPoint","urlTemplate":"https:\/\/hidden-hotel.com\/de\/?s={search_term_string}"},"query-input":{"@type":"PropertyValueSpecification","valueRequired":true,"valueName":"search_term_string"}}],"inLanguage":"de-DE"}]}},"acf":[],"_links":{"self":[{"href":"https:\/\/hidden-hotel.com\/de\/wp-json\/wp\/v2\/pages\/2477","targetHints":{"allow":["GET"]}}],"collection":[{"href":"https:\/\/hidden-hotel.com\/de\/wp-json\/wp\/v2\/pages"}],"about":[{"href":"https:\/\/hidden-hotel.com\/de\/wp-json\/wp\/v2\/types\/page"}],"author":[{"embeddable":true,"href":"https:\/\/hidden-hotel.com\/de\/wp-json\/wp\/v2\/users\/5"}],"replies":[{"embeddable":true,"href":"https:\/\/hidden-hotel.com\/de\/wp-json\/wp\/v2\/comments?post=2477"}],"version-history":[{"count":0,"href":"https:\/\/hidden-hotel.com\/de\/wp-json\/wp\/v2\/pages\/2477\/revisions"}],"wp:featuredmedia":[{"embeddable":true,"href":"https:\/\/hidden-hotel.com\/de\/wp-json\/wp\/v2\/media\/2384"}],"wp:attachment":[{"href":"https:\/\/hidden-hotel.com\/de\/wp-json\/wp\/v2\/media?parent=2477"}],"curies":[{"name":"wp","href":"https:\/\/api.w.org\/{rel}","templated":true}]}}