{"id":601,"date":"2020-11-03T11:33:54","date_gmt":"2020-11-03T11:33:54","guid":{"rendered":"https:\/\/hidden.ms.decms.eu\/a-propos\/"},"modified":"2022-02-22T13:15:00","modified_gmt":"2022-02-22T13:15:00","slug":"ueber-uns","status":"publish","type":"page","link":"https:\/\/hidden-hotel.com\/de\/ueber-uns\/","title":{"rendered":"L\u2019Esprit &#8222;Hidden&#8220;"},"content":{"rendered":"<p>Das Hidden Hotel \u00f6ffnet seine Tore zu seiner <strong>geheimnisvollen<\/strong>, modernen und zugleich sehr intimen <strong>Welt<\/strong>. Diskret begr\u00fc\u00dfen wir Sie hinter einem massiven Holzeingang, der inspirierte Kombinationen aus reinen, nachhaltigen Materialien freigibt: Naturstein, Holz, Leinen, Leder und Schiefer verschmelzen zu einer Einheit, die im Laufe der Zeit erst ihre ganze Sch\u00f6nheit erlangt. Unser Bestreben gilt einer <strong>makellosen Pr\u00e4sentation<\/strong> sowohl der Privat- als auch der Gemeinschaftsbereiche.<\/p>\n<p>Aufmerksamer, freundlicher und unkomplizierter Empfang \u2013 so lautet die Devise, das Motto unseres Teams.<\/p>\n<p>Gerne teilen wir mit Ihnen die \u201everborgenen\u201c Geheimnisse von Paris, damit Sie Geheimtipps, versteckte Bars und \u00fcberraschende Restaurants entdecken, die nur Kenner besuchen und die Sie nicht verpassen sollten.<\/p>\n<p>Unser charmantes Hotel verf\u00fcgt \u00fcber 35 einzigartige Zimmer, die zum <strong>Entspannen einladen<\/strong>. Das 4-Sterne-Hotel zeichnet sich durch sein zeitloses Design und den hervorragenden Service aus, die Wohlbefinden und Luxus vereinen, um Ihren Aufenthalt unvergesslich zu machen.<\/p>\n<p>Entfliehen Sie der Hektik des Pariser Lebens in das <strong>naturverbundene Hidden Hotel!<\/strong><\/p>\n","protected":false},"excerpt":{"rendered":"<p>Das Hidden Hotel \u00f6ffnet seine Tore zu seiner geheimnisvollen, modernen und zugleich sehr intimen Welt. Diskret begr\u00fc\u00dfen wir Sie hinter einem massiven Holzeingang, der inspirierte Kombinationen aus reinen, nachhaltigen Materialien freigibt: Naturstein, Holz, Leinen, Leder und Schiefer verschmelzen zu einer Einheit, die im Laufe der Zeit erst ihre ganze Sch\u00f6nheit erlangt. Unser Bestreben gilt einer [&hellip;]<\/p>\n","protected":false},"author":5,"featured_media":0,"parent":0,"menu_order":0,"comment_status":"closed","ping_status":"closed","template":"template-default-3.php","meta":{"footnotes":""},"class_list":["post-601","page","type-page","status-publish","hentry"],"yoast_head":"<!-- This site is optimized with the Yoast SEO plugin v26.9 - https:\/\/yoast.com\/product\/yoast-seo-wordpress\/ -->\n<title>L\u2019Esprit &quot;Hidden&quot; - Hidden Hotel Paris<\/title>\n<meta name=\"description\" content=\"Das Hidden Hotel \u00f6ffnet seine Tore zu seiner geheimnisvollen, modernen und zugleich sehr intimen Welt. Diskret begr\u00fc\u00dfen wir Sie hinter einem massiven\" \/>\n<meta name=\"robots\" content=\"index, follow, max-snippet:-1, max-image-preview:large, max-video-preview:-1\" \/>\n<link rel=\"canonical\" href=\"https:\/\/hidden-hotel.com\/de\/ueber-uns\/\" \/>\n<meta property=\"og:locale\" content=\"de_DE\" \/>\n<meta property=\"og:type\" content=\"article\" \/>\n<meta property=\"og:title\" content=\"L\u2019Esprit &quot;Hidden&quot; - Hidden Hotel Paris\" \/>\n<meta property=\"og:description\" content=\"Das Hidden Hotel \u00f6ffnet seine Tore zu seiner geheimnisvollen, modernen und zugleich sehr intimen Welt. Diskret begr\u00fc\u00dfen wir Sie hinter einem massiven\" \/>\n<meta property=\"og:url\" content=\"https:\/\/hidden-hotel.com\/de\/ueber-uns\/\" \/>\n<meta property=\"og:site_name\" content=\"Hidden Hotel Paris\" \/>\n<meta property=\"article:modified_time\" content=\"2022-02-22T13:15:00+00:00\" \/>\n<meta name=\"twitter:card\" content=\"summary_large_image\" \/>\n<meta name=\"twitter:label1\" content=\"Gesch\u00e4tzte Lesezeit\" \/>\n\t<meta name=\"twitter:data1\" content=\"1 Minute\" \/>\n<script type=\"application\/ld+json\" class=\"yoast-schema-graph\">{\"@context\":\"https:\/\/schema.org\",\"@graph\":[{\"@type\":\"WebPage\",\"@id\":\"https:\/\/hidden-hotel.com\/de\/ueber-uns\/\",\"url\":\"https:\/\/hidden-hotel.com\/de\/ueber-uns\/\",\"name\":\"L\u2019Esprit \\\"Hidden\\\" - Hidden Hotel Paris\",\"isPartOf\":{\"@id\":\"https:\/\/hidden-hotel.com\/de\/#website\"},\"datePublished\":\"2020-11-03T11:33:54+00:00\",\"dateModified\":\"2022-02-22T13:15:00+00:00\",\"description\":\"Das Hidden Hotel \u00f6ffnet seine Tore zu seiner geheimnisvollen, modernen und zugleich sehr intimen Welt. Diskret begr\u00fc\u00dfen wir Sie hinter einem massiven\",\"breadcrumb\":{\"@id\":\"https:\/\/hidden-hotel.com\/de\/ueber-uns\/#breadcrumb\"},\"inLanguage\":\"de-DE\",\"potentialAction\":[{\"@type\":\"ReadAction\",\"target\":[\"https:\/\/hidden-hotel.com\/de\/ueber-uns\/\"]}]},{\"@type\":\"BreadcrumbList\",\"@id\":\"https:\/\/hidden-hotel.com\/de\/ueber-uns\/#breadcrumb\",\"itemListElement\":[{\"@type\":\"ListItem\",\"position\":1,\"name\":\"Home\",\"item\":\"https:\/\/hidden-hotel.com\/de\/\"},{\"@type\":\"ListItem\",\"position\":2,\"name\":\"L\u2019Esprit &#8222;Hidden&#8220;\"}]},{\"@type\":\"WebSite\",\"@id\":\"https:\/\/hidden-hotel.com\/de\/#website\",\"url\":\"https:\/\/hidden-hotel.com\/de\/\",\"name\":\"Hidden Hotel Paris\",\"description\":\"Just another ms.decms.eu site\",\"potentialAction\":[{\"@type\":\"SearchAction\",\"target\":{\"@type\":\"EntryPoint\",\"urlTemplate\":\"https:\/\/hidden-hotel.com\/de\/?s={search_term_string}\"},\"query-input\":{\"@type\":\"PropertyValueSpecification\",\"valueRequired\":true,\"valueName\":\"search_term_string\"}}],\"inLanguage\":\"de-DE\"}]}<\/script>\n<!-- \/ Yoast SEO plugin. -->","yoast_head_json":{"title":"L\u2019Esprit \"Hidden\" - Hidden Hotel Paris","description":"Das Hidden Hotel \u00f6ffnet seine Tore zu seiner geheimnisvollen, modernen und zugleich sehr intimen Welt. Diskret begr\u00fc\u00dfen wir Sie hinter einem massiven","robots":{"index":"index","follow":"follow","max-snippet":"max-snippet:-1","max-image-preview":"max-image-preview:large","max-video-preview":"max-video-preview:-1"},"canonical":"https:\/\/hidden-hotel.com\/de\/ueber-uns\/","og_locale":"de_DE","og_type":"article","og_title":"L\u2019Esprit \"Hidden\" - Hidden Hotel Paris","og_description":"Das Hidden Hotel \u00f6ffnet seine Tore zu seiner geheimnisvollen, modernen und zugleich sehr intimen Welt. Diskret begr\u00fc\u00dfen wir Sie hinter einem massiven","og_url":"https:\/\/hidden-hotel.com\/de\/ueber-uns\/","og_site_name":"Hidden Hotel Paris","article_modified_time":"2022-02-22T13:15:00+00:00","twitter_card":"summary_large_image","twitter_misc":{"Gesch\u00e4tzte Lesezeit":"1 Minute"},"schema":{"@context":"https:\/\/schema.org","@graph":[{"@type":"WebPage","@id":"https:\/\/hidden-hotel.com\/de\/ueber-uns\/","url":"https:\/\/hidden-hotel.com\/de\/ueber-uns\/","name":"L\u2019Esprit \"Hidden\" - Hidden Hotel Paris","isPartOf":{"@id":"https:\/\/hidden-hotel.com\/de\/#website"},"datePublished":"2020-11-03T11:33:54+00:00","dateModified":"2022-02-22T13:15:00+00:00","description":"Das Hidden Hotel \u00f6ffnet seine Tore zu seiner geheimnisvollen, modernen und zugleich sehr intimen Welt. Diskret begr\u00fc\u00dfen wir Sie hinter einem massiven","breadcrumb":{"@id":"https:\/\/hidden-hotel.com\/de\/ueber-uns\/#breadcrumb"},"inLanguage":"de-DE","potentialAction":[{"@type":"ReadAction","target":["https:\/\/hidden-hotel.com\/de\/ueber-uns\/"]}]},{"@type":"BreadcrumbList","@id":"https:\/\/hidden-hotel.com\/de\/ueber-uns\/#breadcrumb","itemListElement":[{"@type":"ListItem","position":1,"name":"Home","item":"https:\/\/hidden-hotel.com\/de\/"},{"@type":"ListItem","position":2,"name":"L\u2019Esprit &#8222;Hidden&#8220;"}]},{"@type":"WebSite","@id":"https:\/\/hidden-hotel.com\/de\/#website","url":"https:\/\/hidden-hotel.com\/de\/","name":"Hidden Hotel Paris","description":"Just another ms.decms.eu site","potentialAction":[{"@type":"SearchAction","target":{"@type":"EntryPoint","urlTemplate":"https:\/\/hidden-hotel.com\/de\/?s={search_term_string}"},"query-input":{"@type":"PropertyValueSpecification","valueRequired":true,"valueName":"search_term_string"}}],"inLanguage":"de-DE"}]}},"acf":[],"_links":{"self":[{"href":"https:\/\/hidden-hotel.com\/de\/wp-json\/wp\/v2\/pages\/601","targetHints":{"allow":["GET"]}}],"collection":[{"href":"https:\/\/hidden-hotel.com\/de\/wp-json\/wp\/v2\/pages"}],"about":[{"href":"https:\/\/hidden-hotel.com\/de\/wp-json\/wp\/v2\/types\/page"}],"author":[{"embeddable":true,"href":"https:\/\/hidden-hotel.com\/de\/wp-json\/wp\/v2\/users\/5"}],"replies":[{"embeddable":true,"href":"https:\/\/hidden-hotel.com\/de\/wp-json\/wp\/v2\/comments?post=601"}],"version-history":[{"count":0,"href":"https:\/\/hidden-hotel.com\/de\/wp-json\/wp\/v2\/pages\/601\/revisions"}],"wp:attachment":[{"href":"https:\/\/hidden-hotel.com\/de\/wp-json\/wp\/v2\/media?parent=601"}],"curies":[{"name":"wp","href":"https:\/\/api.w.org\/{rel}","templated":true}]}}