{"id":607,"date":"2020-09-29T18:17:58","date_gmt":"2020-09-29T18:17:58","guid":{"rendered":"https:\/\/hidden.ms.decms.eu\/hidden-hotel-paris\/"},"modified":"2022-10-25T15:32:25","modified_gmt":"2022-10-25T15:32:25","slug":"hidden-hotel-paris","status":"publish","type":"page","link":"https:\/\/hidden-hotel.com\/de\/","title":{"rendered":"Home &#8211; Hidden Hotel Paris"},"content":{"rendered":"<div class=\"picto-triomphe\">\n<div class=\"picto\"><\/div>\n<p style=\"text-align: left;font-size: 18px\">Hotel <span style=\"color: #b67920\">\u2605\u2605\u2605\u2605<\/span> in Paris<br \/>\n28, rue de l\u2019Arc de Triomphe, 75017 Paris, Frankreich<br \/>\n<img loading=\"lazy\" decoding=\"async\" class=\"alignnone size-full wp-image-478\" src=\"https:\/\/hidden.ms.decms.eu\/wp-content\/uploads\/sites\/209\/2021\/02\/phone.gif\" alt=\"\" width=\"21\" height=\"21\" \/>\u00a0+33 1 40 55 03 57<br \/>\n<img loading=\"lazy\" decoding=\"async\" class=\"alignnone size-full wp-image-480\" src=\"https:\/\/hidden.ms.decms.eu\/wp-content\/uploads\/sites\/209\/2021\/02\/mail.gif\" alt=\"\" width=\"21\" height=\"21\" \/>\u00a0 <a data-trk-contact=\"intention-contact\" href=\"mailto:contact@hidden-hotel.com\">contact@hidden-hotel.com<\/a><\/p>\n<\/div>\n<p>&nbsp;<\/p>\n<p>Ein <strong>Hotel mit Cocooning-Atmosph\u00e4re<\/strong> in Paris, in dem es sich gut leben l\u00e4sst. Versteckt in einer kleinen ruhigen Stra\u00dfe, nur wenige Schritte vom Triumphbogen entfernt: das <strong>Hidden Hotel<\/strong>. Die kunstvolle Mischung aus Materialien, Farben und D\u00fcften macht es zu einem einzigartigen Ort, von dem ganz Paris tr\u00e4umt. Es macht Ihren Aufenthalt zu einem exklusiven Erlebnis und l\u00e4sst Sie vergessen, dass Sie sich im Herzen der Stadt Paris befinden.<\/p>\n","protected":false},"excerpt":{"rendered":"<p>Hotel \u2605\u2605\u2605\u2605 in Paris 28, rue de l\u2019Arc de Triomphe, 75017 Paris, Frankreich \u00a0+33 1 40 55 03 57 \u00a0 contact@hidden-hotel.com &nbsp; Ein Hotel mit Cocooning-Atmosph\u00e4re in Paris, in dem es sich gut leben l\u00e4sst. Versteckt in einer kleinen ruhigen Stra\u00dfe, nur wenige Schritte vom Triumphbogen entfernt: das Hidden Hotel. Die kunstvolle Mischung aus Materialien, [&hellip;]<\/p>\n","protected":false},"author":5,"featured_media":608,"parent":0,"menu_order":0,"comment_status":"closed","ping_status":"closed","template":"","meta":{"footnotes":""},"class_list":["post-607","page","type-page","status-publish","has-post-thumbnail","hentry"],"yoast_head":"<!-- This site is optimized with the Yoast SEO plugin v26.9 - https:\/\/yoast.com\/product\/yoast-seo-wordpress\/ -->\n<title>Home - Hidden Hotel Paris - Hidden Hotel Paris<\/title>\n<meta name=\"description\" content=\"Hotel \u2605\u2605\u2605\u2605 in Paris 28, rue de l\u2019Arc de Triomphe, 75017 Paris, Frankreich \u00a0+33 1 40 55 03 57 \u00a0 contact@hidden-hotel.com &nbsp; Ein Hotel mit\" \/>\n<meta name=\"robots\" content=\"index, follow, max-snippet:-1, max-image-preview:large, max-video-preview:-1\" \/>\n<link rel=\"canonical\" href=\"https:\/\/hidden-hotel.com\/de\/\" \/>\n<meta property=\"og:locale\" content=\"de_DE\" \/>\n<meta property=\"og:type\" content=\"article\" \/>\n<meta property=\"og:title\" content=\"Home - Hidden Hotel Paris - Hidden Hotel Paris\" \/>\n<meta property=\"og:description\" content=\"Hotel \u2605\u2605\u2605\u2605 in Paris 28, rue de l\u2019Arc de Triomphe, 75017 Paris, Frankreich \u00a0+33 1 40 55 03 57 \u00a0 contact@hidden-hotel.com &nbsp; Ein Hotel mit\" \/>\n<meta property=\"og:url\" content=\"https:\/\/hidden-hotel.com\/de\/\" \/>\n<meta property=\"og:site_name\" content=\"Hidden Hotel Paris\" \/>\n<meta property=\"article:modified_time\" content=\"2022-10-25T15:32:25+00:00\" \/>\n<meta property=\"og:image\" content=\"https:\/\/hidden-hotel.com\/wp-content\/uploads\/sites\/209\/2020\/09\/logo_Hidden-Hotel-Paris.png\" \/>\n\t<meta property=\"og:image:width\" content=\"350\" \/>\n\t<meta property=\"og:image:height\" content=\"176\" \/>\n\t<meta property=\"og:image:type\" content=\"image\/png\" \/>\n<meta name=\"twitter:card\" content=\"summary_large_image\" \/>\n<script type=\"application\/ld+json\" class=\"yoast-schema-graph\">{\"@context\":\"https:\/\/schema.org\",\"@graph\":[{\"@type\":\"WebPage\",\"@id\":\"https:\/\/hidden-hotel.com\/de\/\",\"url\":\"https:\/\/hidden-hotel.com\/de\/\",\"name\":\"Home - Hidden Hotel Paris - Hidden Hotel Paris\",\"isPartOf\":{\"@id\":\"https:\/\/hidden-hotel.com\/de\/#website\"},\"primaryImageOfPage\":{\"@id\":\"https:\/\/hidden-hotel.com\/de\/#primaryimage\"},\"image\":{\"@id\":\"https:\/\/hidden-hotel.com\/de\/#primaryimage\"},\"thumbnailUrl\":\"https:\/\/hidden-hotel.com\/wp-content\/uploads\/sites\/209\/2020\/09\/logo_Hidden-Hotel-Paris.png\",\"datePublished\":\"2020-09-29T18:17:58+00:00\",\"dateModified\":\"2022-10-25T15:32:25+00:00\",\"description\":\"Hotel \u2605\u2605\u2605\u2605 in Paris 28, rue de l\u2019Arc de Triomphe, 75017 Paris, Frankreich \u00a0+33 1 40 55 03 57 \u00a0 contact@hidden-hotel.com &nbsp; Ein Hotel mit\",\"breadcrumb\":{\"@id\":\"https:\/\/hidden-hotel.com\/de\/#breadcrumb\"},\"inLanguage\":\"de-DE\",\"potentialAction\":[{\"@type\":\"ReadAction\",\"target\":[\"https:\/\/hidden-hotel.com\/de\/\"]}]},{\"@type\":\"ImageObject\",\"inLanguage\":\"de-DE\",\"@id\":\"https:\/\/hidden-hotel.com\/de\/#primaryimage\",\"url\":\"https:\/\/hidden-hotel.com\/wp-content\/uploads\/sites\/209\/2020\/09\/logo_Hidden-Hotel-Paris.png\",\"contentUrl\":\"https:\/\/hidden-hotel.com\/wp-content\/uploads\/sites\/209\/2020\/09\/logo_Hidden-Hotel-Paris.png\",\"width\":350,\"height\":176},{\"@type\":\"BreadcrumbList\",\"@id\":\"https:\/\/hidden-hotel.com\/de\/#breadcrumb\",\"itemListElement\":[{\"@type\":\"ListItem\",\"position\":1,\"name\":\"Home\",\"item\":\"https:\/\/hidden-hotel.com\/de\/\"},{\"@type\":\"ListItem\",\"position\":2,\"name\":\"Home &#8211; Hidden Hotel Paris\"}]},{\"@type\":\"WebSite\",\"@id\":\"https:\/\/hidden-hotel.com\/de\/#website\",\"url\":\"https:\/\/hidden-hotel.com\/de\/\",\"name\":\"Hidden Hotel Paris\",\"description\":\"Just another ms.decms.eu site\",\"potentialAction\":[{\"@type\":\"SearchAction\",\"target\":{\"@type\":\"EntryPoint\",\"urlTemplate\":\"https:\/\/hidden-hotel.com\/de\/?s={search_term_string}\"},\"query-input\":{\"@type\":\"PropertyValueSpecification\",\"valueRequired\":true,\"valueName\":\"search_term_string\"}}],\"inLanguage\":\"de-DE\"}]}<\/script>\n<!-- \/ Yoast SEO plugin. -->","yoast_head_json":{"title":"Home - Hidden Hotel Paris - Hidden Hotel Paris","description":"Hotel \u2605\u2605\u2605\u2605 in Paris 28, rue de l\u2019Arc de Triomphe, 75017 Paris, Frankreich \u00a0+33 1 40 55 03 57 \u00a0 contact@hidden-hotel.com &nbsp; Ein Hotel mit","robots":{"index":"index","follow":"follow","max-snippet":"max-snippet:-1","max-image-preview":"max-image-preview:large","max-video-preview":"max-video-preview:-1"},"canonical":"https:\/\/hidden-hotel.com\/de\/","og_locale":"de_DE","og_type":"article","og_title":"Home - Hidden Hotel Paris - Hidden Hotel Paris","og_description":"Hotel \u2605\u2605\u2605\u2605 in Paris 28, rue de l\u2019Arc de Triomphe, 75017 Paris, Frankreich \u00a0+33 1 40 55 03 57 \u00a0 contact@hidden-hotel.com &nbsp; Ein Hotel mit","og_url":"https:\/\/hidden-hotel.com\/de\/","og_site_name":"Hidden Hotel Paris","article_modified_time":"2022-10-25T15:32:25+00:00","og_image":[{"width":350,"height":176,"url":"https:\/\/hidden-hotel.com\/wp-content\/uploads\/sites\/209\/2020\/09\/logo_Hidden-Hotel-Paris.png","type":"image\/png"}],"twitter_card":"summary_large_image","schema":{"@context":"https:\/\/schema.org","@graph":[{"@type":"WebPage","@id":"https:\/\/hidden-hotel.com\/de\/","url":"https:\/\/hidden-hotel.com\/de\/","name":"Home - Hidden Hotel Paris - Hidden Hotel Paris","isPartOf":{"@id":"https:\/\/hidden-hotel.com\/de\/#website"},"primaryImageOfPage":{"@id":"https:\/\/hidden-hotel.com\/de\/#primaryimage"},"image":{"@id":"https:\/\/hidden-hotel.com\/de\/#primaryimage"},"thumbnailUrl":"https:\/\/hidden-hotel.com\/wp-content\/uploads\/sites\/209\/2020\/09\/logo_Hidden-Hotel-Paris.png","datePublished":"2020-09-29T18:17:58+00:00","dateModified":"2022-10-25T15:32:25+00:00","description":"Hotel \u2605\u2605\u2605\u2605 in Paris 28, rue de l\u2019Arc de Triomphe, 75017 Paris, Frankreich \u00a0+33 1 40 55 03 57 \u00a0 contact@hidden-hotel.com &nbsp; Ein Hotel mit","breadcrumb":{"@id":"https:\/\/hidden-hotel.com\/de\/#breadcrumb"},"inLanguage":"de-DE","potentialAction":[{"@type":"ReadAction","target":["https:\/\/hidden-hotel.com\/de\/"]}]},{"@type":"ImageObject","inLanguage":"de-DE","@id":"https:\/\/hidden-hotel.com\/de\/#primaryimage","url":"https:\/\/hidden-hotel.com\/wp-content\/uploads\/sites\/209\/2020\/09\/logo_Hidden-Hotel-Paris.png","contentUrl":"https:\/\/hidden-hotel.com\/wp-content\/uploads\/sites\/209\/2020\/09\/logo_Hidden-Hotel-Paris.png","width":350,"height":176},{"@type":"BreadcrumbList","@id":"https:\/\/hidden-hotel.com\/de\/#breadcrumb","itemListElement":[{"@type":"ListItem","position":1,"name":"Home","item":"https:\/\/hidden-hotel.com\/de\/"},{"@type":"ListItem","position":2,"name":"Home &#8211; Hidden Hotel Paris"}]},{"@type":"WebSite","@id":"https:\/\/hidden-hotel.com\/de\/#website","url":"https:\/\/hidden-hotel.com\/de\/","name":"Hidden Hotel Paris","description":"Just another ms.decms.eu site","potentialAction":[{"@type":"SearchAction","target":{"@type":"EntryPoint","urlTemplate":"https:\/\/hidden-hotel.com\/de\/?s={search_term_string}"},"query-input":{"@type":"PropertyValueSpecification","valueRequired":true,"valueName":"search_term_string"}}],"inLanguage":"de-DE"}]}},"acf":[],"_links":{"self":[{"href":"https:\/\/hidden-hotel.com\/de\/wp-json\/wp\/v2\/pages\/607","targetHints":{"allow":["GET"]}}],"collection":[{"href":"https:\/\/hidden-hotel.com\/de\/wp-json\/wp\/v2\/pages"}],"about":[{"href":"https:\/\/hidden-hotel.com\/de\/wp-json\/wp\/v2\/types\/page"}],"author":[{"embeddable":true,"href":"https:\/\/hidden-hotel.com\/de\/wp-json\/wp\/v2\/users\/5"}],"replies":[{"embeddable":true,"href":"https:\/\/hidden-hotel.com\/de\/wp-json\/wp\/v2\/comments?post=607"}],"version-history":[{"count":0,"href":"https:\/\/hidden-hotel.com\/de\/wp-json\/wp\/v2\/pages\/607\/revisions"}],"wp:featuredmedia":[{"embeddable":true,"href":"https:\/\/hidden-hotel.com\/de\/wp-json\/wp\/v2\/media\/608"}],"wp:attachment":[{"href":"https:\/\/hidden-hotel.com\/de\/wp-json\/wp\/v2\/media?parent=607"}],"curies":[{"name":"wp","href":"https:\/\/api.w.org\/{rel}","templated":true}]}}