{"id":615,"date":"2021-02-17T13:06:38","date_gmt":"2021-02-17T13:06:38","guid":{"rendered":"https:\/\/hidden.ms.decms.eu\/apero-room-service-petit-dejeuner\/"},"modified":"2025-12-18T09:57:14","modified_gmt":"2025-12-18T09:57:14","slug":"aperitif-zimmerservice-fruehstueck","status":"publish","type":"page","link":"https:\/\/hidden-hotel.com\/de\/aperitif-zimmerservice-fruehstueck\/","title":{"rendered":"Food &amp; Drinks"},"content":{"rendered":"<p>Sie sind im Hidden Hotel, um eine angenehme Nacht zu verbringen und andere sch\u00f6ne Dinge zu genie\u00dfen&#8230; Entspannen Sie sich in der Lounge bei einem guten Glas Wein oder einem Glas Champagner.<\/p>\n<p>Um den Tag gut zu beginnen, ist es Zeit f\u00fcr ein leckeres Fr\u00fchst\u00fcck mit hausgemachten Produkten, frisch gepressten S\u00e4ften und S\u00e4ften von Alain Milliat.<\/p>\n","protected":false},"excerpt":{"rendered":"<p>Sie sind im Hidden Hotel, um eine angenehme Nacht zu verbringen und andere sch\u00f6ne Dinge zu genie\u00dfen&#8230; Entspannen Sie sich in der Lounge bei einem guten Glas Wein oder einem Glas Champagner. Um den Tag gut zu beginnen, ist es Zeit f\u00fcr ein leckeres Fr\u00fchst\u00fcck mit hausgemachten Produkten, frisch gepressten S\u00e4ften und S\u00e4ften von Alain [&hellip;]<\/p>\n","protected":false},"author":5,"featured_media":617,"parent":0,"menu_order":0,"comment_status":"closed","ping_status":"closed","template":"template-services.php","meta":{"footnotes":""},"class_list":["post-615","page","type-page","status-publish","has-post-thumbnail","hentry"],"yoast_head":"<!-- This site is optimized with the Yoast SEO plugin v26.9 - https:\/\/yoast.com\/product\/yoast-seo-wordpress\/ -->\n<title>Food &amp; Drinks - Hidden Hotel Paris<\/title>\n<meta name=\"description\" content=\"Sie sind im Hidden Hotel, um eine angenehme Nacht zu verbringen und andere sch\u00f6ne Dinge zu genie\u00dfen... Entspannen Sie sich in der Lounge bei einem guten\" \/>\n<meta name=\"robots\" content=\"index, follow, max-snippet:-1, max-image-preview:large, max-video-preview:-1\" \/>\n<link rel=\"canonical\" href=\"https:\/\/hidden-hotel.com\/de\/aperitif-zimmerservice-fruehstueck\/\" \/>\n<meta property=\"og:locale\" content=\"de_DE\" \/>\n<meta property=\"og:type\" content=\"article\" \/>\n<meta property=\"og:title\" content=\"Food &amp; Drinks - Hidden Hotel Paris\" \/>\n<meta property=\"og:description\" content=\"Sie sind im Hidden Hotel, um eine angenehme Nacht zu verbringen und andere sch\u00f6ne Dinge zu genie\u00dfen... Entspannen Sie sich in der Lounge bei einem guten\" \/>\n<meta property=\"og:url\" content=\"https:\/\/hidden-hotel.com\/de\/aperitif-zimmerservice-fruehstueck\/\" \/>\n<meta property=\"og:site_name\" content=\"Hidden Hotel Paris\" \/>\n<meta property=\"article:modified_time\" content=\"2025-12-18T09:57:14+00:00\" \/>\n<meta property=\"og:image\" content=\"https:\/\/hidden-hotel.com\/wp-content\/uploads\/sites\/209\/2021\/04\/th_HIDDEN-HOTEL-PARIS-17-PETIT-DEJEUNER-13.jpg\" \/>\n\t<meta property=\"og:image:width\" content=\"1000\" \/>\n\t<meta property=\"og:image:height\" content=\"640\" \/>\n\t<meta property=\"og:image:type\" content=\"image\/jpeg\" \/>\n<meta name=\"twitter:card\" content=\"summary_large_image\" \/>\n<script type=\"application\/ld+json\" class=\"yoast-schema-graph\">{\"@context\":\"https:\/\/schema.org\",\"@graph\":[{\"@type\":\"WebPage\",\"@id\":\"https:\/\/hidden-hotel.com\/de\/aperitif-zimmerservice-fruehstueck\/\",\"url\":\"https:\/\/hidden-hotel.com\/de\/aperitif-zimmerservice-fruehstueck\/\",\"name\":\"Food &amp; Drinks - Hidden Hotel Paris\",\"isPartOf\":{\"@id\":\"https:\/\/hidden-hotel.com\/de\/#website\"},\"primaryImageOfPage\":{\"@id\":\"https:\/\/hidden-hotel.com\/de\/aperitif-zimmerservice-fruehstueck\/#primaryimage\"},\"image\":{\"@id\":\"https:\/\/hidden-hotel.com\/de\/aperitif-zimmerservice-fruehstueck\/#primaryimage\"},\"thumbnailUrl\":\"https:\/\/hidden-hotel.com\/wp-content\/uploads\/sites\/209\/2021\/04\/th_HIDDEN-HOTEL-PARIS-17-PETIT-DEJEUNER-13.jpg\",\"datePublished\":\"2021-02-17T13:06:38+00:00\",\"dateModified\":\"2025-12-18T09:57:14+00:00\",\"description\":\"Sie sind im Hidden Hotel, um eine angenehme Nacht zu verbringen und andere sch\u00f6ne Dinge zu genie\u00dfen... Entspannen Sie sich in der Lounge bei einem guten\",\"breadcrumb\":{\"@id\":\"https:\/\/hidden-hotel.com\/de\/aperitif-zimmerservice-fruehstueck\/#breadcrumb\"},\"inLanguage\":\"de-DE\",\"potentialAction\":[{\"@type\":\"ReadAction\",\"target\":[\"https:\/\/hidden-hotel.com\/de\/aperitif-zimmerservice-fruehstueck\/\"]}]},{\"@type\":\"ImageObject\",\"inLanguage\":\"de-DE\",\"@id\":\"https:\/\/hidden-hotel.com\/de\/aperitif-zimmerservice-fruehstueck\/#primaryimage\",\"url\":\"https:\/\/hidden-hotel.com\/wp-content\/uploads\/sites\/209\/2021\/04\/th_HIDDEN-HOTEL-PARIS-17-PETIT-DEJEUNER-13.jpg\",\"contentUrl\":\"https:\/\/hidden-hotel.com\/wp-content\/uploads\/sites\/209\/2021\/04\/th_HIDDEN-HOTEL-PARIS-17-PETIT-DEJEUNER-13.jpg\",\"width\":1000,\"height\":640},{\"@type\":\"BreadcrumbList\",\"@id\":\"https:\/\/hidden-hotel.com\/de\/aperitif-zimmerservice-fruehstueck\/#breadcrumb\",\"itemListElement\":[{\"@type\":\"ListItem\",\"position\":1,\"name\":\"Home\",\"item\":\"https:\/\/hidden-hotel.com\/de\/\"},{\"@type\":\"ListItem\",\"position\":2,\"name\":\"Food &amp; Drinks\"}]},{\"@type\":\"WebSite\",\"@id\":\"https:\/\/hidden-hotel.com\/de\/#website\",\"url\":\"https:\/\/hidden-hotel.com\/de\/\",\"name\":\"Hidden Hotel Paris\",\"description\":\"Just another ms.decms.eu site\",\"potentialAction\":[{\"@type\":\"SearchAction\",\"target\":{\"@type\":\"EntryPoint\",\"urlTemplate\":\"https:\/\/hidden-hotel.com\/de\/?s={search_term_string}\"},\"query-input\":{\"@type\":\"PropertyValueSpecification\",\"valueRequired\":true,\"valueName\":\"search_term_string\"}}],\"inLanguage\":\"de-DE\"}]}<\/script>\n<!-- \/ Yoast SEO plugin. -->","yoast_head_json":{"title":"Food &amp; Drinks - Hidden Hotel Paris","description":"Sie sind im Hidden Hotel, um eine angenehme Nacht zu verbringen und andere sch\u00f6ne Dinge zu genie\u00dfen... Entspannen Sie sich in der Lounge bei einem guten","robots":{"index":"index","follow":"follow","max-snippet":"max-snippet:-1","max-image-preview":"max-image-preview:large","max-video-preview":"max-video-preview:-1"},"canonical":"https:\/\/hidden-hotel.com\/de\/aperitif-zimmerservice-fruehstueck\/","og_locale":"de_DE","og_type":"article","og_title":"Food &amp; Drinks - Hidden Hotel Paris","og_description":"Sie sind im Hidden Hotel, um eine angenehme Nacht zu verbringen und andere sch\u00f6ne Dinge zu genie\u00dfen... Entspannen Sie sich in der Lounge bei einem guten","og_url":"https:\/\/hidden-hotel.com\/de\/aperitif-zimmerservice-fruehstueck\/","og_site_name":"Hidden Hotel Paris","article_modified_time":"2025-12-18T09:57:14+00:00","og_image":[{"width":1000,"height":640,"url":"https:\/\/hidden-hotel.com\/wp-content\/uploads\/sites\/209\/2021\/04\/th_HIDDEN-HOTEL-PARIS-17-PETIT-DEJEUNER-13.jpg","type":"image\/jpeg"}],"twitter_card":"summary_large_image","schema":{"@context":"https:\/\/schema.org","@graph":[{"@type":"WebPage","@id":"https:\/\/hidden-hotel.com\/de\/aperitif-zimmerservice-fruehstueck\/","url":"https:\/\/hidden-hotel.com\/de\/aperitif-zimmerservice-fruehstueck\/","name":"Food &amp; Drinks - Hidden Hotel Paris","isPartOf":{"@id":"https:\/\/hidden-hotel.com\/de\/#website"},"primaryImageOfPage":{"@id":"https:\/\/hidden-hotel.com\/de\/aperitif-zimmerservice-fruehstueck\/#primaryimage"},"image":{"@id":"https:\/\/hidden-hotel.com\/de\/aperitif-zimmerservice-fruehstueck\/#primaryimage"},"thumbnailUrl":"https:\/\/hidden-hotel.com\/wp-content\/uploads\/sites\/209\/2021\/04\/th_HIDDEN-HOTEL-PARIS-17-PETIT-DEJEUNER-13.jpg","datePublished":"2021-02-17T13:06:38+00:00","dateModified":"2025-12-18T09:57:14+00:00","description":"Sie sind im Hidden Hotel, um eine angenehme Nacht zu verbringen und andere sch\u00f6ne Dinge zu genie\u00dfen... Entspannen Sie sich in der Lounge bei einem guten","breadcrumb":{"@id":"https:\/\/hidden-hotel.com\/de\/aperitif-zimmerservice-fruehstueck\/#breadcrumb"},"inLanguage":"de-DE","potentialAction":[{"@type":"ReadAction","target":["https:\/\/hidden-hotel.com\/de\/aperitif-zimmerservice-fruehstueck\/"]}]},{"@type":"ImageObject","inLanguage":"de-DE","@id":"https:\/\/hidden-hotel.com\/de\/aperitif-zimmerservice-fruehstueck\/#primaryimage","url":"https:\/\/hidden-hotel.com\/wp-content\/uploads\/sites\/209\/2021\/04\/th_HIDDEN-HOTEL-PARIS-17-PETIT-DEJEUNER-13.jpg","contentUrl":"https:\/\/hidden-hotel.com\/wp-content\/uploads\/sites\/209\/2021\/04\/th_HIDDEN-HOTEL-PARIS-17-PETIT-DEJEUNER-13.jpg","width":1000,"height":640},{"@type":"BreadcrumbList","@id":"https:\/\/hidden-hotel.com\/de\/aperitif-zimmerservice-fruehstueck\/#breadcrumb","itemListElement":[{"@type":"ListItem","position":1,"name":"Home","item":"https:\/\/hidden-hotel.com\/de\/"},{"@type":"ListItem","position":2,"name":"Food &amp; Drinks"}]},{"@type":"WebSite","@id":"https:\/\/hidden-hotel.com\/de\/#website","url":"https:\/\/hidden-hotel.com\/de\/","name":"Hidden Hotel Paris","description":"Just another ms.decms.eu site","potentialAction":[{"@type":"SearchAction","target":{"@type":"EntryPoint","urlTemplate":"https:\/\/hidden-hotel.com\/de\/?s={search_term_string}"},"query-input":{"@type":"PropertyValueSpecification","valueRequired":true,"valueName":"search_term_string"}}],"inLanguage":"de-DE"}]}},"acf":[],"_links":{"self":[{"href":"https:\/\/hidden-hotel.com\/de\/wp-json\/wp\/v2\/pages\/615","targetHints":{"allow":["GET"]}}],"collection":[{"href":"https:\/\/hidden-hotel.com\/de\/wp-json\/wp\/v2\/pages"}],"about":[{"href":"https:\/\/hidden-hotel.com\/de\/wp-json\/wp\/v2\/types\/page"}],"author":[{"embeddable":true,"href":"https:\/\/hidden-hotel.com\/de\/wp-json\/wp\/v2\/users\/5"}],"replies":[{"embeddable":true,"href":"https:\/\/hidden-hotel.com\/de\/wp-json\/wp\/v2\/comments?post=615"}],"version-history":[{"count":0,"href":"https:\/\/hidden-hotel.com\/de\/wp-json\/wp\/v2\/pages\/615\/revisions"}],"wp:featuredmedia":[{"embeddable":true,"href":"https:\/\/hidden-hotel.com\/de\/wp-json\/wp\/v2\/media\/617"}],"wp:attachment":[{"href":"https:\/\/hidden-hotel.com\/de\/wp-json\/wp\/v2\/media?parent=615"}],"curies":[{"name":"wp","href":"https:\/\/api.w.org\/{rel}","templated":true}]}}