{"id":635,"date":"2020-09-29T19:22:41","date_gmt":"2020-09-29T19:22:41","guid":{"rendered":"https:\/\/hidden.ms.decms.eu\/apero-room-service-petit-dejeuner\/petit-dejeuner\/"},"modified":"2026-01-29T15:29:25","modified_gmt":"2026-01-29T15:29:25","slug":"das-fruehstueck","status":"publish","type":"page","link":"https:\/\/hidden-hotel.com\/de\/aperitif-zimmerservice-fruehstueck\/das-fruehstueck\/","title":{"rendered":"Das Fr\u00fchst\u00fcck"},"content":{"rendered":"<p style=\"text-align: left\">Das Fr\u00fchst\u00fcck wird im gem\u00fctlichen Ambiente der Hidden Bar serviert, wochentags von 7 bis 11 Uhr und am Wochenende von 8 bis 11.30 Uhr. Es erwarten Sie s\u00fc\u00dfe und herzhafte K\u00f6stlichkeiten, aus frischen Produkten zubereitet.<\/p>\n<p style=\"text-align: left\">Zu zweit, im Familienkreis oder anl\u00e4sslich eines Gesch\u00e4ftstermins k\u00f6nnen Sie zwischen verschiedenen Fr\u00fchst\u00fccksvarianten und Qualit\u00e4tsprodukten w\u00e4hlen: hausgemachtes Bio-Knusperm\u00fcsli, frisches Obst, Feingeb\u00e4ck und selbstgebackene Kuchen, K\u00e4se, Wurst und Schinken, frisch zubereitete Bio-Eier\u2026 F\u00fcr jeden Appetit und jeden Geschmack ist etwas dabei (bio, vegetarisch, vegan, glutenfrei\u2026).<\/p>\n<p>Reservieren Sie Ihr Fr\u00fchst\u00fcck im Vorverkauf zum Preis von 20 \u20ac oder direkt vor Ort zum Preis von 22 \u20ac.<\/p>\n","protected":false},"excerpt":{"rendered":"<p>Das Fr\u00fchst\u00fcck wird im gem\u00fctlichen Ambiente der Hidden Bar serviert, wochentags von 7 bis 11 Uhr und am Wochenende von 8 bis 11.30 Uhr. Es erwarten Sie s\u00fc\u00dfe und herzhafte K\u00f6stlichkeiten, aus frischen Produkten zubereitet. Zu zweit, im Familienkreis oder anl\u00e4sslich eines Gesch\u00e4ftstermins k\u00f6nnen Sie zwischen verschiedenen Fr\u00fchst\u00fccksvarianten und Qualit\u00e4tsprodukten w\u00e4hlen: hausgemachtes Bio-Knusperm\u00fcsli, frisches Obst, [&hellip;]<\/p>\n","protected":false},"author":5,"featured_media":2007,"parent":615,"menu_order":10,"comment_status":"closed","ping_status":"closed","template":"template-single-service.php","meta":{"footnotes":""},"class_list":["post-635","page","type-page","status-publish","has-post-thumbnail","hentry"],"yoast_head":"<!-- This site is optimized with the Yoast SEO plugin v26.9 - https:\/\/yoast.com\/product\/yoast-seo-wordpress\/ -->\n<title>Das Fr\u00fchst\u00fcck - Hidden Hotel Paris<\/title>\n<meta name=\"description\" content=\"Das Fr\u00fchst\u00fcck wird im gem\u00fctlichen Ambiente der Hidden Bar serviert, wochentags von 7 bis 11 Uhr und am Wochenende von 8 bis 11.30 Uhr. Es erwarten Sie Hausgemachtes Bio-M\u00fcsli, frisches Obst, Geb\u00e4ck, K\u00e4se und Wurstwaren, frisch zubereitete Bio-Eier ... Beim Fr\u00fchst\u00fcck im Hidden Hotel ist f\u00fcr jeden etwas dabei.\" \/>\n<meta name=\"robots\" content=\"index, follow, max-snippet:-1, max-image-preview:large, max-video-preview:-1\" \/>\n<link rel=\"canonical\" href=\"https:\/\/hidden-hotel.com\/de\/aperitif-zimmerservice-fruehstueck\/das-fruehstueck\/\" \/>\n<meta property=\"og:locale\" content=\"de_DE\" \/>\n<meta property=\"og:type\" content=\"article\" \/>\n<meta property=\"og:title\" content=\"Das Fr\u00fchst\u00fcck - Hidden Hotel Paris\" \/>\n<meta property=\"og:description\" content=\"Das Fr\u00fchst\u00fcck wird im gem\u00fctlichen Ambiente der Hidden Bar serviert, wochentags von 7 bis 11 Uhr und am Wochenende von 8 bis 11.30 Uhr. Es erwarten Sie Hausgemachtes Bio-M\u00fcsli, frisches Obst, Geb\u00e4ck, K\u00e4se und Wurstwaren, frisch zubereitete Bio-Eier ... Beim Fr\u00fchst\u00fcck im Hidden Hotel ist f\u00fcr jeden etwas dabei.\" \/>\n<meta property=\"og:url\" content=\"https:\/\/hidden-hotel.com\/de\/aperitif-zimmerservice-fruehstueck\/das-fruehstueck\/\" \/>\n<meta property=\"og:site_name\" content=\"Hidden Hotel Paris\" \/>\n<meta property=\"article:modified_time\" content=\"2026-01-29T15:29:25+00:00\" \/>\n<meta property=\"og:image\" content=\"https:\/\/hidden-hotel.com\/wp-content\/uploads\/sites\/209\/2021\/09\/MG_2245-copie-2.jpg\" \/>\n\t<meta property=\"og:image:width\" content=\"1000\" \/>\n\t<meta property=\"og:image:height\" content=\"575\" \/>\n\t<meta property=\"og:image:type\" content=\"image\/jpeg\" \/>\n<meta name=\"twitter:card\" content=\"summary_large_image\" \/>\n<meta name=\"twitter:label1\" content=\"Gesch\u00e4tzte Lesezeit\" \/>\n\t<meta name=\"twitter:data1\" content=\"1 Minute\" \/>\n<script type=\"application\/ld+json\" class=\"yoast-schema-graph\">{\"@context\":\"https:\/\/schema.org\",\"@graph\":[{\"@type\":\"WebPage\",\"@id\":\"https:\/\/hidden-hotel.com\/de\/aperitif-zimmerservice-fruehstueck\/das-fruehstueck\/\",\"url\":\"https:\/\/hidden-hotel.com\/de\/aperitif-zimmerservice-fruehstueck\/das-fruehstueck\/\",\"name\":\"Das Fr\u00fchst\u00fcck - Hidden Hotel Paris\",\"isPartOf\":{\"@id\":\"https:\/\/hidden-hotel.com\/de\/#website\"},\"primaryImageOfPage\":{\"@id\":\"https:\/\/hidden-hotel.com\/de\/aperitif-zimmerservice-fruehstueck\/das-fruehstueck\/#primaryimage\"},\"image\":{\"@id\":\"https:\/\/hidden-hotel.com\/de\/aperitif-zimmerservice-fruehstueck\/das-fruehstueck\/#primaryimage\"},\"thumbnailUrl\":\"https:\/\/hidden-hotel.com\/wp-content\/uploads\/sites\/209\/2021\/09\/MG_2245-copie-2.jpg\",\"datePublished\":\"2020-09-29T19:22:41+00:00\",\"dateModified\":\"2026-01-29T15:29:25+00:00\",\"description\":\"Das Fr\u00fchst\u00fcck wird im gem\u00fctlichen Ambiente der Hidden Bar serviert, wochentags von 7 bis 11 Uhr und am Wochenende von 8 bis 11.30 Uhr. Es erwarten Sie Hausgemachtes Bio-M\u00fcsli, frisches Obst, Geb\u00e4ck, K\u00e4se und Wurstwaren, frisch zubereitete Bio-Eier ... Beim Fr\u00fchst\u00fcck im Hidden Hotel ist f\u00fcr jeden etwas dabei.\",\"breadcrumb\":{\"@id\":\"https:\/\/hidden-hotel.com\/de\/aperitif-zimmerservice-fruehstueck\/das-fruehstueck\/#breadcrumb\"},\"inLanguage\":\"de-DE\",\"potentialAction\":[{\"@type\":\"ReadAction\",\"target\":[\"https:\/\/hidden-hotel.com\/de\/aperitif-zimmerservice-fruehstueck\/das-fruehstueck\/\"]}]},{\"@type\":\"ImageObject\",\"inLanguage\":\"de-DE\",\"@id\":\"https:\/\/hidden-hotel.com\/de\/aperitif-zimmerservice-fruehstueck\/das-fruehstueck\/#primaryimage\",\"url\":\"https:\/\/hidden-hotel.com\/wp-content\/uploads\/sites\/209\/2021\/09\/MG_2245-copie-2.jpg\",\"contentUrl\":\"https:\/\/hidden-hotel.com\/wp-content\/uploads\/sites\/209\/2021\/09\/MG_2245-copie-2.jpg\",\"width\":1000,\"height\":575,\"caption\":\"Hidden Hotel Paris\"},{\"@type\":\"BreadcrumbList\",\"@id\":\"https:\/\/hidden-hotel.com\/de\/aperitif-zimmerservice-fruehstueck\/das-fruehstueck\/#breadcrumb\",\"itemListElement\":[{\"@type\":\"ListItem\",\"position\":1,\"name\":\"Home\",\"item\":\"https:\/\/hidden-hotel.com\/de\/\"},{\"@type\":\"ListItem\",\"position\":2,\"name\":\"Food &amp; Drinks\",\"item\":\"https:\/\/hidden-hotel.com\/de\/aperitif-zimmerservice-fruehstueck\/\"},{\"@type\":\"ListItem\",\"position\":3,\"name\":\"Das Fr\u00fchst\u00fcck\"}]},{\"@type\":\"WebSite\",\"@id\":\"https:\/\/hidden-hotel.com\/de\/#website\",\"url\":\"https:\/\/hidden-hotel.com\/de\/\",\"name\":\"Hidden Hotel Paris\",\"description\":\"Just another ms.decms.eu site\",\"potentialAction\":[{\"@type\":\"SearchAction\",\"target\":{\"@type\":\"EntryPoint\",\"urlTemplate\":\"https:\/\/hidden-hotel.com\/de\/?s={search_term_string}\"},\"query-input\":{\"@type\":\"PropertyValueSpecification\",\"valueRequired\":true,\"valueName\":\"search_term_string\"}}],\"inLanguage\":\"de-DE\"}]}<\/script>\n<!-- \/ Yoast SEO plugin. -->","yoast_head_json":{"title":"Das Fr\u00fchst\u00fcck - Hidden Hotel Paris","description":"Das Fr\u00fchst\u00fcck wird im gem\u00fctlichen Ambiente der Hidden Bar serviert, wochentags von 7 bis 11 Uhr und am Wochenende von 8 bis 11.30 Uhr. Es erwarten Sie Hausgemachtes Bio-M\u00fcsli, frisches Obst, Geb\u00e4ck, K\u00e4se und Wurstwaren, frisch zubereitete Bio-Eier ... Beim Fr\u00fchst\u00fcck im Hidden Hotel ist f\u00fcr jeden etwas dabei.","robots":{"index":"index","follow":"follow","max-snippet":"max-snippet:-1","max-image-preview":"max-image-preview:large","max-video-preview":"max-video-preview:-1"},"canonical":"https:\/\/hidden-hotel.com\/de\/aperitif-zimmerservice-fruehstueck\/das-fruehstueck\/","og_locale":"de_DE","og_type":"article","og_title":"Das Fr\u00fchst\u00fcck - Hidden Hotel Paris","og_description":"Das Fr\u00fchst\u00fcck wird im gem\u00fctlichen Ambiente der Hidden Bar serviert, wochentags von 7 bis 11 Uhr und am Wochenende von 8 bis 11.30 Uhr. Es erwarten Sie Hausgemachtes Bio-M\u00fcsli, frisches Obst, Geb\u00e4ck, K\u00e4se und Wurstwaren, frisch zubereitete Bio-Eier ... Beim Fr\u00fchst\u00fcck im Hidden Hotel ist f\u00fcr jeden etwas dabei.","og_url":"https:\/\/hidden-hotel.com\/de\/aperitif-zimmerservice-fruehstueck\/das-fruehstueck\/","og_site_name":"Hidden Hotel Paris","article_modified_time":"2026-01-29T15:29:25+00:00","og_image":[{"width":1000,"height":575,"url":"https:\/\/hidden-hotel.com\/wp-content\/uploads\/sites\/209\/2021\/09\/MG_2245-copie-2.jpg","type":"image\/jpeg"}],"twitter_card":"summary_large_image","twitter_misc":{"Gesch\u00e4tzte Lesezeit":"1 Minute"},"schema":{"@context":"https:\/\/schema.org","@graph":[{"@type":"WebPage","@id":"https:\/\/hidden-hotel.com\/de\/aperitif-zimmerservice-fruehstueck\/das-fruehstueck\/","url":"https:\/\/hidden-hotel.com\/de\/aperitif-zimmerservice-fruehstueck\/das-fruehstueck\/","name":"Das Fr\u00fchst\u00fcck - Hidden Hotel Paris","isPartOf":{"@id":"https:\/\/hidden-hotel.com\/de\/#website"},"primaryImageOfPage":{"@id":"https:\/\/hidden-hotel.com\/de\/aperitif-zimmerservice-fruehstueck\/das-fruehstueck\/#primaryimage"},"image":{"@id":"https:\/\/hidden-hotel.com\/de\/aperitif-zimmerservice-fruehstueck\/das-fruehstueck\/#primaryimage"},"thumbnailUrl":"https:\/\/hidden-hotel.com\/wp-content\/uploads\/sites\/209\/2021\/09\/MG_2245-copie-2.jpg","datePublished":"2020-09-29T19:22:41+00:00","dateModified":"2026-01-29T15:29:25+00:00","description":"Das Fr\u00fchst\u00fcck wird im gem\u00fctlichen Ambiente der Hidden Bar serviert, wochentags von 7 bis 11 Uhr und am Wochenende von 8 bis 11.30 Uhr. Es erwarten Sie Hausgemachtes Bio-M\u00fcsli, frisches Obst, Geb\u00e4ck, K\u00e4se und Wurstwaren, frisch zubereitete Bio-Eier ... Beim Fr\u00fchst\u00fcck im Hidden Hotel ist f\u00fcr jeden etwas dabei.","breadcrumb":{"@id":"https:\/\/hidden-hotel.com\/de\/aperitif-zimmerservice-fruehstueck\/das-fruehstueck\/#breadcrumb"},"inLanguage":"de-DE","potentialAction":[{"@type":"ReadAction","target":["https:\/\/hidden-hotel.com\/de\/aperitif-zimmerservice-fruehstueck\/das-fruehstueck\/"]}]},{"@type":"ImageObject","inLanguage":"de-DE","@id":"https:\/\/hidden-hotel.com\/de\/aperitif-zimmerservice-fruehstueck\/das-fruehstueck\/#primaryimage","url":"https:\/\/hidden-hotel.com\/wp-content\/uploads\/sites\/209\/2021\/09\/MG_2245-copie-2.jpg","contentUrl":"https:\/\/hidden-hotel.com\/wp-content\/uploads\/sites\/209\/2021\/09\/MG_2245-copie-2.jpg","width":1000,"height":575,"caption":"Hidden Hotel Paris"},{"@type":"BreadcrumbList","@id":"https:\/\/hidden-hotel.com\/de\/aperitif-zimmerservice-fruehstueck\/das-fruehstueck\/#breadcrumb","itemListElement":[{"@type":"ListItem","position":1,"name":"Home","item":"https:\/\/hidden-hotel.com\/de\/"},{"@type":"ListItem","position":2,"name":"Food &amp; Drinks","item":"https:\/\/hidden-hotel.com\/de\/aperitif-zimmerservice-fruehstueck\/"},{"@type":"ListItem","position":3,"name":"Das Fr\u00fchst\u00fcck"}]},{"@type":"WebSite","@id":"https:\/\/hidden-hotel.com\/de\/#website","url":"https:\/\/hidden-hotel.com\/de\/","name":"Hidden Hotel Paris","description":"Just another ms.decms.eu site","potentialAction":[{"@type":"SearchAction","target":{"@type":"EntryPoint","urlTemplate":"https:\/\/hidden-hotel.com\/de\/?s={search_term_string}"},"query-input":{"@type":"PropertyValueSpecification","valueRequired":true,"valueName":"search_term_string"}}],"inLanguage":"de-DE"}]}},"acf":[],"_links":{"self":[{"href":"https:\/\/hidden-hotel.com\/de\/wp-json\/wp\/v2\/pages\/635","targetHints":{"allow":["GET"]}}],"collection":[{"href":"https:\/\/hidden-hotel.com\/de\/wp-json\/wp\/v2\/pages"}],"about":[{"href":"https:\/\/hidden-hotel.com\/de\/wp-json\/wp\/v2\/types\/page"}],"author":[{"embeddable":true,"href":"https:\/\/hidden-hotel.com\/de\/wp-json\/wp\/v2\/users\/5"}],"replies":[{"embeddable":true,"href":"https:\/\/hidden-hotel.com\/de\/wp-json\/wp\/v2\/comments?post=635"}],"version-history":[{"count":0,"href":"https:\/\/hidden-hotel.com\/de\/wp-json\/wp\/v2\/pages\/635\/revisions"}],"up":[{"embeddable":true,"href":"https:\/\/hidden-hotel.com\/de\/wp-json\/wp\/v2\/pages\/615"}],"wp:featuredmedia":[{"embeddable":true,"href":"https:\/\/hidden-hotel.com\/de\/wp-json\/wp\/v2\/media\/2007"}],"wp:attachment":[{"href":"https:\/\/hidden-hotel.com\/de\/wp-json\/wp\/v2\/media?parent=635"}],"curies":[{"name":"wp","href":"https:\/\/api.w.org\/{rel}","templated":true}]}}