{"id":644,"date":"2021-02-17T13:08:28","date_gmt":"2021-02-17T13:08:28","guid":{"rendered":"https:\/\/hidden.ms.decms.eu\/apero-room-service-petit-dejeuner\/room-service\/"},"modified":"2025-12-29T16:20:04","modified_gmt":"2025-12-29T16:20:04","slug":"der-zimmerservice","status":"publish","type":"page","link":"https:\/\/hidden-hotel.com\/de\/aperitif-zimmerservice-fruehstueck\/der-zimmerservice\/","title":{"rendered":"Room Service"},"content":{"rendered":"<p style=\"text-align: left\">Unser Zimmerservice steht Ihnen sieben Tage die Woche zur Verf\u00fcgung, um Ihnen einen Snack auf Ihr Zimmer zu servieren.<\/p>\n","protected":false},"excerpt":{"rendered":"<p>Unser Zimmerservice steht Ihnen sieben Tage die Woche zur Verf\u00fcgung, um Ihnen einen Snack auf Ihr Zimmer zu servieren.<\/p>\n","protected":false},"author":5,"featured_media":1991,"parent":615,"menu_order":30,"comment_status":"closed","ping_status":"closed","template":"template-single-service.php","meta":{"footnotes":""},"class_list":["post-644","page","type-page","status-publish","has-post-thumbnail","hentry"],"yoast_head":"<!-- This site is optimized with the Yoast SEO plugin v26.9 - https:\/\/yoast.com\/product\/yoast-seo-wordpress\/ -->\n<title>Room Service - Hidden Hotel Paris<\/title>\n<meta name=\"description\" content=\"Unser Zimmerservice steht Ihnen sieben Tage die Woche zur Verf\u00fcgung, um Ihnen einen Snack auf Ihr Zimmer zu servieren. Unser Room Service steht Ihnen t\u00e4glich zur Verf\u00fcgung, ob f\u00fcr einen Mittagssnack, einen Aperitif, k\u00f6stliche Tapas und kleine Gerichte auf Ihrem Zimmer.\" \/>\n<meta name=\"robots\" content=\"index, follow, max-snippet:-1, max-image-preview:large, max-video-preview:-1\" \/>\n<link rel=\"canonical\" href=\"https:\/\/hidden-hotel.com\/de\/aperitif-zimmerservice-fruehstueck\/der-zimmerservice\/\" \/>\n<meta property=\"og:locale\" content=\"de_DE\" \/>\n<meta property=\"og:type\" content=\"article\" \/>\n<meta property=\"og:title\" content=\"Room Service - Hidden Hotel Paris\" \/>\n<meta property=\"og:description\" content=\"Unser Zimmerservice steht Ihnen sieben Tage die Woche zur Verf\u00fcgung, um Ihnen einen Snack auf Ihr Zimmer zu servieren. Unser Room Service steht Ihnen t\u00e4glich zur Verf\u00fcgung, ob f\u00fcr einen Mittagssnack, einen Aperitif, k\u00f6stliche Tapas und kleine Gerichte auf Ihrem Zimmer.\" \/>\n<meta property=\"og:url\" content=\"https:\/\/hidden-hotel.com\/de\/aperitif-zimmerservice-fruehstueck\/der-zimmerservice\/\" \/>\n<meta property=\"og:site_name\" content=\"Hidden Hotel Paris\" \/>\n<meta property=\"article:modified_time\" content=\"2025-12-29T16:20:04+00:00\" \/>\n<meta property=\"og:image\" content=\"https:\/\/hidden-hotel.com\/wp-content\/uploads\/sites\/209\/2021\/09\/MG_2511-copie.jpg\" \/>\n\t<meta property=\"og:image:width\" content=\"1000\" \/>\n\t<meta property=\"og:image:height\" content=\"1392\" \/>\n\t<meta property=\"og:image:type\" content=\"image\/jpeg\" \/>\n<meta name=\"twitter:card\" content=\"summary_large_image\" \/>\n<script type=\"application\/ld+json\" class=\"yoast-schema-graph\">{\"@context\":\"https:\/\/schema.org\",\"@graph\":[{\"@type\":\"WebPage\",\"@id\":\"https:\/\/hidden-hotel.com\/de\/aperitif-zimmerservice-fruehstueck\/der-zimmerservice\/\",\"url\":\"https:\/\/hidden-hotel.com\/de\/aperitif-zimmerservice-fruehstueck\/der-zimmerservice\/\",\"name\":\"Room Service - Hidden Hotel Paris\",\"isPartOf\":{\"@id\":\"https:\/\/hidden-hotel.com\/de\/#website\"},\"primaryImageOfPage\":{\"@id\":\"https:\/\/hidden-hotel.com\/de\/aperitif-zimmerservice-fruehstueck\/der-zimmerservice\/#primaryimage\"},\"image\":{\"@id\":\"https:\/\/hidden-hotel.com\/de\/aperitif-zimmerservice-fruehstueck\/der-zimmerservice\/#primaryimage\"},\"thumbnailUrl\":\"https:\/\/hidden-hotel.com\/wp-content\/uploads\/sites\/209\/2021\/09\/MG_2511-copie.jpg\",\"datePublished\":\"2021-02-17T13:08:28+00:00\",\"dateModified\":\"2025-12-29T16:20:04+00:00\",\"description\":\"Unser Zimmerservice steht Ihnen sieben Tage die Woche zur Verf\u00fcgung, um Ihnen einen Snack auf Ihr Zimmer zu servieren. Unser Room Service steht Ihnen t\u00e4glich zur Verf\u00fcgung, ob f\u00fcr einen Mittagssnack, einen Aperitif, k\u00f6stliche Tapas und kleine Gerichte auf Ihrem Zimmer.\",\"breadcrumb\":{\"@id\":\"https:\/\/hidden-hotel.com\/de\/aperitif-zimmerservice-fruehstueck\/der-zimmerservice\/#breadcrumb\"},\"inLanguage\":\"de-DE\",\"potentialAction\":[{\"@type\":\"ReadAction\",\"target\":[\"https:\/\/hidden-hotel.com\/de\/aperitif-zimmerservice-fruehstueck\/der-zimmerservice\/\"]}]},{\"@type\":\"ImageObject\",\"inLanguage\":\"de-DE\",\"@id\":\"https:\/\/hidden-hotel.com\/de\/aperitif-zimmerservice-fruehstueck\/der-zimmerservice\/#primaryimage\",\"url\":\"https:\/\/hidden-hotel.com\/wp-content\/uploads\/sites\/209\/2021\/09\/MG_2511-copie.jpg\",\"contentUrl\":\"https:\/\/hidden-hotel.com\/wp-content\/uploads\/sites\/209\/2021\/09\/MG_2511-copie.jpg\",\"width\":1000,\"height\":1392,\"caption\":\"Hidden Hotel Paris\"},{\"@type\":\"BreadcrumbList\",\"@id\":\"https:\/\/hidden-hotel.com\/de\/aperitif-zimmerservice-fruehstueck\/der-zimmerservice\/#breadcrumb\",\"itemListElement\":[{\"@type\":\"ListItem\",\"position\":1,\"name\":\"Home\",\"item\":\"https:\/\/hidden-hotel.com\/de\/\"},{\"@type\":\"ListItem\",\"position\":2,\"name\":\"Food &amp; Drinks\",\"item\":\"https:\/\/hidden-hotel.com\/de\/aperitif-zimmerservice-fruehstueck\/\"},{\"@type\":\"ListItem\",\"position\":3,\"name\":\"Room Service\"}]},{\"@type\":\"WebSite\",\"@id\":\"https:\/\/hidden-hotel.com\/de\/#website\",\"url\":\"https:\/\/hidden-hotel.com\/de\/\",\"name\":\"Hidden Hotel Paris\",\"description\":\"Just another ms.decms.eu site\",\"potentialAction\":[{\"@type\":\"SearchAction\",\"target\":{\"@type\":\"EntryPoint\",\"urlTemplate\":\"https:\/\/hidden-hotel.com\/de\/?s={search_term_string}\"},\"query-input\":{\"@type\":\"PropertyValueSpecification\",\"valueRequired\":true,\"valueName\":\"search_term_string\"}}],\"inLanguage\":\"de-DE\"}]}<\/script>\n<!-- \/ Yoast SEO plugin. -->","yoast_head_json":{"title":"Room Service - Hidden Hotel Paris","description":"Unser Zimmerservice steht Ihnen sieben Tage die Woche zur Verf\u00fcgung, um Ihnen einen Snack auf Ihr Zimmer zu servieren. Unser Room Service steht Ihnen t\u00e4glich zur Verf\u00fcgung, ob f\u00fcr einen Mittagssnack, einen Aperitif, k\u00f6stliche Tapas und kleine Gerichte auf Ihrem Zimmer.","robots":{"index":"index","follow":"follow","max-snippet":"max-snippet:-1","max-image-preview":"max-image-preview:large","max-video-preview":"max-video-preview:-1"},"canonical":"https:\/\/hidden-hotel.com\/de\/aperitif-zimmerservice-fruehstueck\/der-zimmerservice\/","og_locale":"de_DE","og_type":"article","og_title":"Room Service - Hidden Hotel Paris","og_description":"Unser Zimmerservice steht Ihnen sieben Tage die Woche zur Verf\u00fcgung, um Ihnen einen Snack auf Ihr Zimmer zu servieren. Unser Room Service steht Ihnen t\u00e4glich zur Verf\u00fcgung, ob f\u00fcr einen Mittagssnack, einen Aperitif, k\u00f6stliche Tapas und kleine Gerichte auf Ihrem Zimmer.","og_url":"https:\/\/hidden-hotel.com\/de\/aperitif-zimmerservice-fruehstueck\/der-zimmerservice\/","og_site_name":"Hidden Hotel Paris","article_modified_time":"2025-12-29T16:20:04+00:00","og_image":[{"width":1000,"height":1392,"url":"https:\/\/hidden-hotel.com\/wp-content\/uploads\/sites\/209\/2021\/09\/MG_2511-copie.jpg","type":"image\/jpeg"}],"twitter_card":"summary_large_image","schema":{"@context":"https:\/\/schema.org","@graph":[{"@type":"WebPage","@id":"https:\/\/hidden-hotel.com\/de\/aperitif-zimmerservice-fruehstueck\/der-zimmerservice\/","url":"https:\/\/hidden-hotel.com\/de\/aperitif-zimmerservice-fruehstueck\/der-zimmerservice\/","name":"Room Service - Hidden Hotel Paris","isPartOf":{"@id":"https:\/\/hidden-hotel.com\/de\/#website"},"primaryImageOfPage":{"@id":"https:\/\/hidden-hotel.com\/de\/aperitif-zimmerservice-fruehstueck\/der-zimmerservice\/#primaryimage"},"image":{"@id":"https:\/\/hidden-hotel.com\/de\/aperitif-zimmerservice-fruehstueck\/der-zimmerservice\/#primaryimage"},"thumbnailUrl":"https:\/\/hidden-hotel.com\/wp-content\/uploads\/sites\/209\/2021\/09\/MG_2511-copie.jpg","datePublished":"2021-02-17T13:08:28+00:00","dateModified":"2025-12-29T16:20:04+00:00","description":"Unser Zimmerservice steht Ihnen sieben Tage die Woche zur Verf\u00fcgung, um Ihnen einen Snack auf Ihr Zimmer zu servieren. Unser Room Service steht Ihnen t\u00e4glich zur Verf\u00fcgung, ob f\u00fcr einen Mittagssnack, einen Aperitif, k\u00f6stliche Tapas und kleine Gerichte auf Ihrem Zimmer.","breadcrumb":{"@id":"https:\/\/hidden-hotel.com\/de\/aperitif-zimmerservice-fruehstueck\/der-zimmerservice\/#breadcrumb"},"inLanguage":"de-DE","potentialAction":[{"@type":"ReadAction","target":["https:\/\/hidden-hotel.com\/de\/aperitif-zimmerservice-fruehstueck\/der-zimmerservice\/"]}]},{"@type":"ImageObject","inLanguage":"de-DE","@id":"https:\/\/hidden-hotel.com\/de\/aperitif-zimmerservice-fruehstueck\/der-zimmerservice\/#primaryimage","url":"https:\/\/hidden-hotel.com\/wp-content\/uploads\/sites\/209\/2021\/09\/MG_2511-copie.jpg","contentUrl":"https:\/\/hidden-hotel.com\/wp-content\/uploads\/sites\/209\/2021\/09\/MG_2511-copie.jpg","width":1000,"height":1392,"caption":"Hidden Hotel Paris"},{"@type":"BreadcrumbList","@id":"https:\/\/hidden-hotel.com\/de\/aperitif-zimmerservice-fruehstueck\/der-zimmerservice\/#breadcrumb","itemListElement":[{"@type":"ListItem","position":1,"name":"Home","item":"https:\/\/hidden-hotel.com\/de\/"},{"@type":"ListItem","position":2,"name":"Food &amp; Drinks","item":"https:\/\/hidden-hotel.com\/de\/aperitif-zimmerservice-fruehstueck\/"},{"@type":"ListItem","position":3,"name":"Room Service"}]},{"@type":"WebSite","@id":"https:\/\/hidden-hotel.com\/de\/#website","url":"https:\/\/hidden-hotel.com\/de\/","name":"Hidden Hotel Paris","description":"Just another ms.decms.eu site","potentialAction":[{"@type":"SearchAction","target":{"@type":"EntryPoint","urlTemplate":"https:\/\/hidden-hotel.com\/de\/?s={search_term_string}"},"query-input":{"@type":"PropertyValueSpecification","valueRequired":true,"valueName":"search_term_string"}}],"inLanguage":"de-DE"}]}},"acf":[],"_links":{"self":[{"href":"https:\/\/hidden-hotel.com\/de\/wp-json\/wp\/v2\/pages\/644","targetHints":{"allow":["GET"]}}],"collection":[{"href":"https:\/\/hidden-hotel.com\/de\/wp-json\/wp\/v2\/pages"}],"about":[{"href":"https:\/\/hidden-hotel.com\/de\/wp-json\/wp\/v2\/types\/page"}],"author":[{"embeddable":true,"href":"https:\/\/hidden-hotel.com\/de\/wp-json\/wp\/v2\/users\/5"}],"replies":[{"embeddable":true,"href":"https:\/\/hidden-hotel.com\/de\/wp-json\/wp\/v2\/comments?post=644"}],"version-history":[{"count":0,"href":"https:\/\/hidden-hotel.com\/de\/wp-json\/wp\/v2\/pages\/644\/revisions"}],"up":[{"embeddable":true,"href":"https:\/\/hidden-hotel.com\/de\/wp-json\/wp\/v2\/pages\/615"}],"wp:featuredmedia":[{"embeddable":true,"href":"https:\/\/hidden-hotel.com\/de\/wp-json\/wp\/v2\/media\/1991"}],"wp:attachment":[{"href":"https:\/\/hidden-hotel.com\/de\/wp-json\/wp\/v2\/media?parent=644"}],"curies":[{"name":"wp","href":"https:\/\/api.w.org\/{rel}","templated":true}]}}