{"id":651,"date":"2020-11-09T10:31:44","date_gmt":"2020-11-09T10:31:44","guid":{"rendered":"https:\/\/hidden.ms.decms.eu\/chambre-a-la-journee\/"},"modified":"2022-02-21T11:04:05","modified_gmt":"2022-02-21T11:04:05","slug":"tageszimmer","status":"publish","type":"page","link":"https:\/\/hidden-hotel.com\/de\/tageszimmer\/","title":{"rendered":"Tageszimmer"},"content":{"rendered":"<p>Neue Kraft tanken, eine Pause vom Alltag machen oder sich ganz einfach einige zeitlose Augenblicke g\u00f6nnen\u2026 Das Hidden Hotel erwartet Sie! Buchen Sie ein <strong>Hotelzimmer<\/strong> f\u00fcr ein paar Stunden, einen Vormittag, einen Nachmittag oder <strong>den ganzen Tag<\/strong> und genie\u00dfen Sie alle R\u00e4ume und Einrichtungen eines charmanten Hotels nur wenige Schritte von den Champs-\u00c9lys\u00e9es entfernt.<\/p>\n<p>Ein Tag im Hotel, passend f\u00fcr viele Gelegenheiten!<br \/>\n&#8211; Zum Arbeiten: besser als ein B\u00fcro &#8211; ein Zimmer und ein gut ausgestatteter Raum in einem einmaligen und inspirierenden Rahmen.<br \/>\n&#8211; Um einen zeitlosen Tag zu erleben: die Behaglichkeit und Ruhe eines Zimmers in einer harmonischen Kombination nat\u00fcrlicher Materialien.<br \/>\n&#8211; Zum Ausruhen w\u00e4hrend eines Zwischenstopps: Unsere gem\u00fctlichen Zimmer sind die besten Wartes\u00e4le.<br \/>\n&#8211; F\u00fcr ein Hidden-Erlebnis, inkognito.<br \/>\n&#8211; Um ein Ereignis zu feiern, geht nichts \u00fcber ein wenig Privatsph\u00e4re.<br \/>\n&#8211; F\u00fcr ein Fotoshooting: Der zeitgen\u00f6ssische Stil, die kunstvolle Kombination von Materialien und die warmen Farben stellen eine ideale Kulisse f\u00fcr au\u00dfergew\u00f6hnliche Fotos dar.<\/p>\n<p>Wie auch immer Sie es nutzen m\u00f6chten, die Buchung eines <strong>Hotelzimmers f\u00fcr einen Ta<\/strong>g wird all Ihre Erwartungen erf\u00fcllen.<\/p>\n","protected":false},"excerpt":{"rendered":"<p>Neue Kraft tanken, eine Pause vom Alltag machen oder sich ganz einfach einige zeitlose Augenblicke g\u00f6nnen\u2026 Das Hidden Hotel erwartet Sie! Buchen Sie ein Hotelzimmer f\u00fcr ein paar Stunden, einen Vormittag, einen Nachmittag oder den ganzen Tag und genie\u00dfen Sie alle R\u00e4ume und Einrichtungen eines charmanten Hotels nur wenige Schritte von den Champs-\u00c9lys\u00e9es entfernt. Ein [&hellip;]<\/p>\n","protected":false},"author":5,"featured_media":1935,"parent":0,"menu_order":0,"comment_status":"closed","ping_status":"closed","template":"template-default-2.php","meta":{"footnotes":""},"class_list":["post-651","page","type-page","status-publish","has-post-thumbnail","hentry"],"yoast_head":"<!-- This site is optimized with the Yoast SEO plugin v26.9 - https:\/\/yoast.com\/product\/yoast-seo-wordpress\/ -->\n<title>Tageszimmer - Hidden Hotel Paris<\/title>\n<meta name=\"description\" content=\"Neue Kraft tanken, eine Pause vom Alltag machen oder sich ganz einfach einige zeitlose Augenblicke g\u00f6nnen\u2026 Das Hidden Hotel erwartet Sie! Buchen Sie ein\" \/>\n<meta name=\"robots\" content=\"index, follow, max-snippet:-1, max-image-preview:large, max-video-preview:-1\" \/>\n<link rel=\"canonical\" href=\"https:\/\/hidden-hotel.com\/de\/tageszimmer\/\" \/>\n<meta property=\"og:locale\" content=\"de_DE\" \/>\n<meta property=\"og:type\" content=\"article\" \/>\n<meta property=\"og:title\" content=\"Tageszimmer - Hidden Hotel Paris\" \/>\n<meta property=\"og:description\" content=\"Neue Kraft tanken, eine Pause vom Alltag machen oder sich ganz einfach einige zeitlose Augenblicke g\u00f6nnen\u2026 Das Hidden Hotel erwartet Sie! Buchen Sie ein\" \/>\n<meta property=\"og:url\" content=\"https:\/\/hidden-hotel.com\/de\/tageszimmer\/\" \/>\n<meta property=\"og:site_name\" content=\"Hidden Hotel Paris\" \/>\n<meta property=\"article:modified_time\" content=\"2022-02-21T11:04:05+00:00\" \/>\n<meta property=\"og:image\" content=\"https:\/\/hidden-hotel.com\/wp-content\/uploads\/sites\/209\/2021\/09\/chambre_a\u0300_la_journe\u0301e.jpg\" \/>\n\t<meta property=\"og:image:width\" content=\"2560\" \/>\n\t<meta property=\"og:image:height\" content=\"1707\" \/>\n\t<meta property=\"og:image:type\" content=\"image\/jpeg\" \/>\n<meta name=\"twitter:card\" content=\"summary_large_image\" \/>\n<meta name=\"twitter:label1\" content=\"Gesch\u00e4tzte Lesezeit\" \/>\n\t<meta name=\"twitter:data1\" content=\"1 Minute\" \/>\n<script type=\"application\/ld+json\" class=\"yoast-schema-graph\">{\"@context\":\"https:\/\/schema.org\",\"@graph\":[{\"@type\":\"WebPage\",\"@id\":\"https:\/\/hidden-hotel.com\/de\/tageszimmer\/\",\"url\":\"https:\/\/hidden-hotel.com\/de\/tageszimmer\/\",\"name\":\"Tageszimmer - Hidden Hotel Paris\",\"isPartOf\":{\"@id\":\"https:\/\/hidden-hotel.com\/de\/#website\"},\"primaryImageOfPage\":{\"@id\":\"https:\/\/hidden-hotel.com\/de\/tageszimmer\/#primaryimage\"},\"image\":{\"@id\":\"https:\/\/hidden-hotel.com\/de\/tageszimmer\/#primaryimage\"},\"thumbnailUrl\":\"https:\/\/hidden-hotel.com\/wp-content\/uploads\/sites\/209\/2021\/09\/chambre_a\u0300_la_journe\u0301e.jpg\",\"datePublished\":\"2020-11-09T10:31:44+00:00\",\"dateModified\":\"2022-02-21T11:04:05+00:00\",\"description\":\"Neue Kraft tanken, eine Pause vom Alltag machen oder sich ganz einfach einige zeitlose Augenblicke g\u00f6nnen\u2026 Das Hidden Hotel erwartet Sie! Buchen Sie ein\",\"breadcrumb\":{\"@id\":\"https:\/\/hidden-hotel.com\/de\/tageszimmer\/#breadcrumb\"},\"inLanguage\":\"de-DE\",\"potentialAction\":[{\"@type\":\"ReadAction\",\"target\":[\"https:\/\/hidden-hotel.com\/de\/tageszimmer\/\"]}]},{\"@type\":\"ImageObject\",\"inLanguage\":\"de-DE\",\"@id\":\"https:\/\/hidden-hotel.com\/de\/tageszimmer\/#primaryimage\",\"url\":\"https:\/\/hidden-hotel.com\/wp-content\/uploads\/sites\/209\/2021\/09\/chambre_a\u0300_la_journe\u0301e.jpg\",\"contentUrl\":\"https:\/\/hidden-hotel.com\/wp-content\/uploads\/sites\/209\/2021\/09\/chambre_a\u0300_la_journe\u0301e.jpg\",\"width\":2560,\"height\":1707,\"caption\":\"Hidden Hotel Paris\"},{\"@type\":\"BreadcrumbList\",\"@id\":\"https:\/\/hidden-hotel.com\/de\/tageszimmer\/#breadcrumb\",\"itemListElement\":[{\"@type\":\"ListItem\",\"position\":1,\"name\":\"Home\",\"item\":\"https:\/\/hidden-hotel.com\/de\/\"},{\"@type\":\"ListItem\",\"position\":2,\"name\":\"Tageszimmer\"}]},{\"@type\":\"WebSite\",\"@id\":\"https:\/\/hidden-hotel.com\/de\/#website\",\"url\":\"https:\/\/hidden-hotel.com\/de\/\",\"name\":\"Hidden Hotel Paris\",\"description\":\"Just another ms.decms.eu site\",\"potentialAction\":[{\"@type\":\"SearchAction\",\"target\":{\"@type\":\"EntryPoint\",\"urlTemplate\":\"https:\/\/hidden-hotel.com\/de\/?s={search_term_string}\"},\"query-input\":{\"@type\":\"PropertyValueSpecification\",\"valueRequired\":true,\"valueName\":\"search_term_string\"}}],\"inLanguage\":\"de-DE\"}]}<\/script>\n<!-- \/ Yoast SEO plugin. -->","yoast_head_json":{"title":"Tageszimmer - Hidden Hotel Paris","description":"Neue Kraft tanken, eine Pause vom Alltag machen oder sich ganz einfach einige zeitlose Augenblicke g\u00f6nnen\u2026 Das Hidden Hotel erwartet Sie! Buchen Sie ein","robots":{"index":"index","follow":"follow","max-snippet":"max-snippet:-1","max-image-preview":"max-image-preview:large","max-video-preview":"max-video-preview:-1"},"canonical":"https:\/\/hidden-hotel.com\/de\/tageszimmer\/","og_locale":"de_DE","og_type":"article","og_title":"Tageszimmer - Hidden Hotel Paris","og_description":"Neue Kraft tanken, eine Pause vom Alltag machen oder sich ganz einfach einige zeitlose Augenblicke g\u00f6nnen\u2026 Das Hidden Hotel erwartet Sie! Buchen Sie ein","og_url":"https:\/\/hidden-hotel.com\/de\/tageszimmer\/","og_site_name":"Hidden Hotel Paris","article_modified_time":"2022-02-21T11:04:05+00:00","og_image":[{"width":2560,"height":1707,"url":"https:\/\/hidden-hotel.com\/wp-content\/uploads\/sites\/209\/2021\/09\/chambre_a\u0300_la_journe\u0301e.jpg","type":"image\/jpeg"}],"twitter_card":"summary_large_image","twitter_misc":{"Gesch\u00e4tzte Lesezeit":"1 Minute"},"schema":{"@context":"https:\/\/schema.org","@graph":[{"@type":"WebPage","@id":"https:\/\/hidden-hotel.com\/de\/tageszimmer\/","url":"https:\/\/hidden-hotel.com\/de\/tageszimmer\/","name":"Tageszimmer - Hidden Hotel Paris","isPartOf":{"@id":"https:\/\/hidden-hotel.com\/de\/#website"},"primaryImageOfPage":{"@id":"https:\/\/hidden-hotel.com\/de\/tageszimmer\/#primaryimage"},"image":{"@id":"https:\/\/hidden-hotel.com\/de\/tageszimmer\/#primaryimage"},"thumbnailUrl":"https:\/\/hidden-hotel.com\/wp-content\/uploads\/sites\/209\/2021\/09\/chambre_a\u0300_la_journe\u0301e.jpg","datePublished":"2020-11-09T10:31:44+00:00","dateModified":"2022-02-21T11:04:05+00:00","description":"Neue Kraft tanken, eine Pause vom Alltag machen oder sich ganz einfach einige zeitlose Augenblicke g\u00f6nnen\u2026 Das Hidden Hotel erwartet Sie! Buchen Sie ein","breadcrumb":{"@id":"https:\/\/hidden-hotel.com\/de\/tageszimmer\/#breadcrumb"},"inLanguage":"de-DE","potentialAction":[{"@type":"ReadAction","target":["https:\/\/hidden-hotel.com\/de\/tageszimmer\/"]}]},{"@type":"ImageObject","inLanguage":"de-DE","@id":"https:\/\/hidden-hotel.com\/de\/tageszimmer\/#primaryimage","url":"https:\/\/hidden-hotel.com\/wp-content\/uploads\/sites\/209\/2021\/09\/chambre_a\u0300_la_journe\u0301e.jpg","contentUrl":"https:\/\/hidden-hotel.com\/wp-content\/uploads\/sites\/209\/2021\/09\/chambre_a\u0300_la_journe\u0301e.jpg","width":2560,"height":1707,"caption":"Hidden Hotel Paris"},{"@type":"BreadcrumbList","@id":"https:\/\/hidden-hotel.com\/de\/tageszimmer\/#breadcrumb","itemListElement":[{"@type":"ListItem","position":1,"name":"Home","item":"https:\/\/hidden-hotel.com\/de\/"},{"@type":"ListItem","position":2,"name":"Tageszimmer"}]},{"@type":"WebSite","@id":"https:\/\/hidden-hotel.com\/de\/#website","url":"https:\/\/hidden-hotel.com\/de\/","name":"Hidden Hotel Paris","description":"Just another ms.decms.eu site","potentialAction":[{"@type":"SearchAction","target":{"@type":"EntryPoint","urlTemplate":"https:\/\/hidden-hotel.com\/de\/?s={search_term_string}"},"query-input":{"@type":"PropertyValueSpecification","valueRequired":true,"valueName":"search_term_string"}}],"inLanguage":"de-DE"}]}},"acf":[],"_links":{"self":[{"href":"https:\/\/hidden-hotel.com\/de\/wp-json\/wp\/v2\/pages\/651","targetHints":{"allow":["GET"]}}],"collection":[{"href":"https:\/\/hidden-hotel.com\/de\/wp-json\/wp\/v2\/pages"}],"about":[{"href":"https:\/\/hidden-hotel.com\/de\/wp-json\/wp\/v2\/types\/page"}],"author":[{"embeddable":true,"href":"https:\/\/hidden-hotel.com\/de\/wp-json\/wp\/v2\/users\/5"}],"replies":[{"embeddable":true,"href":"https:\/\/hidden-hotel.com\/de\/wp-json\/wp\/v2\/comments?post=651"}],"version-history":[{"count":0,"href":"https:\/\/hidden-hotel.com\/de\/wp-json\/wp\/v2\/pages\/651\/revisions"}],"wp:featuredmedia":[{"embeddable":true,"href":"https:\/\/hidden-hotel.com\/de\/wp-json\/wp\/v2\/media\/1935"}],"wp:attachment":[{"href":"https:\/\/hidden-hotel.com\/de\/wp-json\/wp\/v2\/media?parent=651"}],"curies":[{"name":"wp","href":"https:\/\/api.w.org\/{rel}","templated":true}]}}