{"id":658,"date":"2020-10-06T21:04:35","date_gmt":"2020-10-06T21:04:35","guid":{"rendered":"https:\/\/hidden.ms.decms.eu\/hotel-au-naturel\/"},"modified":"2022-02-21T08:18:18","modified_gmt":"2022-02-21T08:18:18","slug":"zimmer-suiten","status":"publish","type":"page","link":"https:\/\/hidden-hotel.com\/de\/zimmer-suiten\/","title":{"rendered":"Zimmer &amp; Suiten"},"content":{"rendered":"<p>In jedem unserer 35 Zimmer finden Sie nat\u00fcrliche Materialien, die ein warmes und angenehmes Ambiente schaffen, damit Sie sich in Paris wie zu Hause f\u00fchlen.<\/p>\n<p>Jedes einzelne Zimmer enth\u00fcllt ausdrucksstarke Strukturkontraste in einem raffinierten, schlichten und intimistischen Dekor.<\/p>\n<p>Die hochwertigen Matratzen der Marke COCO-MAT, aus Naturlatex und Kokosnussfasern, erf\u00fcllen alle Schlafbed\u00fcrfnisse. Die Betten &#8211; vom Rest des Raumes durch leichte Leinengardinen abgeschirmt und mit Baumwollsatin-Bettw\u00e4sche bezogen &#8211; bieten Ihnen einen erlesenen, kuscheligen Ort zum Entspannen und Erholen zwischen zwei Ausfl\u00fcgen in Paris. Die meisten Zimmer verf\u00fcgen \u00fcber ein offenes Bad, wo Schiefer, Holz und die gro\u00dfz\u00fcgigen in Naturstein gearbeiteten Waschbecken f\u00fcr eine zeitlose Atmosph\u00e4re sorgen.<\/p>\n","protected":false},"excerpt":{"rendered":"<p>In jedem unserer 35 Zimmer finden Sie nat\u00fcrliche Materialien, die ein warmes und angenehmes Ambiente schaffen, damit Sie sich in Paris wie zu Hause f\u00fchlen. Jedes einzelne Zimmer enth\u00fcllt ausdrucksstarke Strukturkontraste in einem raffinierten, schlichten und intimistischen Dekor. Die hochwertigen Matratzen der Marke COCO-MAT, aus Naturlatex und Kokosnussfasern, erf\u00fcllen alle Schlafbed\u00fcrfnisse. Die Betten &#8211; vom [&hellip;]<\/p>\n","protected":false},"author":5,"featured_media":659,"parent":0,"menu_order":0,"comment_status":"closed","ping_status":"closed","template":"template-rooms.php","meta":{"footnotes":""},"class_list":["post-658","page","type-page","status-publish","has-post-thumbnail","hentry"],"yoast_head":"<!-- This site is optimized with the Yoast SEO plugin v26.9 - https:\/\/yoast.com\/product\/yoast-seo-wordpress\/ -->\n<title>Zimmer &amp; Suiten - Hidden Hotel Paris<\/title>\n<meta name=\"description\" content=\"In jedem unserer 35 Zimmer finden Sie nat\u00fcrliche Materialien, die ein warmes und angenehmes Ambiente schaffen, damit Sie sich in Paris wie zu Hause\" \/>\n<meta name=\"robots\" content=\"index, follow, max-snippet:-1, max-image-preview:large, max-video-preview:-1\" \/>\n<link rel=\"canonical\" href=\"https:\/\/hidden-hotel.com\/de\/zimmer-suiten\/\" \/>\n<meta property=\"og:locale\" content=\"de_DE\" \/>\n<meta property=\"og:type\" content=\"article\" \/>\n<meta property=\"og:title\" content=\"Zimmer &amp; Suiten - Hidden Hotel Paris\" \/>\n<meta property=\"og:description\" content=\"In jedem unserer 35 Zimmer finden Sie nat\u00fcrliche Materialien, die ein warmes und angenehmes Ambiente schaffen, damit Sie sich in Paris wie zu Hause\" \/>\n<meta property=\"og:url\" content=\"https:\/\/hidden-hotel.com\/de\/zimmer-suiten\/\" \/>\n<meta property=\"og:site_name\" content=\"Hidden Hotel Paris\" \/>\n<meta property=\"article:modified_time\" content=\"2022-02-21T08:18:18+00:00\" \/>\n<meta property=\"og:image\" content=\"https:\/\/hidden-hotel.com\/wp-content\/uploads\/sites\/209\/2020\/11\/th_HIDDEN-HOTEL-PARIS-17-CHAMBRE-SENSATION-15-68.jpg\" \/>\n\t<meta property=\"og:image:width\" content=\"1000\" \/>\n\t<meta property=\"og:image:height\" content=\"666\" \/>\n\t<meta property=\"og:image:type\" content=\"image\/jpeg\" \/>\n<meta name=\"twitter:card\" content=\"summary_large_image\" \/>\n<meta name=\"twitter:label1\" content=\"Gesch\u00e4tzte Lesezeit\" \/>\n\t<meta name=\"twitter:data1\" content=\"1 Minute\" \/>\n<script type=\"application\/ld+json\" class=\"yoast-schema-graph\">{\"@context\":\"https:\/\/schema.org\",\"@graph\":[{\"@type\":\"WebPage\",\"@id\":\"https:\/\/hidden-hotel.com\/de\/zimmer-suiten\/\",\"url\":\"https:\/\/hidden-hotel.com\/de\/zimmer-suiten\/\",\"name\":\"Zimmer &amp; Suiten - Hidden Hotel Paris\",\"isPartOf\":{\"@id\":\"https:\/\/hidden-hotel.com\/de\/#website\"},\"primaryImageOfPage\":{\"@id\":\"https:\/\/hidden-hotel.com\/de\/zimmer-suiten\/#primaryimage\"},\"image\":{\"@id\":\"https:\/\/hidden-hotel.com\/de\/zimmer-suiten\/#primaryimage\"},\"thumbnailUrl\":\"https:\/\/hidden-hotel.com\/wp-content\/uploads\/sites\/209\/2020\/11\/th_HIDDEN-HOTEL-PARIS-17-CHAMBRE-SENSATION-15-68.jpg\",\"datePublished\":\"2020-10-06T21:04:35+00:00\",\"dateModified\":\"2022-02-21T08:18:18+00:00\",\"description\":\"In jedem unserer 35 Zimmer finden Sie nat\u00fcrliche Materialien, die ein warmes und angenehmes Ambiente schaffen, damit Sie sich in Paris wie zu Hause\",\"breadcrumb\":{\"@id\":\"https:\/\/hidden-hotel.com\/de\/zimmer-suiten\/#breadcrumb\"},\"inLanguage\":\"de-DE\",\"potentialAction\":[{\"@type\":\"ReadAction\",\"target\":[\"https:\/\/hidden-hotel.com\/de\/zimmer-suiten\/\"]}]},{\"@type\":\"ImageObject\",\"inLanguage\":\"de-DE\",\"@id\":\"https:\/\/hidden-hotel.com\/de\/zimmer-suiten\/#primaryimage\",\"url\":\"https:\/\/hidden-hotel.com\/wp-content\/uploads\/sites\/209\/2020\/11\/th_HIDDEN-HOTEL-PARIS-17-CHAMBRE-SENSATION-15-68.jpg\",\"contentUrl\":\"https:\/\/hidden-hotel.com\/wp-content\/uploads\/sites\/209\/2020\/11\/th_HIDDEN-HOTEL-PARIS-17-CHAMBRE-SENSATION-15-68.jpg\",\"width\":1000,\"height\":666},{\"@type\":\"BreadcrumbList\",\"@id\":\"https:\/\/hidden-hotel.com\/de\/zimmer-suiten\/#breadcrumb\",\"itemListElement\":[{\"@type\":\"ListItem\",\"position\":1,\"name\":\"Home\",\"item\":\"https:\/\/hidden-hotel.com\/de\/\"},{\"@type\":\"ListItem\",\"position\":2,\"name\":\"Zimmer &amp; Suiten\"}]},{\"@type\":\"WebSite\",\"@id\":\"https:\/\/hidden-hotel.com\/de\/#website\",\"url\":\"https:\/\/hidden-hotel.com\/de\/\",\"name\":\"Hidden Hotel Paris\",\"description\":\"Just another ms.decms.eu site\",\"potentialAction\":[{\"@type\":\"SearchAction\",\"target\":{\"@type\":\"EntryPoint\",\"urlTemplate\":\"https:\/\/hidden-hotel.com\/de\/?s={search_term_string}\"},\"query-input\":{\"@type\":\"PropertyValueSpecification\",\"valueRequired\":true,\"valueName\":\"search_term_string\"}}],\"inLanguage\":\"de-DE\"}]}<\/script>\n<!-- \/ Yoast SEO plugin. -->","yoast_head_json":{"title":"Zimmer &amp; Suiten - Hidden Hotel Paris","description":"In jedem unserer 35 Zimmer finden Sie nat\u00fcrliche Materialien, die ein warmes und angenehmes Ambiente schaffen, damit Sie sich in Paris wie zu Hause","robots":{"index":"index","follow":"follow","max-snippet":"max-snippet:-1","max-image-preview":"max-image-preview:large","max-video-preview":"max-video-preview:-1"},"canonical":"https:\/\/hidden-hotel.com\/de\/zimmer-suiten\/","og_locale":"de_DE","og_type":"article","og_title":"Zimmer &amp; Suiten - Hidden Hotel Paris","og_description":"In jedem unserer 35 Zimmer finden Sie nat\u00fcrliche Materialien, die ein warmes und angenehmes Ambiente schaffen, damit Sie sich in Paris wie zu Hause","og_url":"https:\/\/hidden-hotel.com\/de\/zimmer-suiten\/","og_site_name":"Hidden Hotel Paris","article_modified_time":"2022-02-21T08:18:18+00:00","og_image":[{"width":1000,"height":666,"url":"https:\/\/hidden-hotel.com\/wp-content\/uploads\/sites\/209\/2020\/11\/th_HIDDEN-HOTEL-PARIS-17-CHAMBRE-SENSATION-15-68.jpg","type":"image\/jpeg"}],"twitter_card":"summary_large_image","twitter_misc":{"Gesch\u00e4tzte Lesezeit":"1 Minute"},"schema":{"@context":"https:\/\/schema.org","@graph":[{"@type":"WebPage","@id":"https:\/\/hidden-hotel.com\/de\/zimmer-suiten\/","url":"https:\/\/hidden-hotel.com\/de\/zimmer-suiten\/","name":"Zimmer &amp; Suiten - Hidden Hotel Paris","isPartOf":{"@id":"https:\/\/hidden-hotel.com\/de\/#website"},"primaryImageOfPage":{"@id":"https:\/\/hidden-hotel.com\/de\/zimmer-suiten\/#primaryimage"},"image":{"@id":"https:\/\/hidden-hotel.com\/de\/zimmer-suiten\/#primaryimage"},"thumbnailUrl":"https:\/\/hidden-hotel.com\/wp-content\/uploads\/sites\/209\/2020\/11\/th_HIDDEN-HOTEL-PARIS-17-CHAMBRE-SENSATION-15-68.jpg","datePublished":"2020-10-06T21:04:35+00:00","dateModified":"2022-02-21T08:18:18+00:00","description":"In jedem unserer 35 Zimmer finden Sie nat\u00fcrliche Materialien, die ein warmes und angenehmes Ambiente schaffen, damit Sie sich in Paris wie zu Hause","breadcrumb":{"@id":"https:\/\/hidden-hotel.com\/de\/zimmer-suiten\/#breadcrumb"},"inLanguage":"de-DE","potentialAction":[{"@type":"ReadAction","target":["https:\/\/hidden-hotel.com\/de\/zimmer-suiten\/"]}]},{"@type":"ImageObject","inLanguage":"de-DE","@id":"https:\/\/hidden-hotel.com\/de\/zimmer-suiten\/#primaryimage","url":"https:\/\/hidden-hotel.com\/wp-content\/uploads\/sites\/209\/2020\/11\/th_HIDDEN-HOTEL-PARIS-17-CHAMBRE-SENSATION-15-68.jpg","contentUrl":"https:\/\/hidden-hotel.com\/wp-content\/uploads\/sites\/209\/2020\/11\/th_HIDDEN-HOTEL-PARIS-17-CHAMBRE-SENSATION-15-68.jpg","width":1000,"height":666},{"@type":"BreadcrumbList","@id":"https:\/\/hidden-hotel.com\/de\/zimmer-suiten\/#breadcrumb","itemListElement":[{"@type":"ListItem","position":1,"name":"Home","item":"https:\/\/hidden-hotel.com\/de\/"},{"@type":"ListItem","position":2,"name":"Zimmer &amp; Suiten"}]},{"@type":"WebSite","@id":"https:\/\/hidden-hotel.com\/de\/#website","url":"https:\/\/hidden-hotel.com\/de\/","name":"Hidden Hotel Paris","description":"Just another ms.decms.eu site","potentialAction":[{"@type":"SearchAction","target":{"@type":"EntryPoint","urlTemplate":"https:\/\/hidden-hotel.com\/de\/?s={search_term_string}"},"query-input":{"@type":"PropertyValueSpecification","valueRequired":true,"valueName":"search_term_string"}}],"inLanguage":"de-DE"}]}},"acf":[],"_links":{"self":[{"href":"https:\/\/hidden-hotel.com\/de\/wp-json\/wp\/v2\/pages\/658","targetHints":{"allow":["GET"]}}],"collection":[{"href":"https:\/\/hidden-hotel.com\/de\/wp-json\/wp\/v2\/pages"}],"about":[{"href":"https:\/\/hidden-hotel.com\/de\/wp-json\/wp\/v2\/types\/page"}],"author":[{"embeddable":true,"href":"https:\/\/hidden-hotel.com\/de\/wp-json\/wp\/v2\/users\/5"}],"replies":[{"embeddable":true,"href":"https:\/\/hidden-hotel.com\/de\/wp-json\/wp\/v2\/comments?post=658"}],"version-history":[{"count":0,"href":"https:\/\/hidden-hotel.com\/de\/wp-json\/wp\/v2\/pages\/658\/revisions"}],"wp:featuredmedia":[{"embeddable":true,"href":"https:\/\/hidden-hotel.com\/de\/wp-json\/wp\/v2\/media\/659"}],"wp:attachment":[{"href":"https:\/\/hidden-hotel.com\/de\/wp-json\/wp\/v2\/media?parent=658"}],"curies":[{"name":"wp","href":"https:\/\/api.w.org\/{rel}","templated":true}]}}