{"id":740,"date":"2020-11-02T22:12:29","date_gmt":"2020-11-02T22:12:29","guid":{"rendered":"https:\/\/hidden.ms.decms.eu\/bar-a-cocktails\/"},"modified":"2023-08-29T13:58:59","modified_gmt":"2023-08-29T13:58:59","slug":"hidden-bar","status":"publish","type":"page","link":"https:\/\/hidden-hotel.com\/de\/hidden-bar\/","title":{"rendered":"Hidden Bar"},"content":{"rendered":"<p>Die Hidden Bar ist ein Ort f\u00fcr Geselligkeit, Gro\u00dfz\u00fcgigkeit und das Teilen geheimer Adressen in Paris.<\/p>\n<p>Genie\u00dfen Sie abends bei ged\u00e4mpftem Licht in der gem\u00fctlichen Bar die individuell gemixten Cocktails von unseren Barkeepern Manon und Tony. Probieren Sie ein belgisches Bier, entdecken Sie unsere Whiskysammlung oder g\u00f6nnen Sie sich eine gute Flasche Wein.<\/p>\n<p>F\u00fcr den kleinen Hunger bieten wir Ihnen ausgew\u00e4hlte Wurstwaren, feine K\u00e4se oder Tapas. Verw\u00f6hnen Sie sich mit Genuss!<\/p>\n<p>Einmal im Monat enth\u00fcllt unser Barteam die Geheimnisse ihrer Lieblingscocktails. Ob mit oder ohne Alkohol ist ein lustiger, exklusiver und geselliger Abend garantiert!<\/p>\n","protected":false},"excerpt":{"rendered":"<p>Die Hidden Bar ist ein Ort f\u00fcr Geselligkeit, Gro\u00dfz\u00fcgigkeit und das Teilen geheimer Adressen in Paris. Genie\u00dfen Sie abends bei ged\u00e4mpftem Licht in der gem\u00fctlichen Bar die individuell gemixten Cocktails von unseren Barkeepern Manon und Tony. Probieren Sie ein belgisches Bier, entdecken Sie unsere Whiskysammlung oder g\u00f6nnen Sie sich eine gute Flasche Wein. F\u00fcr den [&hellip;]<\/p>\n","protected":false},"author":5,"featured_media":1237,"parent":0,"menu_order":0,"comment_status":"closed","ping_status":"closed","template":"template-single-restaurant.php","meta":{"footnotes":""},"class_list":["post-740","page","type-page","status-publish","has-post-thumbnail","hentry"],"yoast_head":"<!-- This site is optimized with the Yoast SEO plugin v26.9 - https:\/\/yoast.com\/product\/yoast-seo-wordpress\/ -->\n<title>HIDDEN BAR PARIS<\/title>\n<meta name=\"description\" content=\"Die Hidden Bar ist ein Ort f\u00fcr Geselligkeit, Gro\u00dfz\u00fcgigkeit und das Teilen geheimer Adressen in Paris. Genie\u00dfen Sie abends bei ged\u00e4mpftem Licht in der\" \/>\n<meta name=\"robots\" content=\"index, follow, max-snippet:-1, max-image-preview:large, max-video-preview:-1\" \/>\n<link rel=\"canonical\" href=\"https:\/\/hidden-hotel.com\/de\/hidden-bar\/\" \/>\n<meta property=\"og:locale\" content=\"de_DE\" \/>\n<meta property=\"og:type\" content=\"article\" \/>\n<meta property=\"og:title\" content=\"HIDDEN BAR PARIS\" \/>\n<meta property=\"og:description\" content=\"Die Hidden Bar ist ein Ort f\u00fcr Geselligkeit, Gro\u00dfz\u00fcgigkeit und das Teilen geheimer Adressen in Paris. Genie\u00dfen Sie abends bei ged\u00e4mpftem Licht in der\" \/>\n<meta property=\"og:url\" content=\"https:\/\/hidden-hotel.com\/de\/hidden-bar\/\" \/>\n<meta property=\"og:site_name\" content=\"Hidden Hotel Paris\" \/>\n<meta property=\"article:modified_time\" content=\"2023-08-29T13:58:59+00:00\" \/>\n<meta property=\"og:image\" content=\"https:\/\/hidden-hotel.com\/wp-content\/uploads\/sites\/209\/2020\/11\/th_HIDDEN-HOTEL-PARIS-17-BAR-6.jpg\" \/>\n\t<meta property=\"og:image:width\" content=\"1000\" \/>\n\t<meta property=\"og:image:height\" content=\"666\" \/>\n\t<meta property=\"og:image:type\" content=\"image\/jpeg\" \/>\n<meta name=\"twitter:card\" content=\"summary_large_image\" \/>\n<meta name=\"twitter:label1\" content=\"Gesch\u00e4tzte Lesezeit\" \/>\n\t<meta name=\"twitter:data1\" content=\"1 Minute\" \/>\n<script type=\"application\/ld+json\" class=\"yoast-schema-graph\">{\"@context\":\"https:\/\/schema.org\",\"@graph\":[{\"@type\":\"WebPage\",\"@id\":\"https:\/\/hidden-hotel.com\/de\/hidden-bar\/\",\"url\":\"https:\/\/hidden-hotel.com\/de\/hidden-bar\/\",\"name\":\"HIDDEN BAR PARIS\",\"isPartOf\":{\"@id\":\"https:\/\/hidden-hotel.com\/de\/#website\"},\"primaryImageOfPage\":{\"@id\":\"https:\/\/hidden-hotel.com\/de\/hidden-bar\/#primaryimage\"},\"image\":{\"@id\":\"https:\/\/hidden-hotel.com\/de\/hidden-bar\/#primaryimage\"},\"thumbnailUrl\":\"https:\/\/hidden-hotel.com\/wp-content\/uploads\/sites\/209\/2020\/11\/th_HIDDEN-HOTEL-PARIS-17-BAR-6.jpg\",\"datePublished\":\"2020-11-02T22:12:29+00:00\",\"dateModified\":\"2023-08-29T13:58:59+00:00\",\"description\":\"Die Hidden Bar ist ein Ort f\u00fcr Geselligkeit, Gro\u00dfz\u00fcgigkeit und das Teilen geheimer Adressen in Paris. Genie\u00dfen Sie abends bei ged\u00e4mpftem Licht in der\",\"breadcrumb\":{\"@id\":\"https:\/\/hidden-hotel.com\/de\/hidden-bar\/#breadcrumb\"},\"inLanguage\":\"de-DE\",\"potentialAction\":[{\"@type\":\"ReadAction\",\"target\":[\"https:\/\/hidden-hotel.com\/de\/hidden-bar\/\"]}]},{\"@type\":\"ImageObject\",\"inLanguage\":\"de-DE\",\"@id\":\"https:\/\/hidden-hotel.com\/de\/hidden-bar\/#primaryimage\",\"url\":\"https:\/\/hidden-hotel.com\/wp-content\/uploads\/sites\/209\/2020\/11\/th_HIDDEN-HOTEL-PARIS-17-BAR-6.jpg\",\"contentUrl\":\"https:\/\/hidden-hotel.com\/wp-content\/uploads\/sites\/209\/2020\/11\/th_HIDDEN-HOTEL-PARIS-17-BAR-6.jpg\",\"width\":1000,\"height\":666},{\"@type\":\"BreadcrumbList\",\"@id\":\"https:\/\/hidden-hotel.com\/de\/hidden-bar\/#breadcrumb\",\"itemListElement\":[{\"@type\":\"ListItem\",\"position\":1,\"name\":\"Home\",\"item\":\"https:\/\/hidden-hotel.com\/de\/\"},{\"@type\":\"ListItem\",\"position\":2,\"name\":\"Hidden Bar\"}]},{\"@type\":\"WebSite\",\"@id\":\"https:\/\/hidden-hotel.com\/de\/#website\",\"url\":\"https:\/\/hidden-hotel.com\/de\/\",\"name\":\"Hidden Hotel Paris\",\"description\":\"Just another ms.decms.eu site\",\"potentialAction\":[{\"@type\":\"SearchAction\",\"target\":{\"@type\":\"EntryPoint\",\"urlTemplate\":\"https:\/\/hidden-hotel.com\/de\/?s={search_term_string}\"},\"query-input\":{\"@type\":\"PropertyValueSpecification\",\"valueRequired\":true,\"valueName\":\"search_term_string\"}}],\"inLanguage\":\"de-DE\"}]}<\/script>\n<!-- \/ Yoast SEO plugin. -->","yoast_head_json":{"title":"HIDDEN BAR PARIS","description":"Die Hidden Bar ist ein Ort f\u00fcr Geselligkeit, Gro\u00dfz\u00fcgigkeit und das Teilen geheimer Adressen in Paris. Genie\u00dfen Sie abends bei ged\u00e4mpftem Licht in der","robots":{"index":"index","follow":"follow","max-snippet":"max-snippet:-1","max-image-preview":"max-image-preview:large","max-video-preview":"max-video-preview:-1"},"canonical":"https:\/\/hidden-hotel.com\/de\/hidden-bar\/","og_locale":"de_DE","og_type":"article","og_title":"HIDDEN BAR PARIS","og_description":"Die Hidden Bar ist ein Ort f\u00fcr Geselligkeit, Gro\u00dfz\u00fcgigkeit und das Teilen geheimer Adressen in Paris. Genie\u00dfen Sie abends bei ged\u00e4mpftem Licht in der","og_url":"https:\/\/hidden-hotel.com\/de\/hidden-bar\/","og_site_name":"Hidden Hotel Paris","article_modified_time":"2023-08-29T13:58:59+00:00","og_image":[{"width":1000,"height":666,"url":"https:\/\/hidden-hotel.com\/wp-content\/uploads\/sites\/209\/2020\/11\/th_HIDDEN-HOTEL-PARIS-17-BAR-6.jpg","type":"image\/jpeg"}],"twitter_card":"summary_large_image","twitter_misc":{"Gesch\u00e4tzte Lesezeit":"1 Minute"},"schema":{"@context":"https:\/\/schema.org","@graph":[{"@type":"WebPage","@id":"https:\/\/hidden-hotel.com\/de\/hidden-bar\/","url":"https:\/\/hidden-hotel.com\/de\/hidden-bar\/","name":"HIDDEN BAR PARIS","isPartOf":{"@id":"https:\/\/hidden-hotel.com\/de\/#website"},"primaryImageOfPage":{"@id":"https:\/\/hidden-hotel.com\/de\/hidden-bar\/#primaryimage"},"image":{"@id":"https:\/\/hidden-hotel.com\/de\/hidden-bar\/#primaryimage"},"thumbnailUrl":"https:\/\/hidden-hotel.com\/wp-content\/uploads\/sites\/209\/2020\/11\/th_HIDDEN-HOTEL-PARIS-17-BAR-6.jpg","datePublished":"2020-11-02T22:12:29+00:00","dateModified":"2023-08-29T13:58:59+00:00","description":"Die Hidden Bar ist ein Ort f\u00fcr Geselligkeit, Gro\u00dfz\u00fcgigkeit und das Teilen geheimer Adressen in Paris. Genie\u00dfen Sie abends bei ged\u00e4mpftem Licht in der","breadcrumb":{"@id":"https:\/\/hidden-hotel.com\/de\/hidden-bar\/#breadcrumb"},"inLanguage":"de-DE","potentialAction":[{"@type":"ReadAction","target":["https:\/\/hidden-hotel.com\/de\/hidden-bar\/"]}]},{"@type":"ImageObject","inLanguage":"de-DE","@id":"https:\/\/hidden-hotel.com\/de\/hidden-bar\/#primaryimage","url":"https:\/\/hidden-hotel.com\/wp-content\/uploads\/sites\/209\/2020\/11\/th_HIDDEN-HOTEL-PARIS-17-BAR-6.jpg","contentUrl":"https:\/\/hidden-hotel.com\/wp-content\/uploads\/sites\/209\/2020\/11\/th_HIDDEN-HOTEL-PARIS-17-BAR-6.jpg","width":1000,"height":666},{"@type":"BreadcrumbList","@id":"https:\/\/hidden-hotel.com\/de\/hidden-bar\/#breadcrumb","itemListElement":[{"@type":"ListItem","position":1,"name":"Home","item":"https:\/\/hidden-hotel.com\/de\/"},{"@type":"ListItem","position":2,"name":"Hidden Bar"}]},{"@type":"WebSite","@id":"https:\/\/hidden-hotel.com\/de\/#website","url":"https:\/\/hidden-hotel.com\/de\/","name":"Hidden Hotel Paris","description":"Just another ms.decms.eu site","potentialAction":[{"@type":"SearchAction","target":{"@type":"EntryPoint","urlTemplate":"https:\/\/hidden-hotel.com\/de\/?s={search_term_string}"},"query-input":{"@type":"PropertyValueSpecification","valueRequired":true,"valueName":"search_term_string"}}],"inLanguage":"de-DE"}]}},"acf":[],"_links":{"self":[{"href":"https:\/\/hidden-hotel.com\/de\/wp-json\/wp\/v2\/pages\/740","targetHints":{"allow":["GET"]}}],"collection":[{"href":"https:\/\/hidden-hotel.com\/de\/wp-json\/wp\/v2\/pages"}],"about":[{"href":"https:\/\/hidden-hotel.com\/de\/wp-json\/wp\/v2\/types\/page"}],"author":[{"embeddable":true,"href":"https:\/\/hidden-hotel.com\/de\/wp-json\/wp\/v2\/users\/5"}],"replies":[{"embeddable":true,"href":"https:\/\/hidden-hotel.com\/de\/wp-json\/wp\/v2\/comments?post=740"}],"version-history":[{"count":0,"href":"https:\/\/hidden-hotel.com\/de\/wp-json\/wp\/v2\/pages\/740\/revisions"}],"wp:featuredmedia":[{"embeddable":true,"href":"https:\/\/hidden-hotel.com\/de\/wp-json\/wp\/v2\/media\/1237"}],"wp:attachment":[{"href":"https:\/\/hidden-hotel.com\/de\/wp-json\/wp\/v2\/media?parent=740"}],"curies":[{"name":"wp","href":"https:\/\/api.w.org\/{rel}","templated":true}]}}