{"id":751,"date":"2020-11-09T10:28:38","date_gmt":"2020-11-09T10:28:38","guid":{"rendered":"https:\/\/hidden.ms.decms.eu\/petit-salon\/"},"modified":"2022-02-21T10:48:46","modified_gmt":"2022-02-21T10:48:46","slug":"kleine-salon","status":"publish","type":"page","link":"https:\/\/hidden-hotel.com\/de\/kleine-salon\/","title":{"rendered":"Der kleine Salon"},"content":{"rendered":"<p>Gro\u00dfe Ledersofas laden in einer warmen, behaglichen und entspannenden Atmosph\u00e4re zum Verweilen ein. Der Salon, der f\u00fcr bis zu 8 Personen ausgerichtet ist, kann nach Ihren W\u00fcnschen und Bed\u00fcrfnissen umgestaltet werden in:<\/p>\n<ul>\n<li>einen Besprechungsraum mit der M\u00f6glichkeit, den Computer an den Fernseher anzuschlie\u00dfen<\/li>\n<li>einen Ort, um mit Freunden und den dazugeh\u00f6rigen Getr\u00e4nken Sportereignisse zu verfolgen<\/li>\n<li>einen Kinosaal, in dem man zu einem guten Film auf der Leinwand eine gute Flasche Wein genie\u00dft<\/li>\n<li>ein Spielzimmer f\u00fcr ein Pokerspiel mit Freunden<\/li>\n<li>eine Zigarrenlounge, sollte Ihnen nach Rauchen zumute sein<\/li>\n<li>oder einfach einen Ort zum Lesen, Arbeiten, die Welt zu ver\u00e4ndern\u2026 und zum Abschalten<\/li>\n<\/ul>\n<p>Das Barteam versorgt Sie mit Getr\u00e4nken und Tapas, damit es Ihnen an nichts fehlt. Welcher Ort auch immer, unsere Mitarbeiter bem\u00fchen sich um Ihr Wohlbefinden und stehen Ihnen zur Verf\u00fcgung, um Ihre W\u00fcnsche und Erwartungen zu erf\u00fcllen.<\/p>\n","protected":false},"excerpt":{"rendered":"<p>Gro\u00dfe Ledersofas laden in einer warmen, behaglichen und entspannenden Atmosph\u00e4re zum Verweilen ein. Der Salon, der f\u00fcr bis zu 8 Personen ausgerichtet ist, kann nach Ihren W\u00fcnschen und Bed\u00fcrfnissen umgestaltet werden in: einen Besprechungsraum mit der M\u00f6glichkeit, den Computer an den Fernseher anzuschlie\u00dfen einen Ort, um mit Freunden und den dazugeh\u00f6rigen Getr\u00e4nken Sportereignisse zu verfolgen [&hellip;]<\/p>\n","protected":false},"author":5,"featured_media":725,"parent":0,"menu_order":0,"comment_status":"closed","ping_status":"closed","template":"template-default-2.php","meta":{"footnotes":""},"class_list":["post-751","page","type-page","status-publish","has-post-thumbnail","hentry"],"yoast_head":"<!-- This site is optimized with the Yoast SEO plugin v26.9 - https:\/\/yoast.com\/product\/yoast-seo-wordpress\/ -->\n<title>Der kleine Salon - Hidden Hotel Paris<\/title>\n<meta name=\"description\" content=\"Gro\u00dfe Ledersofas laden in einer warmen, behaglichen und entspannenden Atmosph\u00e4re zum Verweilen ein. Der Salon, der f\u00fcr bis zu 8 Personen ausgerichtet ist,\" \/>\n<meta name=\"robots\" content=\"index, follow, max-snippet:-1, max-image-preview:large, max-video-preview:-1\" \/>\n<link rel=\"canonical\" href=\"https:\/\/hidden-hotel.com\/de\/kleine-salon\/\" \/>\n<meta property=\"og:locale\" content=\"de_DE\" \/>\n<meta property=\"og:type\" content=\"article\" \/>\n<meta property=\"og:title\" content=\"Der kleine Salon - Hidden Hotel Paris\" \/>\n<meta property=\"og:description\" content=\"Gro\u00dfe Ledersofas laden in einer warmen, behaglichen und entspannenden Atmosph\u00e4re zum Verweilen ein. Der Salon, der f\u00fcr bis zu 8 Personen ausgerichtet ist,\" \/>\n<meta property=\"og:url\" content=\"https:\/\/hidden-hotel.com\/de\/kleine-salon\/\" \/>\n<meta property=\"og:site_name\" content=\"Hidden Hotel Paris\" \/>\n<meta property=\"article:modified_time\" content=\"2022-02-21T10:48:46+00:00\" \/>\n<meta property=\"og:image\" content=\"https:\/\/hidden-hotel.com\/wp-content\/uploads\/sites\/209\/2020\/11\/th_15-HIDDEN-HOTEL-PARIS-17-LE-PETIT-SALON-3.jpg\" \/>\n\t<meta property=\"og:image:width\" content=\"1000\" \/>\n\t<meta property=\"og:image:height\" content=\"666\" \/>\n\t<meta property=\"og:image:type\" content=\"image\/jpeg\" \/>\n<meta name=\"twitter:card\" content=\"summary_large_image\" \/>\n<meta name=\"twitter:label1\" content=\"Gesch\u00e4tzte Lesezeit\" \/>\n\t<meta name=\"twitter:data1\" content=\"1 Minute\" \/>\n<script type=\"application\/ld+json\" class=\"yoast-schema-graph\">{\"@context\":\"https:\/\/schema.org\",\"@graph\":[{\"@type\":\"WebPage\",\"@id\":\"https:\/\/hidden-hotel.com\/de\/kleine-salon\/\",\"url\":\"https:\/\/hidden-hotel.com\/de\/kleine-salon\/\",\"name\":\"Der kleine Salon - Hidden Hotel Paris\",\"isPartOf\":{\"@id\":\"https:\/\/hidden-hotel.com\/de\/#website\"},\"primaryImageOfPage\":{\"@id\":\"https:\/\/hidden-hotel.com\/de\/kleine-salon\/#primaryimage\"},\"image\":{\"@id\":\"https:\/\/hidden-hotel.com\/de\/kleine-salon\/#primaryimage\"},\"thumbnailUrl\":\"https:\/\/hidden-hotel.com\/wp-content\/uploads\/sites\/209\/2020\/11\/th_15-HIDDEN-HOTEL-PARIS-17-LE-PETIT-SALON-3.jpg\",\"datePublished\":\"2020-11-09T10:28:38+00:00\",\"dateModified\":\"2022-02-21T10:48:46+00:00\",\"description\":\"Gro\u00dfe Ledersofas laden in einer warmen, behaglichen und entspannenden Atmosph\u00e4re zum Verweilen ein. Der Salon, der f\u00fcr bis zu 8 Personen ausgerichtet ist,\",\"breadcrumb\":{\"@id\":\"https:\/\/hidden-hotel.com\/de\/kleine-salon\/#breadcrumb\"},\"inLanguage\":\"de-DE\",\"potentialAction\":[{\"@type\":\"ReadAction\",\"target\":[\"https:\/\/hidden-hotel.com\/de\/kleine-salon\/\"]}]},{\"@type\":\"ImageObject\",\"inLanguage\":\"de-DE\",\"@id\":\"https:\/\/hidden-hotel.com\/de\/kleine-salon\/#primaryimage\",\"url\":\"https:\/\/hidden-hotel.com\/wp-content\/uploads\/sites\/209\/2020\/11\/th_15-HIDDEN-HOTEL-PARIS-17-LE-PETIT-SALON-3.jpg\",\"contentUrl\":\"https:\/\/hidden-hotel.com\/wp-content\/uploads\/sites\/209\/2020\/11\/th_15-HIDDEN-HOTEL-PARIS-17-LE-PETIT-SALON-3.jpg\",\"width\":1000,\"height\":666},{\"@type\":\"BreadcrumbList\",\"@id\":\"https:\/\/hidden-hotel.com\/de\/kleine-salon\/#breadcrumb\",\"itemListElement\":[{\"@type\":\"ListItem\",\"position\":1,\"name\":\"Home\",\"item\":\"https:\/\/hidden-hotel.com\/de\/\"},{\"@type\":\"ListItem\",\"position\":2,\"name\":\"Der kleine Salon\"}]},{\"@type\":\"WebSite\",\"@id\":\"https:\/\/hidden-hotel.com\/de\/#website\",\"url\":\"https:\/\/hidden-hotel.com\/de\/\",\"name\":\"Hidden Hotel Paris\",\"description\":\"Just another ms.decms.eu site\",\"potentialAction\":[{\"@type\":\"SearchAction\",\"target\":{\"@type\":\"EntryPoint\",\"urlTemplate\":\"https:\/\/hidden-hotel.com\/de\/?s={search_term_string}\"},\"query-input\":{\"@type\":\"PropertyValueSpecification\",\"valueRequired\":true,\"valueName\":\"search_term_string\"}}],\"inLanguage\":\"de-DE\"}]}<\/script>\n<!-- \/ Yoast SEO plugin. -->","yoast_head_json":{"title":"Der kleine Salon - Hidden Hotel Paris","description":"Gro\u00dfe Ledersofas laden in einer warmen, behaglichen und entspannenden Atmosph\u00e4re zum Verweilen ein. Der Salon, der f\u00fcr bis zu 8 Personen ausgerichtet ist,","robots":{"index":"index","follow":"follow","max-snippet":"max-snippet:-1","max-image-preview":"max-image-preview:large","max-video-preview":"max-video-preview:-1"},"canonical":"https:\/\/hidden-hotel.com\/de\/kleine-salon\/","og_locale":"de_DE","og_type":"article","og_title":"Der kleine Salon - Hidden Hotel Paris","og_description":"Gro\u00dfe Ledersofas laden in einer warmen, behaglichen und entspannenden Atmosph\u00e4re zum Verweilen ein. Der Salon, der f\u00fcr bis zu 8 Personen ausgerichtet ist,","og_url":"https:\/\/hidden-hotel.com\/de\/kleine-salon\/","og_site_name":"Hidden Hotel Paris","article_modified_time":"2022-02-21T10:48:46+00:00","og_image":[{"width":1000,"height":666,"url":"https:\/\/hidden-hotel.com\/wp-content\/uploads\/sites\/209\/2020\/11\/th_15-HIDDEN-HOTEL-PARIS-17-LE-PETIT-SALON-3.jpg","type":"image\/jpeg"}],"twitter_card":"summary_large_image","twitter_misc":{"Gesch\u00e4tzte Lesezeit":"1 Minute"},"schema":{"@context":"https:\/\/schema.org","@graph":[{"@type":"WebPage","@id":"https:\/\/hidden-hotel.com\/de\/kleine-salon\/","url":"https:\/\/hidden-hotel.com\/de\/kleine-salon\/","name":"Der kleine Salon - Hidden Hotel Paris","isPartOf":{"@id":"https:\/\/hidden-hotel.com\/de\/#website"},"primaryImageOfPage":{"@id":"https:\/\/hidden-hotel.com\/de\/kleine-salon\/#primaryimage"},"image":{"@id":"https:\/\/hidden-hotel.com\/de\/kleine-salon\/#primaryimage"},"thumbnailUrl":"https:\/\/hidden-hotel.com\/wp-content\/uploads\/sites\/209\/2020\/11\/th_15-HIDDEN-HOTEL-PARIS-17-LE-PETIT-SALON-3.jpg","datePublished":"2020-11-09T10:28:38+00:00","dateModified":"2022-02-21T10:48:46+00:00","description":"Gro\u00dfe Ledersofas laden in einer warmen, behaglichen und entspannenden Atmosph\u00e4re zum Verweilen ein. Der Salon, der f\u00fcr bis zu 8 Personen ausgerichtet ist,","breadcrumb":{"@id":"https:\/\/hidden-hotel.com\/de\/kleine-salon\/#breadcrumb"},"inLanguage":"de-DE","potentialAction":[{"@type":"ReadAction","target":["https:\/\/hidden-hotel.com\/de\/kleine-salon\/"]}]},{"@type":"ImageObject","inLanguage":"de-DE","@id":"https:\/\/hidden-hotel.com\/de\/kleine-salon\/#primaryimage","url":"https:\/\/hidden-hotel.com\/wp-content\/uploads\/sites\/209\/2020\/11\/th_15-HIDDEN-HOTEL-PARIS-17-LE-PETIT-SALON-3.jpg","contentUrl":"https:\/\/hidden-hotel.com\/wp-content\/uploads\/sites\/209\/2020\/11\/th_15-HIDDEN-HOTEL-PARIS-17-LE-PETIT-SALON-3.jpg","width":1000,"height":666},{"@type":"BreadcrumbList","@id":"https:\/\/hidden-hotel.com\/de\/kleine-salon\/#breadcrumb","itemListElement":[{"@type":"ListItem","position":1,"name":"Home","item":"https:\/\/hidden-hotel.com\/de\/"},{"@type":"ListItem","position":2,"name":"Der kleine Salon"}]},{"@type":"WebSite","@id":"https:\/\/hidden-hotel.com\/de\/#website","url":"https:\/\/hidden-hotel.com\/de\/","name":"Hidden Hotel Paris","description":"Just another ms.decms.eu site","potentialAction":[{"@type":"SearchAction","target":{"@type":"EntryPoint","urlTemplate":"https:\/\/hidden-hotel.com\/de\/?s={search_term_string}"},"query-input":{"@type":"PropertyValueSpecification","valueRequired":true,"valueName":"search_term_string"}}],"inLanguage":"de-DE"}]}},"acf":[],"_links":{"self":[{"href":"https:\/\/hidden-hotel.com\/de\/wp-json\/wp\/v2\/pages\/751","targetHints":{"allow":["GET"]}}],"collection":[{"href":"https:\/\/hidden-hotel.com\/de\/wp-json\/wp\/v2\/pages"}],"about":[{"href":"https:\/\/hidden-hotel.com\/de\/wp-json\/wp\/v2\/types\/page"}],"author":[{"embeddable":true,"href":"https:\/\/hidden-hotel.com\/de\/wp-json\/wp\/v2\/users\/5"}],"replies":[{"embeddable":true,"href":"https:\/\/hidden-hotel.com\/de\/wp-json\/wp\/v2\/comments?post=751"}],"version-history":[{"count":0,"href":"https:\/\/hidden-hotel.com\/de\/wp-json\/wp\/v2\/pages\/751\/revisions"}],"wp:featuredmedia":[{"embeddable":true,"href":"https:\/\/hidden-hotel.com\/de\/wp-json\/wp\/v2\/media\/725"}],"wp:attachment":[{"href":"https:\/\/hidden-hotel.com\/de\/wp-json\/wp\/v2\/media?parent=751"}],"curies":[{"name":"wp","href":"https:\/\/api.w.org\/{rel}","templated":true}]}}