{"id":763,"date":"2020-09-29T20:01:11","date_gmt":"2020-09-29T20:01:11","guid":{"rendered":"https:\/\/hidden.ms.decms.eu\/quartier\/"},"modified":"2021-10-18T20:13:42","modified_gmt":"2021-10-18T20:13:42","slug":"unsere-adressen","status":"publish","type":"page","link":"https:\/\/hidden-hotel.com\/de\/unsere-adressen\/","title":{"rendered":"Unsere besten &amp; geheimen Adressen"},"content":{"rendered":"<p>Das 17. Pariser Arrondissement ist ein zeitloses Viertel. Einerseits trendy &amp; arty, andererseits einladend &amp; angenehm ruhig, mit sch\u00f6nen, typischen Pariser Bauten im \u201aBaron Haussmann-Stil\u2018.<\/p>\n<p>Spazieren Sie auf der Avenue der Champs-\u00c9lys\u00e9es vom Triumphbogen bis zum Place de la Concorde &amp; dem Louvre, genie\u00dfen Sie kulturelle Highlights in den naheliegenden Museen, schlendern Sie durch Boutiquen und belebte M\u00e4rkte, machen Sie eine Pause in einem der zahlreichen einladenden Caf\u00e9s, verbringen Sie sch\u00f6ne Momente in einer der gastronomischen Adressen oder lassen Sie sich von einem der zahlreichen Schokoladengesch\u00e4fte in Versuchung f\u00fchren\u2026<\/p>\n<p>Wir freuen uns darauf, Ihnen die versteckten Pl\u00e4tze von Paris zu enth\u00fcllen und mit Ihnen bald unsere besten Adressen (Restaurants, Einkaufsm\u00f6glichkeiten, Ausfl\u00fcge\u2026) teilen zu d\u00fcrfen.<\/p>\n","protected":false},"excerpt":{"rendered":"<p>Das 17. Pariser Arrondissement ist ein zeitloses Viertel. Einerseits trendy &amp; arty, andererseits einladend &amp; angenehm ruhig, mit sch\u00f6nen, typischen Pariser Bauten im \u201aBaron Haussmann-Stil\u2018. Spazieren Sie auf der Avenue der Champs-\u00c9lys\u00e9es vom Triumphbogen bis zum Place de la Concorde &amp; dem Louvre, genie\u00dfen Sie kulturelle Highlights in den naheliegenden Museen, schlendern Sie durch Boutiquen [&hellip;]<\/p>\n","protected":false},"author":5,"featured_media":765,"parent":0,"menu_order":0,"comment_status":"closed","ping_status":"closed","template":"template-surroundings.php","meta":{"footnotes":""},"class_list":["post-763","page","type-page","status-publish","has-post-thumbnail","hentry"],"yoast_head":"<!-- This site is optimized with the Yoast SEO plugin v26.9 - https:\/\/yoast.com\/product\/yoast-seo-wordpress\/ -->\n<title>Unsere besten &amp; geheimen Adressen - Hidden Hotel Paris<\/title>\n<meta name=\"description\" content=\"Das 17. Pariser Arrondissement ist ein zeitloses Viertel. Einerseits trendy &amp; arty, andererseits einladend &amp; angenehm ruhig, mit sch\u00f6nen,\" \/>\n<meta name=\"robots\" content=\"index, follow, max-snippet:-1, max-image-preview:large, max-video-preview:-1\" \/>\n<link rel=\"canonical\" href=\"https:\/\/hidden-hotel.com\/de\/unsere-adressen\/\" \/>\n<meta property=\"og:locale\" content=\"de_DE\" \/>\n<meta property=\"og:type\" content=\"article\" \/>\n<meta property=\"og:title\" content=\"Unsere besten &amp; geheimen Adressen - Hidden Hotel Paris\" \/>\n<meta property=\"og:description\" content=\"Das 17. Pariser Arrondissement ist ein zeitloses Viertel. Einerseits trendy &amp; arty, andererseits einladend &amp; angenehm ruhig, mit sch\u00f6nen,\" \/>\n<meta property=\"og:url\" content=\"https:\/\/hidden-hotel.com\/de\/unsere-adressen\/\" \/>\n<meta property=\"og:site_name\" content=\"Hidden Hotel Paris\" \/>\n<meta property=\"article:modified_time\" content=\"2021-10-18T20:13:42+00:00\" \/>\n<meta property=\"og:image\" content=\"https:\/\/hidden-hotel.com\/wp-content\/uploads\/sites\/209\/2020\/11\/municipales-paris-20201.png\" \/>\n\t<meta property=\"og:image:width\" content=\"1020\" \/>\n\t<meta property=\"og:image:height\" content=\"679\" \/>\n\t<meta property=\"og:image:type\" content=\"image\/png\" \/>\n<meta name=\"twitter:card\" content=\"summary_large_image\" \/>\n<meta name=\"twitter:label1\" content=\"Gesch\u00e4tzte Lesezeit\" \/>\n\t<meta name=\"twitter:data1\" content=\"1 Minute\" \/>\n<script type=\"application\/ld+json\" class=\"yoast-schema-graph\">{\"@context\":\"https:\/\/schema.org\",\"@graph\":[{\"@type\":\"WebPage\",\"@id\":\"https:\/\/hidden-hotel.com\/de\/unsere-adressen\/\",\"url\":\"https:\/\/hidden-hotel.com\/de\/unsere-adressen\/\",\"name\":\"Unsere besten &amp; geheimen Adressen - Hidden Hotel Paris\",\"isPartOf\":{\"@id\":\"https:\/\/hidden-hotel.com\/de\/#website\"},\"primaryImageOfPage\":{\"@id\":\"https:\/\/hidden-hotel.com\/de\/unsere-adressen\/#primaryimage\"},\"image\":{\"@id\":\"https:\/\/hidden-hotel.com\/de\/unsere-adressen\/#primaryimage\"},\"thumbnailUrl\":\"https:\/\/hidden-hotel.com\/wp-content\/uploads\/sites\/209\/2020\/11\/municipales-paris-20201.png\",\"datePublished\":\"2020-09-29T20:01:11+00:00\",\"dateModified\":\"2021-10-18T20:13:42+00:00\",\"description\":\"Das 17. Pariser Arrondissement ist ein zeitloses Viertel. Einerseits trendy &amp; arty, andererseits einladend &amp; angenehm ruhig, mit sch\u00f6nen,\",\"breadcrumb\":{\"@id\":\"https:\/\/hidden-hotel.com\/de\/unsere-adressen\/#breadcrumb\"},\"inLanguage\":\"de-DE\",\"potentialAction\":[{\"@type\":\"ReadAction\",\"target\":[\"https:\/\/hidden-hotel.com\/de\/unsere-adressen\/\"]}]},{\"@type\":\"ImageObject\",\"inLanguage\":\"de-DE\",\"@id\":\"https:\/\/hidden-hotel.com\/de\/unsere-adressen\/#primaryimage\",\"url\":\"https:\/\/hidden-hotel.com\/wp-content\/uploads\/sites\/209\/2020\/11\/municipales-paris-20201.png\",\"contentUrl\":\"https:\/\/hidden-hotel.com\/wp-content\/uploads\/sites\/209\/2020\/11\/municipales-paris-20201.png\",\"width\":1020,\"height\":679},{\"@type\":\"BreadcrumbList\",\"@id\":\"https:\/\/hidden-hotel.com\/de\/unsere-adressen\/#breadcrumb\",\"itemListElement\":[{\"@type\":\"ListItem\",\"position\":1,\"name\":\"Home\",\"item\":\"https:\/\/hidden-hotel.com\/de\/\"},{\"@type\":\"ListItem\",\"position\":2,\"name\":\"Unsere besten &amp; geheimen Adressen\"}]},{\"@type\":\"WebSite\",\"@id\":\"https:\/\/hidden-hotel.com\/de\/#website\",\"url\":\"https:\/\/hidden-hotel.com\/de\/\",\"name\":\"Hidden Hotel Paris\",\"description\":\"Just another ms.decms.eu site\",\"potentialAction\":[{\"@type\":\"SearchAction\",\"target\":{\"@type\":\"EntryPoint\",\"urlTemplate\":\"https:\/\/hidden-hotel.com\/de\/?s={search_term_string}\"},\"query-input\":{\"@type\":\"PropertyValueSpecification\",\"valueRequired\":true,\"valueName\":\"search_term_string\"}}],\"inLanguage\":\"de-DE\"}]}<\/script>\n<!-- \/ Yoast SEO plugin. -->","yoast_head_json":{"title":"Unsere besten &amp; geheimen Adressen - Hidden Hotel Paris","description":"Das 17. Pariser Arrondissement ist ein zeitloses Viertel. Einerseits trendy &amp; arty, andererseits einladend &amp; angenehm ruhig, mit sch\u00f6nen,","robots":{"index":"index","follow":"follow","max-snippet":"max-snippet:-1","max-image-preview":"max-image-preview:large","max-video-preview":"max-video-preview:-1"},"canonical":"https:\/\/hidden-hotel.com\/de\/unsere-adressen\/","og_locale":"de_DE","og_type":"article","og_title":"Unsere besten &amp; geheimen Adressen - Hidden Hotel Paris","og_description":"Das 17. Pariser Arrondissement ist ein zeitloses Viertel. Einerseits trendy &amp; arty, andererseits einladend &amp; angenehm ruhig, mit sch\u00f6nen,","og_url":"https:\/\/hidden-hotel.com\/de\/unsere-adressen\/","og_site_name":"Hidden Hotel Paris","article_modified_time":"2021-10-18T20:13:42+00:00","og_image":[{"width":1020,"height":679,"url":"https:\/\/hidden-hotel.com\/wp-content\/uploads\/sites\/209\/2020\/11\/municipales-paris-20201.png","type":"image\/png"}],"twitter_card":"summary_large_image","twitter_misc":{"Gesch\u00e4tzte Lesezeit":"1 Minute"},"schema":{"@context":"https:\/\/schema.org","@graph":[{"@type":"WebPage","@id":"https:\/\/hidden-hotel.com\/de\/unsere-adressen\/","url":"https:\/\/hidden-hotel.com\/de\/unsere-adressen\/","name":"Unsere besten &amp; geheimen Adressen - Hidden Hotel Paris","isPartOf":{"@id":"https:\/\/hidden-hotel.com\/de\/#website"},"primaryImageOfPage":{"@id":"https:\/\/hidden-hotel.com\/de\/unsere-adressen\/#primaryimage"},"image":{"@id":"https:\/\/hidden-hotel.com\/de\/unsere-adressen\/#primaryimage"},"thumbnailUrl":"https:\/\/hidden-hotel.com\/wp-content\/uploads\/sites\/209\/2020\/11\/municipales-paris-20201.png","datePublished":"2020-09-29T20:01:11+00:00","dateModified":"2021-10-18T20:13:42+00:00","description":"Das 17. Pariser Arrondissement ist ein zeitloses Viertel. Einerseits trendy &amp; arty, andererseits einladend &amp; angenehm ruhig, mit sch\u00f6nen,","breadcrumb":{"@id":"https:\/\/hidden-hotel.com\/de\/unsere-adressen\/#breadcrumb"},"inLanguage":"de-DE","potentialAction":[{"@type":"ReadAction","target":["https:\/\/hidden-hotel.com\/de\/unsere-adressen\/"]}]},{"@type":"ImageObject","inLanguage":"de-DE","@id":"https:\/\/hidden-hotel.com\/de\/unsere-adressen\/#primaryimage","url":"https:\/\/hidden-hotel.com\/wp-content\/uploads\/sites\/209\/2020\/11\/municipales-paris-20201.png","contentUrl":"https:\/\/hidden-hotel.com\/wp-content\/uploads\/sites\/209\/2020\/11\/municipales-paris-20201.png","width":1020,"height":679},{"@type":"BreadcrumbList","@id":"https:\/\/hidden-hotel.com\/de\/unsere-adressen\/#breadcrumb","itemListElement":[{"@type":"ListItem","position":1,"name":"Home","item":"https:\/\/hidden-hotel.com\/de\/"},{"@type":"ListItem","position":2,"name":"Unsere besten &amp; geheimen Adressen"}]},{"@type":"WebSite","@id":"https:\/\/hidden-hotel.com\/de\/#website","url":"https:\/\/hidden-hotel.com\/de\/","name":"Hidden Hotel Paris","description":"Just another ms.decms.eu site","potentialAction":[{"@type":"SearchAction","target":{"@type":"EntryPoint","urlTemplate":"https:\/\/hidden-hotel.com\/de\/?s={search_term_string}"},"query-input":{"@type":"PropertyValueSpecification","valueRequired":true,"valueName":"search_term_string"}}],"inLanguage":"de-DE"}]}},"acf":[],"_links":{"self":[{"href":"https:\/\/hidden-hotel.com\/de\/wp-json\/wp\/v2\/pages\/763","targetHints":{"allow":["GET"]}}],"collection":[{"href":"https:\/\/hidden-hotel.com\/de\/wp-json\/wp\/v2\/pages"}],"about":[{"href":"https:\/\/hidden-hotel.com\/de\/wp-json\/wp\/v2\/types\/page"}],"author":[{"embeddable":true,"href":"https:\/\/hidden-hotel.com\/de\/wp-json\/wp\/v2\/users\/5"}],"replies":[{"embeddable":true,"href":"https:\/\/hidden-hotel.com\/de\/wp-json\/wp\/v2\/comments?post=763"}],"version-history":[{"count":0,"href":"https:\/\/hidden-hotel.com\/de\/wp-json\/wp\/v2\/pages\/763\/revisions"}],"wp:featuredmedia":[{"embeddable":true,"href":"https:\/\/hidden-hotel.com\/de\/wp-json\/wp\/v2\/media\/765"}],"wp:attachment":[{"href":"https:\/\/hidden-hotel.com\/de\/wp-json\/wp\/v2\/media?parent=763"}],"curies":[{"name":"wp","href":"https:\/\/api.w.org\/{rel}","templated":true}]}}