{"id":762,"date":"2020-09-29T20:01:11","date_gmt":"2020-09-29T20:01:11","guid":{"rendered":"https:\/\/hidden.ms.decms.eu\/quartier\/"},"modified":"2021-12-28T08:05:24","modified_gmt":"2021-12-28T08:05:24","slug":"our-addresses","status":"publish","type":"page","link":"https:\/\/hidden-hotel.com\/en\/our-addresses\/","title":{"rendered":"Our addresses"},"content":{"rendered":"<p class=\"gmail-p1\">The 17th arrondissement of Paris Is a timeless district, transcending trends with its renowned and chic quality of life. Behind its calm and bourgeois atmosphere hides an arty, stylish and welcoming neighborhood.<\/p>\n<p class=\"gmail-p1\">We walk down in the Avenue des Champs-\u00c9lys\u00e9es, we cultivate ourselves in its museums, we stroll in its shops and markets, we take a break in its caf\u00e9s and tearooms, we feast in its ice cream parlors, its chocolate shops and its gastronomic addresses.<\/p>\n<p class=\"gmail-p1\">We are waiting for you to reveal the secret places of Paris and share with you our best addresses (outings, restaurants, shopping, etc.).<\/p>\n","protected":false},"excerpt":{"rendered":"<p>The 17th arrondissement of Paris Is a timeless district, transcending trends with its renowned and chic quality of life. Behind its calm and bourgeois atmosphere hides an arty, stylish and welcoming neighborhood. We walk down in the Avenue des Champs-\u00c9lys\u00e9es, we cultivate ourselves in its museums, we stroll in its shops and markets, we take [&hellip;]<\/p>\n","protected":false},"author":5,"featured_media":382,"parent":0,"menu_order":0,"comment_status":"closed","ping_status":"closed","template":"template-surroundings.php","meta":{"footnotes":""},"class_list":["post-762","page","type-page","status-publish","has-post-thumbnail","hentry"],"yoast_head":"<!-- This site is optimized with the Yoast SEO plugin v26.9 - https:\/\/yoast.com\/product\/yoast-seo-wordpress\/ -->\n<title>Our addresses - Hidden Hotel Paris<\/title>\n<meta name=\"description\" content=\"The 17th arrondissement of Paris Is a timeless district, transcending trends with its renowned and chic quality of life. Behind its calm and bourgeois\" \/>\n<meta name=\"robots\" content=\"index, follow, max-snippet:-1, max-image-preview:large, max-video-preview:-1\" \/>\n<link rel=\"canonical\" href=\"https:\/\/hidden-hotel.com\/en\/our-addresses\/\" \/>\n<meta property=\"og:locale\" content=\"en_US\" \/>\n<meta property=\"og:type\" content=\"article\" \/>\n<meta property=\"og:title\" content=\"Our addresses - Hidden Hotel Paris\" \/>\n<meta property=\"og:description\" content=\"The 17th arrondissement of Paris Is a timeless district, transcending trends with its renowned and chic quality of life. Behind its calm and bourgeois\" \/>\n<meta property=\"og:url\" content=\"https:\/\/hidden-hotel.com\/en\/our-addresses\/\" \/>\n<meta property=\"og:site_name\" content=\"Hidden Hotel Paris\" \/>\n<meta property=\"article:modified_time\" content=\"2021-12-28T08:05:24+00:00\" \/>\n<meta property=\"og:image\" content=\"https:\/\/hidden-hotel.com\/wp-content\/uploads\/sites\/209\/2020\/11\/municipales-paris-20201.png\" \/>\n\t<meta property=\"og:image:width\" content=\"1020\" \/>\n\t<meta property=\"og:image:height\" content=\"679\" \/>\n\t<meta property=\"og:image:type\" content=\"image\/png\" \/>\n<meta name=\"twitter:card\" content=\"summary_large_image\" \/>\n<meta name=\"twitter:label1\" content=\"Est. reading time\" \/>\n\t<meta name=\"twitter:data1\" content=\"1 minute\" \/>\n<script type=\"application\/ld+json\" class=\"yoast-schema-graph\">{\"@context\":\"https:\/\/schema.org\",\"@graph\":[{\"@type\":\"WebPage\",\"@id\":\"https:\/\/hidden-hotel.com\/en\/our-addresses\/\",\"url\":\"https:\/\/hidden-hotel.com\/en\/our-addresses\/\",\"name\":\"Our addresses - Hidden Hotel Paris\",\"isPartOf\":{\"@id\":\"https:\/\/hidden-hotel.com\/en\/#website\"},\"primaryImageOfPage\":{\"@id\":\"https:\/\/hidden-hotel.com\/en\/our-addresses\/#primaryimage\"},\"image\":{\"@id\":\"https:\/\/hidden-hotel.com\/en\/our-addresses\/#primaryimage\"},\"thumbnailUrl\":\"https:\/\/hidden-hotel.com\/wp-content\/uploads\/sites\/209\/2020\/11\/municipales-paris-20201.png\",\"datePublished\":\"2020-09-29T20:01:11+00:00\",\"dateModified\":\"2021-12-28T08:05:24+00:00\",\"description\":\"The 17th arrondissement of Paris Is a timeless district, transcending trends with its renowned and chic quality of life. Behind its calm and bourgeois\",\"breadcrumb\":{\"@id\":\"https:\/\/hidden-hotel.com\/en\/our-addresses\/#breadcrumb\"},\"inLanguage\":\"en-US\",\"potentialAction\":[{\"@type\":\"ReadAction\",\"target\":[\"https:\/\/hidden-hotel.com\/en\/our-addresses\/\"]}]},{\"@type\":\"ImageObject\",\"inLanguage\":\"en-US\",\"@id\":\"https:\/\/hidden-hotel.com\/en\/our-addresses\/#primaryimage\",\"url\":\"https:\/\/hidden-hotel.com\/wp-content\/uploads\/sites\/209\/2020\/11\/municipales-paris-20201.png\",\"contentUrl\":\"https:\/\/hidden-hotel.com\/wp-content\/uploads\/sites\/209\/2020\/11\/municipales-paris-20201.png\",\"width\":1020,\"height\":679},{\"@type\":\"BreadcrumbList\",\"@id\":\"https:\/\/hidden-hotel.com\/en\/our-addresses\/#breadcrumb\",\"itemListElement\":[{\"@type\":\"ListItem\",\"position\":1,\"name\":\"Home\",\"item\":\"https:\/\/hidden-hotel.com\/en\/\"},{\"@type\":\"ListItem\",\"position\":2,\"name\":\"Our addresses\"}]},{\"@type\":\"WebSite\",\"@id\":\"https:\/\/hidden-hotel.com\/en\/#website\",\"url\":\"https:\/\/hidden-hotel.com\/en\/\",\"name\":\"Hidden Hotel Paris\",\"description\":\"Just another ms.decms.eu site\",\"potentialAction\":[{\"@type\":\"SearchAction\",\"target\":{\"@type\":\"EntryPoint\",\"urlTemplate\":\"https:\/\/hidden-hotel.com\/en\/?s={search_term_string}\"},\"query-input\":{\"@type\":\"PropertyValueSpecification\",\"valueRequired\":true,\"valueName\":\"search_term_string\"}}],\"inLanguage\":\"en-US\"}]}<\/script>\n<!-- \/ Yoast SEO plugin. -->","yoast_head_json":{"title":"Our addresses - Hidden Hotel Paris","description":"The 17th arrondissement of Paris Is a timeless district, transcending trends with its renowned and chic quality of life. Behind its calm and bourgeois","robots":{"index":"index","follow":"follow","max-snippet":"max-snippet:-1","max-image-preview":"max-image-preview:large","max-video-preview":"max-video-preview:-1"},"canonical":"https:\/\/hidden-hotel.com\/en\/our-addresses\/","og_locale":"en_US","og_type":"article","og_title":"Our addresses - Hidden Hotel Paris","og_description":"The 17th arrondissement of Paris Is a timeless district, transcending trends with its renowned and chic quality of life. Behind its calm and bourgeois","og_url":"https:\/\/hidden-hotel.com\/en\/our-addresses\/","og_site_name":"Hidden Hotel Paris","article_modified_time":"2021-12-28T08:05:24+00:00","og_image":[{"width":1020,"height":679,"url":"https:\/\/hidden-hotel.com\/wp-content\/uploads\/sites\/209\/2020\/11\/municipales-paris-20201.png","type":"image\/png"}],"twitter_card":"summary_large_image","twitter_misc":{"Est. reading time":"1 minute"},"schema":{"@context":"https:\/\/schema.org","@graph":[{"@type":"WebPage","@id":"https:\/\/hidden-hotel.com\/en\/our-addresses\/","url":"https:\/\/hidden-hotel.com\/en\/our-addresses\/","name":"Our addresses - Hidden Hotel Paris","isPartOf":{"@id":"https:\/\/hidden-hotel.com\/en\/#website"},"primaryImageOfPage":{"@id":"https:\/\/hidden-hotel.com\/en\/our-addresses\/#primaryimage"},"image":{"@id":"https:\/\/hidden-hotel.com\/en\/our-addresses\/#primaryimage"},"thumbnailUrl":"https:\/\/hidden-hotel.com\/wp-content\/uploads\/sites\/209\/2020\/11\/municipales-paris-20201.png","datePublished":"2020-09-29T20:01:11+00:00","dateModified":"2021-12-28T08:05:24+00:00","description":"The 17th arrondissement of Paris Is a timeless district, transcending trends with its renowned and chic quality of life. Behind its calm and bourgeois","breadcrumb":{"@id":"https:\/\/hidden-hotel.com\/en\/our-addresses\/#breadcrumb"},"inLanguage":"en-US","potentialAction":[{"@type":"ReadAction","target":["https:\/\/hidden-hotel.com\/en\/our-addresses\/"]}]},{"@type":"ImageObject","inLanguage":"en-US","@id":"https:\/\/hidden-hotel.com\/en\/our-addresses\/#primaryimage","url":"https:\/\/hidden-hotel.com\/wp-content\/uploads\/sites\/209\/2020\/11\/municipales-paris-20201.png","contentUrl":"https:\/\/hidden-hotel.com\/wp-content\/uploads\/sites\/209\/2020\/11\/municipales-paris-20201.png","width":1020,"height":679},{"@type":"BreadcrumbList","@id":"https:\/\/hidden-hotel.com\/en\/our-addresses\/#breadcrumb","itemListElement":[{"@type":"ListItem","position":1,"name":"Home","item":"https:\/\/hidden-hotel.com\/en\/"},{"@type":"ListItem","position":2,"name":"Our addresses"}]},{"@type":"WebSite","@id":"https:\/\/hidden-hotel.com\/en\/#website","url":"https:\/\/hidden-hotel.com\/en\/","name":"Hidden Hotel Paris","description":"Just another ms.decms.eu site","potentialAction":[{"@type":"SearchAction","target":{"@type":"EntryPoint","urlTemplate":"https:\/\/hidden-hotel.com\/en\/?s={search_term_string}"},"query-input":{"@type":"PropertyValueSpecification","valueRequired":true,"valueName":"search_term_string"}}],"inLanguage":"en-US"}]}},"acf":[],"_links":{"self":[{"href":"https:\/\/hidden-hotel.com\/en\/wp-json\/wp\/v2\/pages\/762","targetHints":{"allow":["GET"]}}],"collection":[{"href":"https:\/\/hidden-hotel.com\/en\/wp-json\/wp\/v2\/pages"}],"about":[{"href":"https:\/\/hidden-hotel.com\/en\/wp-json\/wp\/v2\/types\/page"}],"author":[{"embeddable":true,"href":"https:\/\/hidden-hotel.com\/en\/wp-json\/wp\/v2\/users\/5"}],"replies":[{"embeddable":true,"href":"https:\/\/hidden-hotel.com\/en\/wp-json\/wp\/v2\/comments?post=762"}],"version-history":[{"count":0,"href":"https:\/\/hidden-hotel.com\/en\/wp-json\/wp\/v2\/pages\/762\/revisions"}],"wp:featuredmedia":[{"embeddable":true,"href":"https:\/\/hidden-hotel.com\/en\/wp-json\/wp\/v2\/media\/382"}],"wp:attachment":[{"href":"https:\/\/hidden-hotel.com\/en\/wp-json\/wp\/v2\/media?parent=762"}],"curies":[{"name":"wp","href":"https:\/\/api.w.org\/{rel}","templated":true}]}}