{"id":2466,"date":"2021-12-07T11:43:03","date_gmt":"2021-12-07T11:43:03","guid":{"rendered":"https:\/\/hidden.ms.decms.eu\/eco-responsible\/"},"modified":"2024-08-08T13:10:40","modified_gmt":"2024-08-08T13:10:40","slug":"hotel-eco-responsable","status":"publish","type":"page","link":"https:\/\/hidden-hotel.com\/es\/hotel-eco-responsable\/","title":{"rendered":"Un hotel Eco-responsable"},"content":{"rendered":"<p>Todas las peque\u00f1as iniciativas cuentan para la evoluci\u00f3n de nuestro planeta, por eso el Hidden Hotel est\u00e1 muy comprometido con el desarrollo sostenible y, por lo tanto, ha decidido asociarse con Green Globe. Green Globe es el primer programa global de certificaci\u00f3n ambiental dise\u00f1ado espec\u00edficamente para la industria de viajes y turismo. Como miembro certificado de Green Globe, Hidden Hotel es auditado anualmente por un auditor externo independiente.<\/p>\n<p>Ahora pensamos en la soluci\u00f3n m\u00e1s sostenible en todas las decisiones que tomamos.<\/p>\n<p>Ya sea que se trate de dise\u00f1o de interiores, compras o gesti\u00f3n de residuos, la sostenibilidad es tan importante para nosotros como la est\u00e9tica. Por lo tanto, toda la vida del hotel se ha organizado mediante la implementaci\u00f3n de una serie de medidas.<\/p>\n","protected":false},"excerpt":{"rendered":"<p>Todas las peque\u00f1as iniciativas cuentan para la evoluci\u00f3n de nuestro planeta, por eso el Hidden Hotel est\u00e1 muy comprometido con el desarrollo sostenible y, por lo tanto, ha decidido asociarse con Green Globe. Green Globe es el primer programa global de certificaci\u00f3n ambiental dise\u00f1ado espec\u00edficamente para la industria de viajes y turismo. Como miembro certificado [&hellip;]<\/p>\n","protected":false},"author":5,"featured_media":2385,"parent":0,"menu_order":0,"comment_status":"closed","ping_status":"closed","template":"template-default-4.php","meta":{"footnotes":""},"class_list":["post-2466","page","type-page","status-publish","has-post-thumbnail","hentry"],"yoast_head":"<!-- This site is optimized with the Yoast SEO plugin v26.9 - https:\/\/yoast.com\/product\/yoast-seo-wordpress\/ -->\n<title>Un hotel Eco-responsable - Hidden Hotel Paris<\/title>\n<meta name=\"description\" content=\"Todas las peque\u00f1as iniciativas cuentan para la evoluci\u00f3n de nuestro planeta, por eso el Hidden Hotel est\u00e1 muy comprometido con el desarrollo sostenible y,\" \/>\n<meta name=\"robots\" content=\"index, follow, max-snippet:-1, max-image-preview:large, max-video-preview:-1\" \/>\n<link rel=\"canonical\" href=\"https:\/\/hidden-hotel.com\/es\/hotel-eco-responsable\/\" \/>\n<meta property=\"og:locale\" content=\"es_ES\" \/>\n<meta property=\"og:type\" content=\"article\" \/>\n<meta property=\"og:title\" content=\"Un hotel Eco-responsable - Hidden Hotel Paris\" \/>\n<meta property=\"og:description\" content=\"Todas las peque\u00f1as iniciativas cuentan para la evoluci\u00f3n de nuestro planeta, por eso el Hidden Hotel est\u00e1 muy comprometido con el desarrollo sostenible y,\" \/>\n<meta property=\"og:url\" content=\"https:\/\/hidden-hotel.com\/es\/hotel-eco-responsable\/\" \/>\n<meta property=\"og:site_name\" content=\"Hidden Hotel Paris\" \/>\n<meta property=\"article:modified_time\" content=\"2024-08-08T13:10:40+00:00\" \/>\n<meta property=\"og:image\" content=\"https:\/\/hidden-hotel.com\/wp-content\/uploads\/sites\/209\/2021\/12\/green-globe.png\" \/>\n\t<meta property=\"og:image:width\" content=\"377\" \/>\n\t<meta property=\"og:image:height\" content=\"377\" \/>\n\t<meta property=\"og:image:type\" content=\"image\/png\" \/>\n<meta name=\"twitter:card\" content=\"summary_large_image\" \/>\n<meta name=\"twitter:label1\" content=\"Tiempo de lectura\" \/>\n\t<meta name=\"twitter:data1\" content=\"1 minuto\" \/>\n<script type=\"application\/ld+json\" class=\"yoast-schema-graph\">{\"@context\":\"https:\/\/schema.org\",\"@graph\":[{\"@type\":\"WebPage\",\"@id\":\"https:\/\/hidden-hotel.com\/es\/hotel-eco-responsable\/\",\"url\":\"https:\/\/hidden-hotel.com\/es\/hotel-eco-responsable\/\",\"name\":\"Un hotel Eco-responsable - Hidden Hotel Paris\",\"isPartOf\":{\"@id\":\"https:\/\/hidden-hotel.com\/es\/#website\"},\"primaryImageOfPage\":{\"@id\":\"https:\/\/hidden-hotel.com\/es\/hotel-eco-responsable\/#primaryimage\"},\"image\":{\"@id\":\"https:\/\/hidden-hotel.com\/es\/hotel-eco-responsable\/#primaryimage\"},\"thumbnailUrl\":\"https:\/\/hidden-hotel.com\/wp-content\/uploads\/sites\/209\/2021\/12\/green-globe.png\",\"datePublished\":\"2021-12-07T11:43:03+00:00\",\"dateModified\":\"2024-08-08T13:10:40+00:00\",\"description\":\"Todas las peque\u00f1as iniciativas cuentan para la evoluci\u00f3n de nuestro planeta, por eso el Hidden Hotel est\u00e1 muy comprometido con el desarrollo sostenible y,\",\"breadcrumb\":{\"@id\":\"https:\/\/hidden-hotel.com\/es\/hotel-eco-responsable\/#breadcrumb\"},\"inLanguage\":\"es\",\"potentialAction\":[{\"@type\":\"ReadAction\",\"target\":[\"https:\/\/hidden-hotel.com\/es\/hotel-eco-responsable\/\"]}]},{\"@type\":\"ImageObject\",\"inLanguage\":\"es\",\"@id\":\"https:\/\/hidden-hotel.com\/es\/hotel-eco-responsable\/#primaryimage\",\"url\":\"https:\/\/hidden-hotel.com\/wp-content\/uploads\/sites\/209\/2021\/12\/green-globe.png\",\"contentUrl\":\"https:\/\/hidden-hotel.com\/wp-content\/uploads\/sites\/209\/2021\/12\/green-globe.png\",\"width\":377,\"height\":377,\"caption\":\"Hidden Hotel Paris\"},{\"@type\":\"BreadcrumbList\",\"@id\":\"https:\/\/hidden-hotel.com\/es\/hotel-eco-responsable\/#breadcrumb\",\"itemListElement\":[{\"@type\":\"ListItem\",\"position\":1,\"name\":\"Home\",\"item\":\"https:\/\/hidden-hotel.com\/es\/\"},{\"@type\":\"ListItem\",\"position\":2,\"name\":\"Un hotel Eco-responsable\"}]},{\"@type\":\"WebSite\",\"@id\":\"https:\/\/hidden-hotel.com\/es\/#website\",\"url\":\"https:\/\/hidden-hotel.com\/es\/\",\"name\":\"Hidden Hotel Paris\",\"description\":\"Just another ms.decms.eu site\",\"potentialAction\":[{\"@type\":\"SearchAction\",\"target\":{\"@type\":\"EntryPoint\",\"urlTemplate\":\"https:\/\/hidden-hotel.com\/es\/?s={search_term_string}\"},\"query-input\":{\"@type\":\"PropertyValueSpecification\",\"valueRequired\":true,\"valueName\":\"search_term_string\"}}],\"inLanguage\":\"es\"}]}<\/script>\n<!-- \/ Yoast SEO plugin. -->","yoast_head_json":{"title":"Un hotel Eco-responsable - Hidden Hotel Paris","description":"Todas las peque\u00f1as iniciativas cuentan para la evoluci\u00f3n de nuestro planeta, por eso el Hidden Hotel est\u00e1 muy comprometido con el desarrollo sostenible y,","robots":{"index":"index","follow":"follow","max-snippet":"max-snippet:-1","max-image-preview":"max-image-preview:large","max-video-preview":"max-video-preview:-1"},"canonical":"https:\/\/hidden-hotel.com\/es\/hotel-eco-responsable\/","og_locale":"es_ES","og_type":"article","og_title":"Un hotel Eco-responsable - Hidden Hotel Paris","og_description":"Todas las peque\u00f1as iniciativas cuentan para la evoluci\u00f3n de nuestro planeta, por eso el Hidden Hotel est\u00e1 muy comprometido con el desarrollo sostenible y,","og_url":"https:\/\/hidden-hotel.com\/es\/hotel-eco-responsable\/","og_site_name":"Hidden Hotel Paris","article_modified_time":"2024-08-08T13:10:40+00:00","og_image":[{"width":377,"height":377,"url":"https:\/\/hidden-hotel.com\/wp-content\/uploads\/sites\/209\/2021\/12\/green-globe.png","type":"image\/png"}],"twitter_card":"summary_large_image","twitter_misc":{"Tiempo de lectura":"1 minuto"},"schema":{"@context":"https:\/\/schema.org","@graph":[{"@type":"WebPage","@id":"https:\/\/hidden-hotel.com\/es\/hotel-eco-responsable\/","url":"https:\/\/hidden-hotel.com\/es\/hotel-eco-responsable\/","name":"Un hotel Eco-responsable - Hidden Hotel Paris","isPartOf":{"@id":"https:\/\/hidden-hotel.com\/es\/#website"},"primaryImageOfPage":{"@id":"https:\/\/hidden-hotel.com\/es\/hotel-eco-responsable\/#primaryimage"},"image":{"@id":"https:\/\/hidden-hotel.com\/es\/hotel-eco-responsable\/#primaryimage"},"thumbnailUrl":"https:\/\/hidden-hotel.com\/wp-content\/uploads\/sites\/209\/2021\/12\/green-globe.png","datePublished":"2021-12-07T11:43:03+00:00","dateModified":"2024-08-08T13:10:40+00:00","description":"Todas las peque\u00f1as iniciativas cuentan para la evoluci\u00f3n de nuestro planeta, por eso el Hidden Hotel est\u00e1 muy comprometido con el desarrollo sostenible y,","breadcrumb":{"@id":"https:\/\/hidden-hotel.com\/es\/hotel-eco-responsable\/#breadcrumb"},"inLanguage":"es","potentialAction":[{"@type":"ReadAction","target":["https:\/\/hidden-hotel.com\/es\/hotel-eco-responsable\/"]}]},{"@type":"ImageObject","inLanguage":"es","@id":"https:\/\/hidden-hotel.com\/es\/hotel-eco-responsable\/#primaryimage","url":"https:\/\/hidden-hotel.com\/wp-content\/uploads\/sites\/209\/2021\/12\/green-globe.png","contentUrl":"https:\/\/hidden-hotel.com\/wp-content\/uploads\/sites\/209\/2021\/12\/green-globe.png","width":377,"height":377,"caption":"Hidden Hotel Paris"},{"@type":"BreadcrumbList","@id":"https:\/\/hidden-hotel.com\/es\/hotel-eco-responsable\/#breadcrumb","itemListElement":[{"@type":"ListItem","position":1,"name":"Home","item":"https:\/\/hidden-hotel.com\/es\/"},{"@type":"ListItem","position":2,"name":"Un hotel Eco-responsable"}]},{"@type":"WebSite","@id":"https:\/\/hidden-hotel.com\/es\/#website","url":"https:\/\/hidden-hotel.com\/es\/","name":"Hidden Hotel Paris","description":"Just another ms.decms.eu site","potentialAction":[{"@type":"SearchAction","target":{"@type":"EntryPoint","urlTemplate":"https:\/\/hidden-hotel.com\/es\/?s={search_term_string}"},"query-input":{"@type":"PropertyValueSpecification","valueRequired":true,"valueName":"search_term_string"}}],"inLanguage":"es"}]}},"acf":[],"_links":{"self":[{"href":"https:\/\/hidden-hotel.com\/es\/wp-json\/wp\/v2\/pages\/2466","targetHints":{"allow":["GET"]}}],"collection":[{"href":"https:\/\/hidden-hotel.com\/es\/wp-json\/wp\/v2\/pages"}],"about":[{"href":"https:\/\/hidden-hotel.com\/es\/wp-json\/wp\/v2\/types\/page"}],"author":[{"embeddable":true,"href":"https:\/\/hidden-hotel.com\/es\/wp-json\/wp\/v2\/users\/5"}],"replies":[{"embeddable":true,"href":"https:\/\/hidden-hotel.com\/es\/wp-json\/wp\/v2\/comments?post=2466"}],"version-history":[{"count":0,"href":"https:\/\/hidden-hotel.com\/es\/wp-json\/wp\/v2\/pages\/2466\/revisions"}],"wp:featuredmedia":[{"embeddable":true,"href":"https:\/\/hidden-hotel.com\/es\/wp-json\/wp\/v2\/media\/2385"}],"wp:attachment":[{"href":"https:\/\/hidden-hotel.com\/es\/wp-json\/wp\/v2\/media?parent=2466"}],"curies":[{"name":"wp","href":"https:\/\/api.w.org\/{rel}","templated":true}]}}