{"id":603,"date":"2020-11-03T11:33:54","date_gmt":"2020-11-03T11:33:54","guid":{"rendered":"https:\/\/hidden.ms.decms.eu\/a-propos\/"},"modified":"2022-02-22T08:48:15","modified_gmt":"2022-02-22T08:48:15","slug":"sobre-nosotros","status":"publish","type":"page","link":"https:\/\/hidden-hotel.com\/es\/sobre-nosotros\/","title":{"rendered":"Sobre nosotros"},"content":{"rendered":"<p>El Hidden Hotel te abre las puertas de un <strong>mundo misterioso<\/strong>, moderno y deliciosamente \u00edntimo\u2026 Aqu\u00ed te acogemos al abrigo de las miradas, detr\u00e1s de una gran puerta de madera maciza donde se mezcla una perfecta combinaci\u00f3n de <strong>materiales puros y sostenibles<\/strong>: piedra, madera, lino, cuero o pizarra. Estos materiales se funden en un conjunto que adquiere una p\u00e1tina con el tiempo, con la preocupaci\u00f3n constante de mostrar un <strong>aspecto impecable<\/strong>, tanto en los espacios privados como en los comunes.<\/p>\n<p>Recibir con atenci\u00f3n, amabilidad y sencillez\u2026 el personal ha desarrollado esta actitud como primer objetivo.<\/p>\n<p>Compartimos contigo los secretos \u00abHidden\u00bb de Par\u00eds, con el objetivo de que descubra lugares \u00edntimos, bares ocultos y restaurantes sorprendentes que no hay que perderse.<\/p>\n<p>Este encantador refugio posee 35 habitaciones, todas ellas \u00fanicas y <strong>pensadas para la relajaci\u00f3n<\/strong>. Este hotel de 4 estrellas se distingue por la deliciosa extravagancia de su dise\u00f1o y de sus prestaciones, que conjugan <strong>bienestar y lujo<\/strong>, para que la estancia del hu\u00e9sped resulte inolvidable.<\/p>\n<p>\u00a1Ap\u00e1rtese de la agitaci\u00f3n de la vida parisina en el Hidden hotel, un <strong>hotel al natural!<\/strong><\/p>\n","protected":false},"excerpt":{"rendered":"<p>El Hidden Hotel te abre las puertas de un mundo misterioso, moderno y deliciosamente \u00edntimo\u2026 Aqu\u00ed te acogemos al abrigo de las miradas, detr\u00e1s de una gran puerta de madera maciza donde se mezcla una perfecta combinaci\u00f3n de materiales puros y sostenibles: piedra, madera, lino, cuero o pizarra. Estos materiales se funden en un conjunto [&hellip;]<\/p>\n","protected":false},"author":5,"featured_media":0,"parent":0,"menu_order":0,"comment_status":"closed","ping_status":"closed","template":"template-default-3.php","meta":{"footnotes":""},"class_list":["post-603","page","type-page","status-publish","hentry"],"yoast_head":"<!-- This site is optimized with the Yoast SEO plugin v26.9 - https:\/\/yoast.com\/product\/yoast-seo-wordpress\/ -->\n<title>Sobre nosotros - Hidden Hotel Paris<\/title>\n<meta name=\"description\" content=\"El Hidden Hotel te abre las puertas de un mundo misterioso, moderno y deliciosamente \u00edntimo\u2026 Aqu\u00ed te acogemos al abrigo de las miradas, detr\u00e1s de una gran\" \/>\n<meta name=\"robots\" content=\"index, follow, max-snippet:-1, max-image-preview:large, max-video-preview:-1\" \/>\n<link rel=\"canonical\" href=\"https:\/\/hidden-hotel.com\/es\/sobre-nosotros\/\" \/>\n<meta property=\"og:locale\" content=\"es_ES\" \/>\n<meta property=\"og:type\" content=\"article\" \/>\n<meta property=\"og:title\" content=\"Sobre nosotros - Hidden Hotel Paris\" \/>\n<meta property=\"og:description\" content=\"El Hidden Hotel te abre las puertas de un mundo misterioso, moderno y deliciosamente \u00edntimo\u2026 Aqu\u00ed te acogemos al abrigo de las miradas, detr\u00e1s de una gran\" \/>\n<meta property=\"og:url\" content=\"https:\/\/hidden-hotel.com\/es\/sobre-nosotros\/\" \/>\n<meta property=\"og:site_name\" content=\"Hidden Hotel Paris\" \/>\n<meta property=\"article:modified_time\" content=\"2022-02-22T08:48:15+00:00\" \/>\n<meta name=\"twitter:card\" content=\"summary_large_image\" \/>\n<meta name=\"twitter:label1\" content=\"Tiempo de lectura\" \/>\n\t<meta name=\"twitter:data1\" content=\"1 minuto\" \/>\n<script type=\"application\/ld+json\" class=\"yoast-schema-graph\">{\"@context\":\"https:\/\/schema.org\",\"@graph\":[{\"@type\":\"WebPage\",\"@id\":\"https:\/\/hidden-hotel.com\/es\/sobre-nosotros\/\",\"url\":\"https:\/\/hidden-hotel.com\/es\/sobre-nosotros\/\",\"name\":\"Sobre nosotros - Hidden Hotel Paris\",\"isPartOf\":{\"@id\":\"https:\/\/hidden-hotel.com\/es\/#website\"},\"datePublished\":\"2020-11-03T11:33:54+00:00\",\"dateModified\":\"2022-02-22T08:48:15+00:00\",\"description\":\"El Hidden Hotel te abre las puertas de un mundo misterioso, moderno y deliciosamente \u00edntimo\u2026 Aqu\u00ed te acogemos al abrigo de las miradas, detr\u00e1s de una gran\",\"breadcrumb\":{\"@id\":\"https:\/\/hidden-hotel.com\/es\/sobre-nosotros\/#breadcrumb\"},\"inLanguage\":\"es\",\"potentialAction\":[{\"@type\":\"ReadAction\",\"target\":[\"https:\/\/hidden-hotel.com\/es\/sobre-nosotros\/\"]}]},{\"@type\":\"BreadcrumbList\",\"@id\":\"https:\/\/hidden-hotel.com\/es\/sobre-nosotros\/#breadcrumb\",\"itemListElement\":[{\"@type\":\"ListItem\",\"position\":1,\"name\":\"Home\",\"item\":\"https:\/\/hidden-hotel.com\/es\/\"},{\"@type\":\"ListItem\",\"position\":2,\"name\":\"Sobre nosotros\"}]},{\"@type\":\"WebSite\",\"@id\":\"https:\/\/hidden-hotel.com\/es\/#website\",\"url\":\"https:\/\/hidden-hotel.com\/es\/\",\"name\":\"Hidden Hotel Paris\",\"description\":\"Just another ms.decms.eu site\",\"potentialAction\":[{\"@type\":\"SearchAction\",\"target\":{\"@type\":\"EntryPoint\",\"urlTemplate\":\"https:\/\/hidden-hotel.com\/es\/?s={search_term_string}\"},\"query-input\":{\"@type\":\"PropertyValueSpecification\",\"valueRequired\":true,\"valueName\":\"search_term_string\"}}],\"inLanguage\":\"es\"}]}<\/script>\n<!-- \/ Yoast SEO plugin. -->","yoast_head_json":{"title":"Sobre nosotros - Hidden Hotel Paris","description":"El Hidden Hotel te abre las puertas de un mundo misterioso, moderno y deliciosamente \u00edntimo\u2026 Aqu\u00ed te acogemos al abrigo de las miradas, detr\u00e1s de una gran","robots":{"index":"index","follow":"follow","max-snippet":"max-snippet:-1","max-image-preview":"max-image-preview:large","max-video-preview":"max-video-preview:-1"},"canonical":"https:\/\/hidden-hotel.com\/es\/sobre-nosotros\/","og_locale":"es_ES","og_type":"article","og_title":"Sobre nosotros - Hidden Hotel Paris","og_description":"El Hidden Hotel te abre las puertas de un mundo misterioso, moderno y deliciosamente \u00edntimo\u2026 Aqu\u00ed te acogemos al abrigo de las miradas, detr\u00e1s de una gran","og_url":"https:\/\/hidden-hotel.com\/es\/sobre-nosotros\/","og_site_name":"Hidden Hotel Paris","article_modified_time":"2022-02-22T08:48:15+00:00","twitter_card":"summary_large_image","twitter_misc":{"Tiempo de lectura":"1 minuto"},"schema":{"@context":"https:\/\/schema.org","@graph":[{"@type":"WebPage","@id":"https:\/\/hidden-hotel.com\/es\/sobre-nosotros\/","url":"https:\/\/hidden-hotel.com\/es\/sobre-nosotros\/","name":"Sobre nosotros - Hidden Hotel Paris","isPartOf":{"@id":"https:\/\/hidden-hotel.com\/es\/#website"},"datePublished":"2020-11-03T11:33:54+00:00","dateModified":"2022-02-22T08:48:15+00:00","description":"El Hidden Hotel te abre las puertas de un mundo misterioso, moderno y deliciosamente \u00edntimo\u2026 Aqu\u00ed te acogemos al abrigo de las miradas, detr\u00e1s de una gran","breadcrumb":{"@id":"https:\/\/hidden-hotel.com\/es\/sobre-nosotros\/#breadcrumb"},"inLanguage":"es","potentialAction":[{"@type":"ReadAction","target":["https:\/\/hidden-hotel.com\/es\/sobre-nosotros\/"]}]},{"@type":"BreadcrumbList","@id":"https:\/\/hidden-hotel.com\/es\/sobre-nosotros\/#breadcrumb","itemListElement":[{"@type":"ListItem","position":1,"name":"Home","item":"https:\/\/hidden-hotel.com\/es\/"},{"@type":"ListItem","position":2,"name":"Sobre nosotros"}]},{"@type":"WebSite","@id":"https:\/\/hidden-hotel.com\/es\/#website","url":"https:\/\/hidden-hotel.com\/es\/","name":"Hidden Hotel Paris","description":"Just another ms.decms.eu site","potentialAction":[{"@type":"SearchAction","target":{"@type":"EntryPoint","urlTemplate":"https:\/\/hidden-hotel.com\/es\/?s={search_term_string}"},"query-input":{"@type":"PropertyValueSpecification","valueRequired":true,"valueName":"search_term_string"}}],"inLanguage":"es"}]}},"acf":[],"_links":{"self":[{"href":"https:\/\/hidden-hotel.com\/es\/wp-json\/wp\/v2\/pages\/603","targetHints":{"allow":["GET"]}}],"collection":[{"href":"https:\/\/hidden-hotel.com\/es\/wp-json\/wp\/v2\/pages"}],"about":[{"href":"https:\/\/hidden-hotel.com\/es\/wp-json\/wp\/v2\/types\/page"}],"author":[{"embeddable":true,"href":"https:\/\/hidden-hotel.com\/es\/wp-json\/wp\/v2\/users\/5"}],"replies":[{"embeddable":true,"href":"https:\/\/hidden-hotel.com\/es\/wp-json\/wp\/v2\/comments?post=603"}],"version-history":[{"count":0,"href":"https:\/\/hidden-hotel.com\/es\/wp-json\/wp\/v2\/pages\/603\/revisions"}],"wp:attachment":[{"href":"https:\/\/hidden-hotel.com\/es\/wp-json\/wp\/v2\/media?parent=603"}],"curies":[{"name":"wp","href":"https:\/\/api.w.org\/{rel}","templated":true}]}}