{"id":609,"date":"2020-09-29T18:17:58","date_gmt":"2020-09-29T18:17:58","guid":{"rendered":"https:\/\/hidden.ms.decms.eu\/hidden-hotel-paris\/"},"modified":"2022-10-25T15:32:22","modified_gmt":"2022-10-25T15:32:22","slug":"hidden-hotel-paris","status":"publish","type":"page","link":"https:\/\/hidden-hotel.com\/es\/","title":{"rendered":"Home &#8211; Hidden Hotel Paris"},"content":{"rendered":"<div class=\"picto-triomphe\">\n<div class=\"picto\"><\/div>\n<p style=\"text-align: left;font-size: 18px\">Hotel <span style=\"color: #b67920\">\u2605\u2605\u2605\u2605<\/span> en Par\u00eds<br \/>\n28, rue de l\u2019Arc de Triomphe, 75017 Par\u00eds, Francia<br \/>\n<img loading=\"lazy\" decoding=\"async\" class=\"alignnone size-full wp-image-478\" src=\"https:\/\/hidden.ms.decms.eu\/wp-content\/uploads\/sites\/209\/2021\/02\/phone.gif\" alt=\"\" width=\"21\" height=\"21\" \/>\u00a0+33 1 40 55 03 57<br \/>\n<img loading=\"lazy\" decoding=\"async\" class=\"alignnone size-full wp-image-480\" src=\"https:\/\/hidden.ms.decms.eu\/wp-content\/uploads\/sites\/209\/2021\/02\/mail.gif\" alt=\"\" width=\"21\" height=\"21\" \/>\u00a0 <a data-trk-contact=\"intention-contact\" href=\"mailto:contact@hidden-hotel.com\">contact@hidden-hotel.com<\/a><\/p>\n<\/div>\n<p>&nbsp;<\/p>\n<p>A pocos pasos del Arco de Triunfo, en una callejuela tranquila, como un pasaje secreto, hay un refugio con el que todo el mundo sue\u00f1a en Par\u00eds, un <strong>hotel acogedor escondido<\/strong> donde da ganas de alojarse: el <strong>Hidden Hotel<\/strong>. Este lugar \u00fanico, gracias a su h\u00e1bil mezcla de materiales, colores y olores, enriquecer\u00e1 su estancia y le har\u00e1 olvidar que se encuentra en Par\u00eds, aunque est\u00e9 en pleno centro de la ciudad.<\/p>\n","protected":false},"excerpt":{"rendered":"<p>Hotel \u2605\u2605\u2605\u2605 en Par\u00eds 28, rue de l\u2019Arc de Triomphe, 75017 Par\u00eds, Francia \u00a0+33 1 40 55 03 57 \u00a0 contact@hidden-hotel.com &nbsp; A pocos pasos del Arco de Triunfo, en una callejuela tranquila, como un pasaje secreto, hay un refugio con el que todo el mundo sue\u00f1a en Par\u00eds, un hotel acogedor escondido donde da [&hellip;]<\/p>\n","protected":false},"author":5,"featured_media":610,"parent":0,"menu_order":0,"comment_status":"closed","ping_status":"closed","template":"","meta":{"footnotes":""},"class_list":["post-609","page","type-page","status-publish","has-post-thumbnail","hentry"],"yoast_head":"<!-- This site is optimized with the Yoast SEO plugin v26.9 - https:\/\/yoast.com\/product\/yoast-seo-wordpress\/ -->\n<title>Home - Hidden Hotel Paris - Hidden Hotel Paris<\/title>\n<meta name=\"description\" content=\"Hotel \u2605\u2605\u2605\u2605 en Par\u00eds 28, rue de l\u2019Arc de Triomphe, 75017 Par\u00eds, Francia \u00a0+33 1 40 55 03 57 \u00a0 contact@hidden-hotel.com &nbsp; A pocos pasos del Arco de\" \/>\n<meta name=\"robots\" content=\"index, follow, max-snippet:-1, max-image-preview:large, max-video-preview:-1\" \/>\n<link rel=\"canonical\" href=\"https:\/\/hidden-hotel.com\/es\/\" \/>\n<meta property=\"og:locale\" content=\"es_ES\" \/>\n<meta property=\"og:type\" content=\"article\" \/>\n<meta property=\"og:title\" content=\"Home - Hidden Hotel Paris - Hidden Hotel Paris\" \/>\n<meta property=\"og:description\" content=\"Hotel \u2605\u2605\u2605\u2605 en Par\u00eds 28, rue de l\u2019Arc de Triomphe, 75017 Par\u00eds, Francia \u00a0+33 1 40 55 03 57 \u00a0 contact@hidden-hotel.com &nbsp; A pocos pasos del Arco de\" \/>\n<meta property=\"og:url\" content=\"https:\/\/hidden-hotel.com\/es\/\" \/>\n<meta property=\"og:site_name\" content=\"Hidden Hotel Paris\" \/>\n<meta property=\"article:modified_time\" content=\"2022-10-25T15:32:22+00:00\" \/>\n<meta property=\"og:image\" content=\"https:\/\/hidden-hotel.com\/wp-content\/uploads\/sites\/209\/2020\/09\/logo_Hidden-Hotel-Paris.png\" \/>\n\t<meta property=\"og:image:width\" content=\"350\" \/>\n\t<meta property=\"og:image:height\" content=\"176\" \/>\n\t<meta property=\"og:image:type\" content=\"image\/png\" \/>\n<meta name=\"twitter:card\" content=\"summary_large_image\" \/>\n<script type=\"application\/ld+json\" class=\"yoast-schema-graph\">{\"@context\":\"https:\/\/schema.org\",\"@graph\":[{\"@type\":\"WebPage\",\"@id\":\"https:\/\/hidden-hotel.com\/es\/\",\"url\":\"https:\/\/hidden-hotel.com\/es\/\",\"name\":\"Home - Hidden Hotel Paris - Hidden Hotel Paris\",\"isPartOf\":{\"@id\":\"https:\/\/hidden-hotel.com\/es\/#website\"},\"primaryImageOfPage\":{\"@id\":\"https:\/\/hidden-hotel.com\/es\/#primaryimage\"},\"image\":{\"@id\":\"https:\/\/hidden-hotel.com\/es\/#primaryimage\"},\"thumbnailUrl\":\"https:\/\/hidden-hotel.com\/wp-content\/uploads\/sites\/209\/2020\/09\/logo_Hidden-Hotel-Paris.png\",\"datePublished\":\"2020-09-29T18:17:58+00:00\",\"dateModified\":\"2022-10-25T15:32:22+00:00\",\"description\":\"Hotel \u2605\u2605\u2605\u2605 en Par\u00eds 28, rue de l\u2019Arc de Triomphe, 75017 Par\u00eds, Francia \u00a0+33 1 40 55 03 57 \u00a0 contact@hidden-hotel.com &nbsp; A pocos pasos del Arco de\",\"breadcrumb\":{\"@id\":\"https:\/\/hidden-hotel.com\/es\/#breadcrumb\"},\"inLanguage\":\"es\",\"potentialAction\":[{\"@type\":\"ReadAction\",\"target\":[\"https:\/\/hidden-hotel.com\/es\/\"]}]},{\"@type\":\"ImageObject\",\"inLanguage\":\"es\",\"@id\":\"https:\/\/hidden-hotel.com\/es\/#primaryimage\",\"url\":\"https:\/\/hidden-hotel.com\/wp-content\/uploads\/sites\/209\/2020\/09\/logo_Hidden-Hotel-Paris.png\",\"contentUrl\":\"https:\/\/hidden-hotel.com\/wp-content\/uploads\/sites\/209\/2020\/09\/logo_Hidden-Hotel-Paris.png\",\"width\":350,\"height\":176},{\"@type\":\"BreadcrumbList\",\"@id\":\"https:\/\/hidden-hotel.com\/es\/#breadcrumb\",\"itemListElement\":[{\"@type\":\"ListItem\",\"position\":1,\"name\":\"Home\",\"item\":\"https:\/\/hidden-hotel.com\/es\/\"},{\"@type\":\"ListItem\",\"position\":2,\"name\":\"Home &#8211; Hidden Hotel Paris\"}]},{\"@type\":\"WebSite\",\"@id\":\"https:\/\/hidden-hotel.com\/es\/#website\",\"url\":\"https:\/\/hidden-hotel.com\/es\/\",\"name\":\"Hidden Hotel Paris\",\"description\":\"Just another ms.decms.eu site\",\"potentialAction\":[{\"@type\":\"SearchAction\",\"target\":{\"@type\":\"EntryPoint\",\"urlTemplate\":\"https:\/\/hidden-hotel.com\/es\/?s={search_term_string}\"},\"query-input\":{\"@type\":\"PropertyValueSpecification\",\"valueRequired\":true,\"valueName\":\"search_term_string\"}}],\"inLanguage\":\"es\"}]}<\/script>\n<!-- \/ Yoast SEO plugin. -->","yoast_head_json":{"title":"Home - Hidden Hotel Paris - Hidden Hotel Paris","description":"Hotel \u2605\u2605\u2605\u2605 en Par\u00eds 28, rue de l\u2019Arc de Triomphe, 75017 Par\u00eds, Francia \u00a0+33 1 40 55 03 57 \u00a0 contact@hidden-hotel.com &nbsp; A pocos pasos del Arco de","robots":{"index":"index","follow":"follow","max-snippet":"max-snippet:-1","max-image-preview":"max-image-preview:large","max-video-preview":"max-video-preview:-1"},"canonical":"https:\/\/hidden-hotel.com\/es\/","og_locale":"es_ES","og_type":"article","og_title":"Home - Hidden Hotel Paris - Hidden Hotel Paris","og_description":"Hotel \u2605\u2605\u2605\u2605 en Par\u00eds 28, rue de l\u2019Arc de Triomphe, 75017 Par\u00eds, Francia \u00a0+33 1 40 55 03 57 \u00a0 contact@hidden-hotel.com &nbsp; A pocos pasos del Arco de","og_url":"https:\/\/hidden-hotel.com\/es\/","og_site_name":"Hidden Hotel Paris","article_modified_time":"2022-10-25T15:32:22+00:00","og_image":[{"width":350,"height":176,"url":"https:\/\/hidden-hotel.com\/wp-content\/uploads\/sites\/209\/2020\/09\/logo_Hidden-Hotel-Paris.png","type":"image\/png"}],"twitter_card":"summary_large_image","schema":{"@context":"https:\/\/schema.org","@graph":[{"@type":"WebPage","@id":"https:\/\/hidden-hotel.com\/es\/","url":"https:\/\/hidden-hotel.com\/es\/","name":"Home - Hidden Hotel Paris - Hidden Hotel Paris","isPartOf":{"@id":"https:\/\/hidden-hotel.com\/es\/#website"},"primaryImageOfPage":{"@id":"https:\/\/hidden-hotel.com\/es\/#primaryimage"},"image":{"@id":"https:\/\/hidden-hotel.com\/es\/#primaryimage"},"thumbnailUrl":"https:\/\/hidden-hotel.com\/wp-content\/uploads\/sites\/209\/2020\/09\/logo_Hidden-Hotel-Paris.png","datePublished":"2020-09-29T18:17:58+00:00","dateModified":"2022-10-25T15:32:22+00:00","description":"Hotel \u2605\u2605\u2605\u2605 en Par\u00eds 28, rue de l\u2019Arc de Triomphe, 75017 Par\u00eds, Francia \u00a0+33 1 40 55 03 57 \u00a0 contact@hidden-hotel.com &nbsp; A pocos pasos del Arco de","breadcrumb":{"@id":"https:\/\/hidden-hotel.com\/es\/#breadcrumb"},"inLanguage":"es","potentialAction":[{"@type":"ReadAction","target":["https:\/\/hidden-hotel.com\/es\/"]}]},{"@type":"ImageObject","inLanguage":"es","@id":"https:\/\/hidden-hotel.com\/es\/#primaryimage","url":"https:\/\/hidden-hotel.com\/wp-content\/uploads\/sites\/209\/2020\/09\/logo_Hidden-Hotel-Paris.png","contentUrl":"https:\/\/hidden-hotel.com\/wp-content\/uploads\/sites\/209\/2020\/09\/logo_Hidden-Hotel-Paris.png","width":350,"height":176},{"@type":"BreadcrumbList","@id":"https:\/\/hidden-hotel.com\/es\/#breadcrumb","itemListElement":[{"@type":"ListItem","position":1,"name":"Home","item":"https:\/\/hidden-hotel.com\/es\/"},{"@type":"ListItem","position":2,"name":"Home &#8211; Hidden Hotel Paris"}]},{"@type":"WebSite","@id":"https:\/\/hidden-hotel.com\/es\/#website","url":"https:\/\/hidden-hotel.com\/es\/","name":"Hidden Hotel Paris","description":"Just another ms.decms.eu site","potentialAction":[{"@type":"SearchAction","target":{"@type":"EntryPoint","urlTemplate":"https:\/\/hidden-hotel.com\/es\/?s={search_term_string}"},"query-input":{"@type":"PropertyValueSpecification","valueRequired":true,"valueName":"search_term_string"}}],"inLanguage":"es"}]}},"acf":[],"_links":{"self":[{"href":"https:\/\/hidden-hotel.com\/es\/wp-json\/wp\/v2\/pages\/609","targetHints":{"allow":["GET"]}}],"collection":[{"href":"https:\/\/hidden-hotel.com\/es\/wp-json\/wp\/v2\/pages"}],"about":[{"href":"https:\/\/hidden-hotel.com\/es\/wp-json\/wp\/v2\/types\/page"}],"author":[{"embeddable":true,"href":"https:\/\/hidden-hotel.com\/es\/wp-json\/wp\/v2\/users\/5"}],"replies":[{"embeddable":true,"href":"https:\/\/hidden-hotel.com\/es\/wp-json\/wp\/v2\/comments?post=609"}],"version-history":[{"count":0,"href":"https:\/\/hidden-hotel.com\/es\/wp-json\/wp\/v2\/pages\/609\/revisions"}],"wp:featuredmedia":[{"embeddable":true,"href":"https:\/\/hidden-hotel.com\/es\/wp-json\/wp\/v2\/media\/610"}],"wp:attachment":[{"href":"https:\/\/hidden-hotel.com\/es\/wp-json\/wp\/v2\/media?parent=609"}],"curies":[{"name":"wp","href":"https:\/\/api.w.org\/{rel}","templated":true}]}}