{"id":618,"date":"2021-02-17T13:06:38","date_gmt":"2021-02-17T13:06:38","guid":{"rendered":"https:\/\/hidden.ms.decms.eu\/apero-room-service-petit-dejeuner\/"},"modified":"2025-12-18T09:56:36","modified_gmt":"2025-12-18T09:56:36","slug":"aperitivo-servicio-de-habitaciones-y-desayuno","status":"publish","type":"page","link":"https:\/\/hidden-hotel.com\/es\/aperitivo-servicio-de-habitaciones-y-desayuno\/","title":{"rendered":"Comidas &amp; Bebidas"},"content":{"rendered":"<p>Usted se encuentra en el Hidden Hotel para pasar una buena noche y disfrutar de otras cosas buenas&#8230; Rel\u00e1jese en el sal\u00f3n mientras degusta una buena copa de vino o una copa de champ\u00e1n.<\/p>\n<p>A continuaci\u00f3n, para empezar bien el d\u00eda, es hora de compartir un buen desayuno, compuesto por productos caseros, zumos de fruta reci\u00e9n exprimidos y zumos Alain Milliat.<\/p>\n","protected":false},"excerpt":{"rendered":"<p>Usted se encuentra en el Hidden Hotel para pasar una buena noche y disfrutar de otras cosas buenas&#8230; Rel\u00e1jese en el sal\u00f3n mientras degusta una buena copa de vino o una copa de champ\u00e1n. A continuaci\u00f3n, para empezar bien el d\u00eda, es hora de compartir un buen desayuno, compuesto por productos caseros, zumos de fruta [&hellip;]<\/p>\n","protected":false},"author":5,"featured_media":620,"parent":0,"menu_order":0,"comment_status":"closed","ping_status":"closed","template":"template-services.php","meta":{"footnotes":""},"class_list":["post-618","page","type-page","status-publish","has-post-thumbnail","hentry"],"yoast_head":"<!-- This site is optimized with the Yoast SEO plugin v26.9 - https:\/\/yoast.com\/product\/yoast-seo-wordpress\/ -->\n<title>Comidas &amp; Bebidas - Hidden Hotel Paris<\/title>\n<meta name=\"description\" content=\"Usted se encuentra en el Hidden Hotel para pasar una buena noche y disfrutar de otras cosas buenas... Rel\u00e1jese en el sal\u00f3n mientras degusta una buena copa\" \/>\n<meta name=\"robots\" content=\"index, follow, max-snippet:-1, max-image-preview:large, max-video-preview:-1\" \/>\n<link rel=\"canonical\" href=\"https:\/\/hidden-hotel.com\/es\/aperitivo-servicio-de-habitaciones-y-desayuno\/\" \/>\n<meta property=\"og:locale\" content=\"es_ES\" \/>\n<meta property=\"og:type\" content=\"article\" \/>\n<meta property=\"og:title\" content=\"Comidas &amp; Bebidas - Hidden Hotel Paris\" \/>\n<meta property=\"og:description\" content=\"Usted se encuentra en el Hidden Hotel para pasar una buena noche y disfrutar de otras cosas buenas... Rel\u00e1jese en el sal\u00f3n mientras degusta una buena copa\" \/>\n<meta property=\"og:url\" content=\"https:\/\/hidden-hotel.com\/es\/aperitivo-servicio-de-habitaciones-y-desayuno\/\" \/>\n<meta property=\"og:site_name\" content=\"Hidden Hotel Paris\" \/>\n<meta property=\"article:modified_time\" content=\"2025-12-18T09:56:36+00:00\" \/>\n<meta property=\"og:image\" content=\"https:\/\/hidden-hotel.com\/wp-content\/uploads\/sites\/209\/2021\/04\/th_HIDDEN-HOTEL-PARIS-17-PETIT-DEJEUNER-13.jpg\" \/>\n\t<meta property=\"og:image:width\" content=\"1000\" \/>\n\t<meta property=\"og:image:height\" content=\"640\" \/>\n\t<meta property=\"og:image:type\" content=\"image\/jpeg\" \/>\n<meta name=\"twitter:card\" content=\"summary_large_image\" \/>\n<script type=\"application\/ld+json\" class=\"yoast-schema-graph\">{\"@context\":\"https:\/\/schema.org\",\"@graph\":[{\"@type\":\"WebPage\",\"@id\":\"https:\/\/hidden-hotel.com\/es\/aperitivo-servicio-de-habitaciones-y-desayuno\/\",\"url\":\"https:\/\/hidden-hotel.com\/es\/aperitivo-servicio-de-habitaciones-y-desayuno\/\",\"name\":\"Comidas &amp; Bebidas - Hidden Hotel Paris\",\"isPartOf\":{\"@id\":\"https:\/\/hidden-hotel.com\/es\/#website\"},\"primaryImageOfPage\":{\"@id\":\"https:\/\/hidden-hotel.com\/es\/aperitivo-servicio-de-habitaciones-y-desayuno\/#primaryimage\"},\"image\":{\"@id\":\"https:\/\/hidden-hotel.com\/es\/aperitivo-servicio-de-habitaciones-y-desayuno\/#primaryimage\"},\"thumbnailUrl\":\"https:\/\/hidden-hotel.com\/wp-content\/uploads\/sites\/209\/2021\/04\/th_HIDDEN-HOTEL-PARIS-17-PETIT-DEJEUNER-13.jpg\",\"datePublished\":\"2021-02-17T13:06:38+00:00\",\"dateModified\":\"2025-12-18T09:56:36+00:00\",\"description\":\"Usted se encuentra en el Hidden Hotel para pasar una buena noche y disfrutar de otras cosas buenas... Rel\u00e1jese en el sal\u00f3n mientras degusta una buena copa\",\"breadcrumb\":{\"@id\":\"https:\/\/hidden-hotel.com\/es\/aperitivo-servicio-de-habitaciones-y-desayuno\/#breadcrumb\"},\"inLanguage\":\"es\",\"potentialAction\":[{\"@type\":\"ReadAction\",\"target\":[\"https:\/\/hidden-hotel.com\/es\/aperitivo-servicio-de-habitaciones-y-desayuno\/\"]}]},{\"@type\":\"ImageObject\",\"inLanguage\":\"es\",\"@id\":\"https:\/\/hidden-hotel.com\/es\/aperitivo-servicio-de-habitaciones-y-desayuno\/#primaryimage\",\"url\":\"https:\/\/hidden-hotel.com\/wp-content\/uploads\/sites\/209\/2021\/04\/th_HIDDEN-HOTEL-PARIS-17-PETIT-DEJEUNER-13.jpg\",\"contentUrl\":\"https:\/\/hidden-hotel.com\/wp-content\/uploads\/sites\/209\/2021\/04\/th_HIDDEN-HOTEL-PARIS-17-PETIT-DEJEUNER-13.jpg\",\"width\":1000,\"height\":640},{\"@type\":\"BreadcrumbList\",\"@id\":\"https:\/\/hidden-hotel.com\/es\/aperitivo-servicio-de-habitaciones-y-desayuno\/#breadcrumb\",\"itemListElement\":[{\"@type\":\"ListItem\",\"position\":1,\"name\":\"Home\",\"item\":\"https:\/\/hidden-hotel.com\/es\/\"},{\"@type\":\"ListItem\",\"position\":2,\"name\":\"Comidas &amp; Bebidas\"}]},{\"@type\":\"WebSite\",\"@id\":\"https:\/\/hidden-hotel.com\/es\/#website\",\"url\":\"https:\/\/hidden-hotel.com\/es\/\",\"name\":\"Hidden Hotel Paris\",\"description\":\"Just another ms.decms.eu site\",\"potentialAction\":[{\"@type\":\"SearchAction\",\"target\":{\"@type\":\"EntryPoint\",\"urlTemplate\":\"https:\/\/hidden-hotel.com\/es\/?s={search_term_string}\"},\"query-input\":{\"@type\":\"PropertyValueSpecification\",\"valueRequired\":true,\"valueName\":\"search_term_string\"}}],\"inLanguage\":\"es\"}]}<\/script>\n<!-- \/ Yoast SEO plugin. -->","yoast_head_json":{"title":"Comidas &amp; Bebidas - Hidden Hotel Paris","description":"Usted se encuentra en el Hidden Hotel para pasar una buena noche y disfrutar de otras cosas buenas... Rel\u00e1jese en el sal\u00f3n mientras degusta una buena copa","robots":{"index":"index","follow":"follow","max-snippet":"max-snippet:-1","max-image-preview":"max-image-preview:large","max-video-preview":"max-video-preview:-1"},"canonical":"https:\/\/hidden-hotel.com\/es\/aperitivo-servicio-de-habitaciones-y-desayuno\/","og_locale":"es_ES","og_type":"article","og_title":"Comidas &amp; Bebidas - Hidden Hotel Paris","og_description":"Usted se encuentra en el Hidden Hotel para pasar una buena noche y disfrutar de otras cosas buenas... Rel\u00e1jese en el sal\u00f3n mientras degusta una buena copa","og_url":"https:\/\/hidden-hotel.com\/es\/aperitivo-servicio-de-habitaciones-y-desayuno\/","og_site_name":"Hidden Hotel Paris","article_modified_time":"2025-12-18T09:56:36+00:00","og_image":[{"width":1000,"height":640,"url":"https:\/\/hidden-hotel.com\/wp-content\/uploads\/sites\/209\/2021\/04\/th_HIDDEN-HOTEL-PARIS-17-PETIT-DEJEUNER-13.jpg","type":"image\/jpeg"}],"twitter_card":"summary_large_image","schema":{"@context":"https:\/\/schema.org","@graph":[{"@type":"WebPage","@id":"https:\/\/hidden-hotel.com\/es\/aperitivo-servicio-de-habitaciones-y-desayuno\/","url":"https:\/\/hidden-hotel.com\/es\/aperitivo-servicio-de-habitaciones-y-desayuno\/","name":"Comidas &amp; Bebidas - Hidden Hotel Paris","isPartOf":{"@id":"https:\/\/hidden-hotel.com\/es\/#website"},"primaryImageOfPage":{"@id":"https:\/\/hidden-hotel.com\/es\/aperitivo-servicio-de-habitaciones-y-desayuno\/#primaryimage"},"image":{"@id":"https:\/\/hidden-hotel.com\/es\/aperitivo-servicio-de-habitaciones-y-desayuno\/#primaryimage"},"thumbnailUrl":"https:\/\/hidden-hotel.com\/wp-content\/uploads\/sites\/209\/2021\/04\/th_HIDDEN-HOTEL-PARIS-17-PETIT-DEJEUNER-13.jpg","datePublished":"2021-02-17T13:06:38+00:00","dateModified":"2025-12-18T09:56:36+00:00","description":"Usted se encuentra en el Hidden Hotel para pasar una buena noche y disfrutar de otras cosas buenas... Rel\u00e1jese en el sal\u00f3n mientras degusta una buena copa","breadcrumb":{"@id":"https:\/\/hidden-hotel.com\/es\/aperitivo-servicio-de-habitaciones-y-desayuno\/#breadcrumb"},"inLanguage":"es","potentialAction":[{"@type":"ReadAction","target":["https:\/\/hidden-hotel.com\/es\/aperitivo-servicio-de-habitaciones-y-desayuno\/"]}]},{"@type":"ImageObject","inLanguage":"es","@id":"https:\/\/hidden-hotel.com\/es\/aperitivo-servicio-de-habitaciones-y-desayuno\/#primaryimage","url":"https:\/\/hidden-hotel.com\/wp-content\/uploads\/sites\/209\/2021\/04\/th_HIDDEN-HOTEL-PARIS-17-PETIT-DEJEUNER-13.jpg","contentUrl":"https:\/\/hidden-hotel.com\/wp-content\/uploads\/sites\/209\/2021\/04\/th_HIDDEN-HOTEL-PARIS-17-PETIT-DEJEUNER-13.jpg","width":1000,"height":640},{"@type":"BreadcrumbList","@id":"https:\/\/hidden-hotel.com\/es\/aperitivo-servicio-de-habitaciones-y-desayuno\/#breadcrumb","itemListElement":[{"@type":"ListItem","position":1,"name":"Home","item":"https:\/\/hidden-hotel.com\/es\/"},{"@type":"ListItem","position":2,"name":"Comidas &amp; Bebidas"}]},{"@type":"WebSite","@id":"https:\/\/hidden-hotel.com\/es\/#website","url":"https:\/\/hidden-hotel.com\/es\/","name":"Hidden Hotel Paris","description":"Just another ms.decms.eu site","potentialAction":[{"@type":"SearchAction","target":{"@type":"EntryPoint","urlTemplate":"https:\/\/hidden-hotel.com\/es\/?s={search_term_string}"},"query-input":{"@type":"PropertyValueSpecification","valueRequired":true,"valueName":"search_term_string"}}],"inLanguage":"es"}]}},"acf":[],"_links":{"self":[{"href":"https:\/\/hidden-hotel.com\/es\/wp-json\/wp\/v2\/pages\/618","targetHints":{"allow":["GET"]}}],"collection":[{"href":"https:\/\/hidden-hotel.com\/es\/wp-json\/wp\/v2\/pages"}],"about":[{"href":"https:\/\/hidden-hotel.com\/es\/wp-json\/wp\/v2\/types\/page"}],"author":[{"embeddable":true,"href":"https:\/\/hidden-hotel.com\/es\/wp-json\/wp\/v2\/users\/5"}],"replies":[{"embeddable":true,"href":"https:\/\/hidden-hotel.com\/es\/wp-json\/wp\/v2\/comments?post=618"}],"version-history":[{"count":0,"href":"https:\/\/hidden-hotel.com\/es\/wp-json\/wp\/v2\/pages\/618\/revisions"}],"wp:featuredmedia":[{"embeddable":true,"href":"https:\/\/hidden-hotel.com\/es\/wp-json\/wp\/v2\/media\/620"}],"wp:attachment":[{"href":"https:\/\/hidden-hotel.com\/es\/wp-json\/wp\/v2\/media?parent=618"}],"curies":[{"name":"wp","href":"https:\/\/api.w.org\/{rel}","templated":true}]}}