{"id":638,"date":"2020-09-29T19:22:41","date_gmt":"2020-09-29T19:22:41","guid":{"rendered":"https:\/\/hidden.ms.decms.eu\/apero-room-service-petit-dejeuner\/petit-dejeuner\/"},"modified":"2026-01-29T15:30:47","modified_gmt":"2026-01-29T15:30:47","slug":"el-desayuno","status":"publish","type":"page","link":"https:\/\/hidden-hotel.com\/es\/aperitivo-servicio-de-habitaciones-y-desayuno\/el-desayuno\/","title":{"rendered":"El desayuno"},"content":{"rendered":"<p style=\"text-align: left\">Servido en nuestra acogedora sala de desayunos, entre las 7.00 y las 11.00 horas (de lunes a viernes) y entre las 8.00 y las 11.30 horas (s\u00e1bado y domingo). Hay platos dulces y salados disponibles y todo se prepara con productos frescos.<\/p>\n<p style=\"text-align: left\">Para un momento familiar, un momento \u00edntimo o una reuni\u00f3n\u00a0 de negocios, puede elegir entre diferentes f\u00f3rmulas y productos de calidad, como: granola org\u00e1nica casera, fruta fresca, boller\u00eda, quesos y embutidos finos, huevos org\u00e1nicos preparados en el momento&#8230; \u00a1Hay para todos los apetitos y todos los gustos (org\u00e1nica, vegetariano, vegano, sin gluten\u2026)!<\/p>\n<p>Reserve su desayuno por adelantado al precio de 20 \u20ac o directamente en el establecimiento al precio de 22 \u20ac.<\/p>\n","protected":false},"excerpt":{"rendered":"<p>Servido en nuestra acogedora sala de desayunos, entre las 7.00 y las 11.00 horas (de lunes a viernes) y entre las 8.00 y las 11.30 horas (s\u00e1bado y domingo). Hay platos dulces y salados disponibles y todo se prepara con productos frescos. Para un momento familiar, un momento \u00edntimo o una reuni\u00f3n\u00a0 de negocios, puede [&hellip;]<\/p>\n","protected":false},"author":5,"featured_media":2008,"parent":618,"menu_order":10,"comment_status":"closed","ping_status":"closed","template":"template-single-service.php","meta":{"footnotes":""},"class_list":["post-638","page","type-page","status-publish","has-post-thumbnail","hentry"],"yoast_head":"<!-- This site is optimized with the Yoast SEO plugin v26.9 - https:\/\/yoast.com\/product\/yoast-seo-wordpress\/ -->\n<title>El desayuno - Hidden Hotel Paris<\/title>\n<meta name=\"description\" content=\"Servido en nuestra acogedora sala de desayunos, entre las 7.00 y las 11.00 horas (de lunes a viernes) y entre las 8.00 y las 11.30 horas (s\u00e1bado y\" \/>\n<meta name=\"robots\" content=\"index, follow, max-snippet:-1, max-image-preview:large, max-video-preview:-1\" \/>\n<link rel=\"canonical\" href=\"https:\/\/hidden-hotel.com\/es\/aperitivo-servicio-de-habitaciones-y-desayuno\/el-desayuno\/\" \/>\n<meta property=\"og:locale\" content=\"es_ES\" \/>\n<meta property=\"og:type\" content=\"article\" \/>\n<meta property=\"og:title\" content=\"El desayuno - Hidden Hotel Paris\" \/>\n<meta property=\"og:description\" content=\"Servido en nuestra acogedora sala de desayunos, entre las 7.00 y las 11.00 horas (de lunes a viernes) y entre las 8.00 y las 11.30 horas (s\u00e1bado y\" \/>\n<meta property=\"og:url\" content=\"https:\/\/hidden-hotel.com\/es\/aperitivo-servicio-de-habitaciones-y-desayuno\/el-desayuno\/\" \/>\n<meta property=\"og:site_name\" content=\"Hidden Hotel Paris\" \/>\n<meta property=\"article:modified_time\" content=\"2026-01-29T15:30:47+00:00\" \/>\n<meta property=\"og:image\" content=\"https:\/\/hidden-hotel.com\/wp-content\/uploads\/sites\/209\/2021\/09\/MG_2245-copie-2.jpg\" \/>\n\t<meta property=\"og:image:width\" content=\"1000\" \/>\n\t<meta property=\"og:image:height\" content=\"575\" \/>\n\t<meta property=\"og:image:type\" content=\"image\/jpeg\" \/>\n<meta name=\"twitter:card\" content=\"summary_large_image\" \/>\n<meta name=\"twitter:label1\" content=\"Tiempo de lectura\" \/>\n\t<meta name=\"twitter:data1\" content=\"1 minuto\" \/>\n<script type=\"application\/ld+json\" class=\"yoast-schema-graph\">{\"@context\":\"https:\/\/schema.org\",\"@graph\":[{\"@type\":\"WebPage\",\"@id\":\"https:\/\/hidden-hotel.com\/es\/aperitivo-servicio-de-habitaciones-y-desayuno\/el-desayuno\/\",\"url\":\"https:\/\/hidden-hotel.com\/es\/aperitivo-servicio-de-habitaciones-y-desayuno\/el-desayuno\/\",\"name\":\"El desayuno - Hidden Hotel Paris\",\"isPartOf\":{\"@id\":\"https:\/\/hidden-hotel.com\/es\/#website\"},\"primaryImageOfPage\":{\"@id\":\"https:\/\/hidden-hotel.com\/es\/aperitivo-servicio-de-habitaciones-y-desayuno\/el-desayuno\/#primaryimage\"},\"image\":{\"@id\":\"https:\/\/hidden-hotel.com\/es\/aperitivo-servicio-de-habitaciones-y-desayuno\/el-desayuno\/#primaryimage\"},\"thumbnailUrl\":\"https:\/\/hidden-hotel.com\/wp-content\/uploads\/sites\/209\/2021\/09\/MG_2245-copie-2.jpg\",\"datePublished\":\"2020-09-29T19:22:41+00:00\",\"dateModified\":\"2026-01-29T15:30:47+00:00\",\"description\":\"Servido en nuestra acogedora sala de desayunos, entre las 7.00 y las 11.00 horas (de lunes a viernes) y entre las 8.00 y las 11.30 horas (s\u00e1bado y\",\"breadcrumb\":{\"@id\":\"https:\/\/hidden-hotel.com\/es\/aperitivo-servicio-de-habitaciones-y-desayuno\/el-desayuno\/#breadcrumb\"},\"inLanguage\":\"es\",\"potentialAction\":[{\"@type\":\"ReadAction\",\"target\":[\"https:\/\/hidden-hotel.com\/es\/aperitivo-servicio-de-habitaciones-y-desayuno\/el-desayuno\/\"]}]},{\"@type\":\"ImageObject\",\"inLanguage\":\"es\",\"@id\":\"https:\/\/hidden-hotel.com\/es\/aperitivo-servicio-de-habitaciones-y-desayuno\/el-desayuno\/#primaryimage\",\"url\":\"https:\/\/hidden-hotel.com\/wp-content\/uploads\/sites\/209\/2021\/09\/MG_2245-copie-2.jpg\",\"contentUrl\":\"https:\/\/hidden-hotel.com\/wp-content\/uploads\/sites\/209\/2021\/09\/MG_2245-copie-2.jpg\",\"width\":1000,\"height\":575,\"caption\":\"Hidden Hotel Paris\"},{\"@type\":\"BreadcrumbList\",\"@id\":\"https:\/\/hidden-hotel.com\/es\/aperitivo-servicio-de-habitaciones-y-desayuno\/el-desayuno\/#breadcrumb\",\"itemListElement\":[{\"@type\":\"ListItem\",\"position\":1,\"name\":\"Home\",\"item\":\"https:\/\/hidden-hotel.com\/es\/\"},{\"@type\":\"ListItem\",\"position\":2,\"name\":\"Comidas &amp; Bebidas\",\"item\":\"https:\/\/hidden-hotel.com\/es\/aperitivo-servicio-de-habitaciones-y-desayuno\/\"},{\"@type\":\"ListItem\",\"position\":3,\"name\":\"El desayuno\"}]},{\"@type\":\"WebSite\",\"@id\":\"https:\/\/hidden-hotel.com\/es\/#website\",\"url\":\"https:\/\/hidden-hotel.com\/es\/\",\"name\":\"Hidden Hotel Paris\",\"description\":\"Just another ms.decms.eu site\",\"potentialAction\":[{\"@type\":\"SearchAction\",\"target\":{\"@type\":\"EntryPoint\",\"urlTemplate\":\"https:\/\/hidden-hotel.com\/es\/?s={search_term_string}\"},\"query-input\":{\"@type\":\"PropertyValueSpecification\",\"valueRequired\":true,\"valueName\":\"search_term_string\"}}],\"inLanguage\":\"es\"}]}<\/script>\n<!-- \/ Yoast SEO plugin. -->","yoast_head_json":{"title":"El desayuno - Hidden Hotel Paris","description":"Servido en nuestra acogedora sala de desayunos, entre las 7.00 y las 11.00 horas (de lunes a viernes) y entre las 8.00 y las 11.30 horas (s\u00e1bado y","robots":{"index":"index","follow":"follow","max-snippet":"max-snippet:-1","max-image-preview":"max-image-preview:large","max-video-preview":"max-video-preview:-1"},"canonical":"https:\/\/hidden-hotel.com\/es\/aperitivo-servicio-de-habitaciones-y-desayuno\/el-desayuno\/","og_locale":"es_ES","og_type":"article","og_title":"El desayuno - Hidden Hotel Paris","og_description":"Servido en nuestra acogedora sala de desayunos, entre las 7.00 y las 11.00 horas (de lunes a viernes) y entre las 8.00 y las 11.30 horas (s\u00e1bado y","og_url":"https:\/\/hidden-hotel.com\/es\/aperitivo-servicio-de-habitaciones-y-desayuno\/el-desayuno\/","og_site_name":"Hidden Hotel Paris","article_modified_time":"2026-01-29T15:30:47+00:00","og_image":[{"width":1000,"height":575,"url":"https:\/\/hidden-hotel.com\/wp-content\/uploads\/sites\/209\/2021\/09\/MG_2245-copie-2.jpg","type":"image\/jpeg"}],"twitter_card":"summary_large_image","twitter_misc":{"Tiempo de lectura":"1 minuto"},"schema":{"@context":"https:\/\/schema.org","@graph":[{"@type":"WebPage","@id":"https:\/\/hidden-hotel.com\/es\/aperitivo-servicio-de-habitaciones-y-desayuno\/el-desayuno\/","url":"https:\/\/hidden-hotel.com\/es\/aperitivo-servicio-de-habitaciones-y-desayuno\/el-desayuno\/","name":"El desayuno - Hidden Hotel Paris","isPartOf":{"@id":"https:\/\/hidden-hotel.com\/es\/#website"},"primaryImageOfPage":{"@id":"https:\/\/hidden-hotel.com\/es\/aperitivo-servicio-de-habitaciones-y-desayuno\/el-desayuno\/#primaryimage"},"image":{"@id":"https:\/\/hidden-hotel.com\/es\/aperitivo-servicio-de-habitaciones-y-desayuno\/el-desayuno\/#primaryimage"},"thumbnailUrl":"https:\/\/hidden-hotel.com\/wp-content\/uploads\/sites\/209\/2021\/09\/MG_2245-copie-2.jpg","datePublished":"2020-09-29T19:22:41+00:00","dateModified":"2026-01-29T15:30:47+00:00","description":"Servido en nuestra acogedora sala de desayunos, entre las 7.00 y las 11.00 horas (de lunes a viernes) y entre las 8.00 y las 11.30 horas (s\u00e1bado y","breadcrumb":{"@id":"https:\/\/hidden-hotel.com\/es\/aperitivo-servicio-de-habitaciones-y-desayuno\/el-desayuno\/#breadcrumb"},"inLanguage":"es","potentialAction":[{"@type":"ReadAction","target":["https:\/\/hidden-hotel.com\/es\/aperitivo-servicio-de-habitaciones-y-desayuno\/el-desayuno\/"]}]},{"@type":"ImageObject","inLanguage":"es","@id":"https:\/\/hidden-hotel.com\/es\/aperitivo-servicio-de-habitaciones-y-desayuno\/el-desayuno\/#primaryimage","url":"https:\/\/hidden-hotel.com\/wp-content\/uploads\/sites\/209\/2021\/09\/MG_2245-copie-2.jpg","contentUrl":"https:\/\/hidden-hotel.com\/wp-content\/uploads\/sites\/209\/2021\/09\/MG_2245-copie-2.jpg","width":1000,"height":575,"caption":"Hidden Hotel Paris"},{"@type":"BreadcrumbList","@id":"https:\/\/hidden-hotel.com\/es\/aperitivo-servicio-de-habitaciones-y-desayuno\/el-desayuno\/#breadcrumb","itemListElement":[{"@type":"ListItem","position":1,"name":"Home","item":"https:\/\/hidden-hotel.com\/es\/"},{"@type":"ListItem","position":2,"name":"Comidas &amp; Bebidas","item":"https:\/\/hidden-hotel.com\/es\/aperitivo-servicio-de-habitaciones-y-desayuno\/"},{"@type":"ListItem","position":3,"name":"El desayuno"}]},{"@type":"WebSite","@id":"https:\/\/hidden-hotel.com\/es\/#website","url":"https:\/\/hidden-hotel.com\/es\/","name":"Hidden Hotel Paris","description":"Just another ms.decms.eu site","potentialAction":[{"@type":"SearchAction","target":{"@type":"EntryPoint","urlTemplate":"https:\/\/hidden-hotel.com\/es\/?s={search_term_string}"},"query-input":{"@type":"PropertyValueSpecification","valueRequired":true,"valueName":"search_term_string"}}],"inLanguage":"es"}]}},"acf":[],"_links":{"self":[{"href":"https:\/\/hidden-hotel.com\/es\/wp-json\/wp\/v2\/pages\/638","targetHints":{"allow":["GET"]}}],"collection":[{"href":"https:\/\/hidden-hotel.com\/es\/wp-json\/wp\/v2\/pages"}],"about":[{"href":"https:\/\/hidden-hotel.com\/es\/wp-json\/wp\/v2\/types\/page"}],"author":[{"embeddable":true,"href":"https:\/\/hidden-hotel.com\/es\/wp-json\/wp\/v2\/users\/5"}],"replies":[{"embeddable":true,"href":"https:\/\/hidden-hotel.com\/es\/wp-json\/wp\/v2\/comments?post=638"}],"version-history":[{"count":0,"href":"https:\/\/hidden-hotel.com\/es\/wp-json\/wp\/v2\/pages\/638\/revisions"}],"up":[{"embeddable":true,"href":"https:\/\/hidden-hotel.com\/es\/wp-json\/wp\/v2\/pages\/618"}],"wp:featuredmedia":[{"embeddable":true,"href":"https:\/\/hidden-hotel.com\/es\/wp-json\/wp\/v2\/media\/2008"}],"wp:attachment":[{"href":"https:\/\/hidden-hotel.com\/es\/wp-json\/wp\/v2\/media?parent=638"}],"curies":[{"name":"wp","href":"https:\/\/api.w.org\/{rel}","templated":true}]}}