{"id":653,"date":"2020-11-09T10:31:44","date_gmt":"2020-11-09T10:31:44","guid":{"rendered":"https:\/\/hidden.ms.decms.eu\/chambre-a-la-journee\/"},"modified":"2022-02-21T11:46:17","modified_gmt":"2022-02-21T11:46:17","slug":"habitacion-durante-el-dia","status":"publish","type":"page","link":"https:\/\/hidden-hotel.com\/es\/habitacion-durante-el-dia\/","title":{"rendered":"Habitaci\u00f3n durante el d\u00eda"},"content":{"rendered":"<p>El tiempo para reponerse, desconectar durante unas horas de la rutina o, simplemente, disfrutar de un momento de tranquilidad\u2026 \u00a1El Hidden Hotel le espera! Por unas horas, por la ma\u00f1ana, por la tarde o durante todo el d\u00eda&#8230; Reserva una <strong>habitaci\u00f3n durante el d\u00eda<\/strong> y disfrute de todos los espacios y equipamientos de un hotel con encanto a dos pasos de los Campos El\u00edseos.<\/p>\n<p>\u00a1Un d\u00eda en el hotel, por muchas razones!<br \/>\n&#8211; Para trabajar: Mejor que una oficina, una habitaci\u00f3n con un espacio equipado en un marco \u00fanico e inspirador.<br \/>\n&#8211; Para regalarse un d\u00eda fuera del tiempo: el confort y la tranquilidad de una habitaci\u00f3n en la que se mezclan diferentes materiales naturales.<br \/>\n&#8211; Para descansar durante una escala: nuestras acogedoras habitaciones ser\u00e1n las mejores salas de espera.<br \/>\n&#8211; Para una escapada Hidden con total discreci\u00f3n.<br \/>\n&#8211; Para celebrar un evento, nada mejor que un poco de intimidad.<br \/>\n&#8211; Para realizar una sesi\u00f3n de fotos: el estilo contempor\u00e1neo y la mezcla ideal de materiales y colores c\u00e1lidos proporcionar\u00e1n un marco ideal para tomar fotos excepcionales&#8230;<\/p>\n<p>Independientemente del uso que quieras hacer de ella, la reserva de una habitaci\u00f3n <strong>de hotel durante el d\u00eda<\/strong> colmar\u00e1 tus expectativas.<\/p>\n","protected":false},"excerpt":{"rendered":"<p>El tiempo para reponerse, desconectar durante unas horas de la rutina o, simplemente, disfrutar de un momento de tranquilidad\u2026 \u00a1El Hidden Hotel le espera! Por unas horas, por la ma\u00f1ana, por la tarde o durante todo el d\u00eda&#8230; Reserva una habitaci\u00f3n durante el d\u00eda y disfrute de todos los espacios y equipamientos de un hotel [&hellip;]<\/p>\n","protected":false},"author":5,"featured_media":1936,"parent":0,"menu_order":0,"comment_status":"closed","ping_status":"closed","template":"template-default-2.php","meta":{"footnotes":""},"class_list":["post-653","page","type-page","status-publish","has-post-thumbnail","hentry"],"yoast_head":"<!-- This site is optimized with the Yoast SEO plugin v26.9 - https:\/\/yoast.com\/product\/yoast-seo-wordpress\/ -->\n<title>Habitaci\u00f3n durante el d\u00eda - Hidden Hotel Paris<\/title>\n<meta name=\"description\" content=\"El tiempo para reponerse, desconectar durante unas horas de la rutina o, simplemente, disfrutar de un momento de tranquilidad\u2026 \u00a1El Hidden Hotel le espera!\" \/>\n<meta name=\"robots\" content=\"index, follow, max-snippet:-1, max-image-preview:large, max-video-preview:-1\" \/>\n<link rel=\"canonical\" href=\"https:\/\/hidden-hotel.com\/es\/habitacion-durante-el-dia\/\" \/>\n<meta property=\"og:locale\" content=\"es_ES\" \/>\n<meta property=\"og:type\" content=\"article\" \/>\n<meta property=\"og:title\" content=\"Habitaci\u00f3n durante el d\u00eda - Hidden Hotel Paris\" \/>\n<meta property=\"og:description\" content=\"El tiempo para reponerse, desconectar durante unas horas de la rutina o, simplemente, disfrutar de un momento de tranquilidad\u2026 \u00a1El Hidden Hotel le espera!\" \/>\n<meta property=\"og:url\" content=\"https:\/\/hidden-hotel.com\/es\/habitacion-durante-el-dia\/\" \/>\n<meta property=\"og:site_name\" content=\"Hidden Hotel Paris\" \/>\n<meta property=\"article:modified_time\" content=\"2022-02-21T11:46:17+00:00\" \/>\n<meta property=\"og:image\" content=\"https:\/\/hidden-hotel.com\/wp-content\/uploads\/sites\/209\/2021\/09\/chambre_a\u0300_la_journe\u0301e.jpg\" \/>\n\t<meta property=\"og:image:width\" content=\"2560\" \/>\n\t<meta property=\"og:image:height\" content=\"1707\" \/>\n\t<meta property=\"og:image:type\" content=\"image\/jpeg\" \/>\n<meta name=\"twitter:card\" content=\"summary_large_image\" \/>\n<meta name=\"twitter:label1\" content=\"Tiempo de lectura\" \/>\n\t<meta name=\"twitter:data1\" content=\"1 minuto\" \/>\n<script type=\"application\/ld+json\" class=\"yoast-schema-graph\">{\"@context\":\"https:\/\/schema.org\",\"@graph\":[{\"@type\":\"WebPage\",\"@id\":\"https:\/\/hidden-hotel.com\/es\/habitacion-durante-el-dia\/\",\"url\":\"https:\/\/hidden-hotel.com\/es\/habitacion-durante-el-dia\/\",\"name\":\"Habitaci\u00f3n durante el d\u00eda - Hidden Hotel Paris\",\"isPartOf\":{\"@id\":\"https:\/\/hidden-hotel.com\/es\/#website\"},\"primaryImageOfPage\":{\"@id\":\"https:\/\/hidden-hotel.com\/es\/habitacion-durante-el-dia\/#primaryimage\"},\"image\":{\"@id\":\"https:\/\/hidden-hotel.com\/es\/habitacion-durante-el-dia\/#primaryimage\"},\"thumbnailUrl\":\"https:\/\/hidden-hotel.com\/wp-content\/uploads\/sites\/209\/2021\/09\/chambre_a\u0300_la_journe\u0301e.jpg\",\"datePublished\":\"2020-11-09T10:31:44+00:00\",\"dateModified\":\"2022-02-21T11:46:17+00:00\",\"description\":\"El tiempo para reponerse, desconectar durante unas horas de la rutina o, simplemente, disfrutar de un momento de tranquilidad\u2026 \u00a1El Hidden Hotel le espera!\",\"breadcrumb\":{\"@id\":\"https:\/\/hidden-hotel.com\/es\/habitacion-durante-el-dia\/#breadcrumb\"},\"inLanguage\":\"es\",\"potentialAction\":[{\"@type\":\"ReadAction\",\"target\":[\"https:\/\/hidden-hotel.com\/es\/habitacion-durante-el-dia\/\"]}]},{\"@type\":\"ImageObject\",\"inLanguage\":\"es\",\"@id\":\"https:\/\/hidden-hotel.com\/es\/habitacion-durante-el-dia\/#primaryimage\",\"url\":\"https:\/\/hidden-hotel.com\/wp-content\/uploads\/sites\/209\/2021\/09\/chambre_a\u0300_la_journe\u0301e.jpg\",\"contentUrl\":\"https:\/\/hidden-hotel.com\/wp-content\/uploads\/sites\/209\/2021\/09\/chambre_a\u0300_la_journe\u0301e.jpg\",\"width\":2560,\"height\":1707,\"caption\":\"Hidden Hotel Paris\"},{\"@type\":\"BreadcrumbList\",\"@id\":\"https:\/\/hidden-hotel.com\/es\/habitacion-durante-el-dia\/#breadcrumb\",\"itemListElement\":[{\"@type\":\"ListItem\",\"position\":1,\"name\":\"Home\",\"item\":\"https:\/\/hidden-hotel.com\/es\/\"},{\"@type\":\"ListItem\",\"position\":2,\"name\":\"Habitaci\u00f3n durante el d\u00eda\"}]},{\"@type\":\"WebSite\",\"@id\":\"https:\/\/hidden-hotel.com\/es\/#website\",\"url\":\"https:\/\/hidden-hotel.com\/es\/\",\"name\":\"Hidden Hotel Paris\",\"description\":\"Just another ms.decms.eu site\",\"potentialAction\":[{\"@type\":\"SearchAction\",\"target\":{\"@type\":\"EntryPoint\",\"urlTemplate\":\"https:\/\/hidden-hotel.com\/es\/?s={search_term_string}\"},\"query-input\":{\"@type\":\"PropertyValueSpecification\",\"valueRequired\":true,\"valueName\":\"search_term_string\"}}],\"inLanguage\":\"es\"}]}<\/script>\n<!-- \/ Yoast SEO plugin. -->","yoast_head_json":{"title":"Habitaci\u00f3n durante el d\u00eda - Hidden Hotel Paris","description":"El tiempo para reponerse, desconectar durante unas horas de la rutina o, simplemente, disfrutar de un momento de tranquilidad\u2026 \u00a1El Hidden Hotel le espera!","robots":{"index":"index","follow":"follow","max-snippet":"max-snippet:-1","max-image-preview":"max-image-preview:large","max-video-preview":"max-video-preview:-1"},"canonical":"https:\/\/hidden-hotel.com\/es\/habitacion-durante-el-dia\/","og_locale":"es_ES","og_type":"article","og_title":"Habitaci\u00f3n durante el d\u00eda - Hidden Hotel Paris","og_description":"El tiempo para reponerse, desconectar durante unas horas de la rutina o, simplemente, disfrutar de un momento de tranquilidad\u2026 \u00a1El Hidden Hotel le espera!","og_url":"https:\/\/hidden-hotel.com\/es\/habitacion-durante-el-dia\/","og_site_name":"Hidden Hotel Paris","article_modified_time":"2022-02-21T11:46:17+00:00","og_image":[{"width":2560,"height":1707,"url":"https:\/\/hidden-hotel.com\/wp-content\/uploads\/sites\/209\/2021\/09\/chambre_a\u0300_la_journe\u0301e.jpg","type":"image\/jpeg"}],"twitter_card":"summary_large_image","twitter_misc":{"Tiempo de lectura":"1 minuto"},"schema":{"@context":"https:\/\/schema.org","@graph":[{"@type":"WebPage","@id":"https:\/\/hidden-hotel.com\/es\/habitacion-durante-el-dia\/","url":"https:\/\/hidden-hotel.com\/es\/habitacion-durante-el-dia\/","name":"Habitaci\u00f3n durante el d\u00eda - Hidden Hotel Paris","isPartOf":{"@id":"https:\/\/hidden-hotel.com\/es\/#website"},"primaryImageOfPage":{"@id":"https:\/\/hidden-hotel.com\/es\/habitacion-durante-el-dia\/#primaryimage"},"image":{"@id":"https:\/\/hidden-hotel.com\/es\/habitacion-durante-el-dia\/#primaryimage"},"thumbnailUrl":"https:\/\/hidden-hotel.com\/wp-content\/uploads\/sites\/209\/2021\/09\/chambre_a\u0300_la_journe\u0301e.jpg","datePublished":"2020-11-09T10:31:44+00:00","dateModified":"2022-02-21T11:46:17+00:00","description":"El tiempo para reponerse, desconectar durante unas horas de la rutina o, simplemente, disfrutar de un momento de tranquilidad\u2026 \u00a1El Hidden Hotel le espera!","breadcrumb":{"@id":"https:\/\/hidden-hotel.com\/es\/habitacion-durante-el-dia\/#breadcrumb"},"inLanguage":"es","potentialAction":[{"@type":"ReadAction","target":["https:\/\/hidden-hotel.com\/es\/habitacion-durante-el-dia\/"]}]},{"@type":"ImageObject","inLanguage":"es","@id":"https:\/\/hidden-hotel.com\/es\/habitacion-durante-el-dia\/#primaryimage","url":"https:\/\/hidden-hotel.com\/wp-content\/uploads\/sites\/209\/2021\/09\/chambre_a\u0300_la_journe\u0301e.jpg","contentUrl":"https:\/\/hidden-hotel.com\/wp-content\/uploads\/sites\/209\/2021\/09\/chambre_a\u0300_la_journe\u0301e.jpg","width":2560,"height":1707,"caption":"Hidden Hotel Paris"},{"@type":"BreadcrumbList","@id":"https:\/\/hidden-hotel.com\/es\/habitacion-durante-el-dia\/#breadcrumb","itemListElement":[{"@type":"ListItem","position":1,"name":"Home","item":"https:\/\/hidden-hotel.com\/es\/"},{"@type":"ListItem","position":2,"name":"Habitaci\u00f3n durante el d\u00eda"}]},{"@type":"WebSite","@id":"https:\/\/hidden-hotel.com\/es\/#website","url":"https:\/\/hidden-hotel.com\/es\/","name":"Hidden Hotel Paris","description":"Just another ms.decms.eu site","potentialAction":[{"@type":"SearchAction","target":{"@type":"EntryPoint","urlTemplate":"https:\/\/hidden-hotel.com\/es\/?s={search_term_string}"},"query-input":{"@type":"PropertyValueSpecification","valueRequired":true,"valueName":"search_term_string"}}],"inLanguage":"es"}]}},"acf":[],"_links":{"self":[{"href":"https:\/\/hidden-hotel.com\/es\/wp-json\/wp\/v2\/pages\/653","targetHints":{"allow":["GET"]}}],"collection":[{"href":"https:\/\/hidden-hotel.com\/es\/wp-json\/wp\/v2\/pages"}],"about":[{"href":"https:\/\/hidden-hotel.com\/es\/wp-json\/wp\/v2\/types\/page"}],"author":[{"embeddable":true,"href":"https:\/\/hidden-hotel.com\/es\/wp-json\/wp\/v2\/users\/5"}],"replies":[{"embeddable":true,"href":"https:\/\/hidden-hotel.com\/es\/wp-json\/wp\/v2\/comments?post=653"}],"version-history":[{"count":0,"href":"https:\/\/hidden-hotel.com\/es\/wp-json\/wp\/v2\/pages\/653\/revisions"}],"wp:featuredmedia":[{"embeddable":true,"href":"https:\/\/hidden-hotel.com\/es\/wp-json\/wp\/v2\/media\/1936"}],"wp:attachment":[{"href":"https:\/\/hidden-hotel.com\/es\/wp-json\/wp\/v2\/media?parent=653"}],"curies":[{"name":"wp","href":"https:\/\/api.w.org\/{rel}","templated":true}]}}