{"id":753,"date":"2020-11-09T10:28:38","date_gmt":"2020-11-09T10:28:38","guid":{"rendered":"https:\/\/hidden.ms.decms.eu\/petit-salon\/"},"modified":"2022-02-21T11:44:04","modified_gmt":"2022-02-21T11:44:04","slug":"el-saloncito","status":"publish","type":"page","link":"https:\/\/hidden-hotel.com\/es\/el-saloncito\/","title":{"rendered":"El saloncito"},"content":{"rendered":"<p>Sentado en unos grandes sof\u00e1s de cuero, podr\u00e1 disfrutar de un ambiente c\u00e1lido, acogedor y relajante. Este lugar, con capacidad para ocho personas, puede transformarse en funci\u00f3n de sus deseos y convertirse en:<\/p>\n<ul>\n<li>Una sala de reuniones, con la posibilidad de conectar el ordenador a la televisi\u00f3n<\/li>\n<li>Un espacio en el que ver un partido con amigos tomando su bebida favorita<\/li>\n<li>Un lugar en el que tomar una buena botella de vino mientras ve una buena pel\u00edcula en pantalla grande<\/li>\n<li>Una sala de juego, si le apetece jugar al P\u00f3ker con sus amigos<\/li>\n<li>Una sala para fumadores si siente el desea de fumar<\/li>\n<li>O, simplemente, un lugar para leer un libro, trabajar, arreglar el mundo&#8230; Y desconectar<\/li>\n<\/ul>\n<p>El personal del bar te servir\u00e1 bebidas y tapas para que no te falte de nada. Sea cual sea ese lugar, el personal est\u00e1 a tu disposici\u00f3n para atenderle y responder a sus apetencias, deseos, preguntas\u2026<\/p>\n","protected":false},"excerpt":{"rendered":"<p>Sentado en unos grandes sof\u00e1s de cuero, podr\u00e1 disfrutar de un ambiente c\u00e1lido, acogedor y relajante. Este lugar, con capacidad para ocho personas, puede transformarse en funci\u00f3n de sus deseos y convertirse en: Una sala de reuniones, con la posibilidad de conectar el ordenador a la televisi\u00f3n Un espacio en el que ver un partido [&hellip;]<\/p>\n","protected":false},"author":5,"featured_media":728,"parent":0,"menu_order":0,"comment_status":"closed","ping_status":"closed","template":"template-default-2.php","meta":{"footnotes":""},"class_list":["post-753","page","type-page","status-publish","has-post-thumbnail","hentry"],"yoast_head":"<!-- This site is optimized with the Yoast SEO plugin v26.9 - https:\/\/yoast.com\/product\/yoast-seo-wordpress\/ -->\n<title>El saloncito - Hidden Hotel Paris<\/title>\n<meta name=\"description\" content=\"Sentado en unos grandes sof\u00e1s de cuero, podr\u00e1 disfrutar de un ambiente c\u00e1lido, acogedor y relajante. Este lugar, con capacidad para ocho personas, puede\" \/>\n<meta name=\"robots\" content=\"index, follow, max-snippet:-1, max-image-preview:large, max-video-preview:-1\" \/>\n<link rel=\"canonical\" href=\"https:\/\/hidden-hotel.com\/es\/el-saloncito\/\" \/>\n<meta property=\"og:locale\" content=\"es_ES\" \/>\n<meta property=\"og:type\" content=\"article\" \/>\n<meta property=\"og:title\" content=\"El saloncito - Hidden Hotel Paris\" \/>\n<meta property=\"og:description\" content=\"Sentado en unos grandes sof\u00e1s de cuero, podr\u00e1 disfrutar de un ambiente c\u00e1lido, acogedor y relajante. Este lugar, con capacidad para ocho personas, puede\" \/>\n<meta property=\"og:url\" content=\"https:\/\/hidden-hotel.com\/es\/el-saloncito\/\" \/>\n<meta property=\"og:site_name\" content=\"Hidden Hotel Paris\" \/>\n<meta property=\"article:modified_time\" content=\"2022-02-21T11:44:04+00:00\" \/>\n<meta property=\"og:image\" content=\"https:\/\/hidden-hotel.com\/wp-content\/uploads\/sites\/209\/2020\/11\/th_15-HIDDEN-HOTEL-PARIS-17-LE-PETIT-SALON-3.jpg\" \/>\n\t<meta property=\"og:image:width\" content=\"1000\" \/>\n\t<meta property=\"og:image:height\" content=\"666\" \/>\n\t<meta property=\"og:image:type\" content=\"image\/jpeg\" \/>\n<meta name=\"twitter:card\" content=\"summary_large_image\" \/>\n<meta name=\"twitter:label1\" content=\"Tiempo de lectura\" \/>\n\t<meta name=\"twitter:data1\" content=\"1 minuto\" \/>\n<script type=\"application\/ld+json\" class=\"yoast-schema-graph\">{\"@context\":\"https:\/\/schema.org\",\"@graph\":[{\"@type\":\"WebPage\",\"@id\":\"https:\/\/hidden-hotel.com\/es\/el-saloncito\/\",\"url\":\"https:\/\/hidden-hotel.com\/es\/el-saloncito\/\",\"name\":\"El saloncito - Hidden Hotel Paris\",\"isPartOf\":{\"@id\":\"https:\/\/hidden-hotel.com\/es\/#website\"},\"primaryImageOfPage\":{\"@id\":\"https:\/\/hidden-hotel.com\/es\/el-saloncito\/#primaryimage\"},\"image\":{\"@id\":\"https:\/\/hidden-hotel.com\/es\/el-saloncito\/#primaryimage\"},\"thumbnailUrl\":\"https:\/\/hidden-hotel.com\/wp-content\/uploads\/sites\/209\/2020\/11\/th_15-HIDDEN-HOTEL-PARIS-17-LE-PETIT-SALON-3.jpg\",\"datePublished\":\"2020-11-09T10:28:38+00:00\",\"dateModified\":\"2022-02-21T11:44:04+00:00\",\"description\":\"Sentado en unos grandes sof\u00e1s de cuero, podr\u00e1 disfrutar de un ambiente c\u00e1lido, acogedor y relajante. Este lugar, con capacidad para ocho personas, puede\",\"breadcrumb\":{\"@id\":\"https:\/\/hidden-hotel.com\/es\/el-saloncito\/#breadcrumb\"},\"inLanguage\":\"es\",\"potentialAction\":[{\"@type\":\"ReadAction\",\"target\":[\"https:\/\/hidden-hotel.com\/es\/el-saloncito\/\"]}]},{\"@type\":\"ImageObject\",\"inLanguage\":\"es\",\"@id\":\"https:\/\/hidden-hotel.com\/es\/el-saloncito\/#primaryimage\",\"url\":\"https:\/\/hidden-hotel.com\/wp-content\/uploads\/sites\/209\/2020\/11\/th_15-HIDDEN-HOTEL-PARIS-17-LE-PETIT-SALON-3.jpg\",\"contentUrl\":\"https:\/\/hidden-hotel.com\/wp-content\/uploads\/sites\/209\/2020\/11\/th_15-HIDDEN-HOTEL-PARIS-17-LE-PETIT-SALON-3.jpg\",\"width\":1000,\"height\":666},{\"@type\":\"BreadcrumbList\",\"@id\":\"https:\/\/hidden-hotel.com\/es\/el-saloncito\/#breadcrumb\",\"itemListElement\":[{\"@type\":\"ListItem\",\"position\":1,\"name\":\"Home\",\"item\":\"https:\/\/hidden-hotel.com\/es\/\"},{\"@type\":\"ListItem\",\"position\":2,\"name\":\"El saloncito\"}]},{\"@type\":\"WebSite\",\"@id\":\"https:\/\/hidden-hotel.com\/es\/#website\",\"url\":\"https:\/\/hidden-hotel.com\/es\/\",\"name\":\"Hidden Hotel Paris\",\"description\":\"Just another ms.decms.eu site\",\"potentialAction\":[{\"@type\":\"SearchAction\",\"target\":{\"@type\":\"EntryPoint\",\"urlTemplate\":\"https:\/\/hidden-hotel.com\/es\/?s={search_term_string}\"},\"query-input\":{\"@type\":\"PropertyValueSpecification\",\"valueRequired\":true,\"valueName\":\"search_term_string\"}}],\"inLanguage\":\"es\"}]}<\/script>\n<!-- \/ Yoast SEO plugin. -->","yoast_head_json":{"title":"El saloncito - Hidden Hotel Paris","description":"Sentado en unos grandes sof\u00e1s de cuero, podr\u00e1 disfrutar de un ambiente c\u00e1lido, acogedor y relajante. Este lugar, con capacidad para ocho personas, puede","robots":{"index":"index","follow":"follow","max-snippet":"max-snippet:-1","max-image-preview":"max-image-preview:large","max-video-preview":"max-video-preview:-1"},"canonical":"https:\/\/hidden-hotel.com\/es\/el-saloncito\/","og_locale":"es_ES","og_type":"article","og_title":"El saloncito - Hidden Hotel Paris","og_description":"Sentado en unos grandes sof\u00e1s de cuero, podr\u00e1 disfrutar de un ambiente c\u00e1lido, acogedor y relajante. Este lugar, con capacidad para ocho personas, puede","og_url":"https:\/\/hidden-hotel.com\/es\/el-saloncito\/","og_site_name":"Hidden Hotel Paris","article_modified_time":"2022-02-21T11:44:04+00:00","og_image":[{"width":1000,"height":666,"url":"https:\/\/hidden-hotel.com\/wp-content\/uploads\/sites\/209\/2020\/11\/th_15-HIDDEN-HOTEL-PARIS-17-LE-PETIT-SALON-3.jpg","type":"image\/jpeg"}],"twitter_card":"summary_large_image","twitter_misc":{"Tiempo de lectura":"1 minuto"},"schema":{"@context":"https:\/\/schema.org","@graph":[{"@type":"WebPage","@id":"https:\/\/hidden-hotel.com\/es\/el-saloncito\/","url":"https:\/\/hidden-hotel.com\/es\/el-saloncito\/","name":"El saloncito - Hidden Hotel Paris","isPartOf":{"@id":"https:\/\/hidden-hotel.com\/es\/#website"},"primaryImageOfPage":{"@id":"https:\/\/hidden-hotel.com\/es\/el-saloncito\/#primaryimage"},"image":{"@id":"https:\/\/hidden-hotel.com\/es\/el-saloncito\/#primaryimage"},"thumbnailUrl":"https:\/\/hidden-hotel.com\/wp-content\/uploads\/sites\/209\/2020\/11\/th_15-HIDDEN-HOTEL-PARIS-17-LE-PETIT-SALON-3.jpg","datePublished":"2020-11-09T10:28:38+00:00","dateModified":"2022-02-21T11:44:04+00:00","description":"Sentado en unos grandes sof\u00e1s de cuero, podr\u00e1 disfrutar de un ambiente c\u00e1lido, acogedor y relajante. Este lugar, con capacidad para ocho personas, puede","breadcrumb":{"@id":"https:\/\/hidden-hotel.com\/es\/el-saloncito\/#breadcrumb"},"inLanguage":"es","potentialAction":[{"@type":"ReadAction","target":["https:\/\/hidden-hotel.com\/es\/el-saloncito\/"]}]},{"@type":"ImageObject","inLanguage":"es","@id":"https:\/\/hidden-hotel.com\/es\/el-saloncito\/#primaryimage","url":"https:\/\/hidden-hotel.com\/wp-content\/uploads\/sites\/209\/2020\/11\/th_15-HIDDEN-HOTEL-PARIS-17-LE-PETIT-SALON-3.jpg","contentUrl":"https:\/\/hidden-hotel.com\/wp-content\/uploads\/sites\/209\/2020\/11\/th_15-HIDDEN-HOTEL-PARIS-17-LE-PETIT-SALON-3.jpg","width":1000,"height":666},{"@type":"BreadcrumbList","@id":"https:\/\/hidden-hotel.com\/es\/el-saloncito\/#breadcrumb","itemListElement":[{"@type":"ListItem","position":1,"name":"Home","item":"https:\/\/hidden-hotel.com\/es\/"},{"@type":"ListItem","position":2,"name":"El saloncito"}]},{"@type":"WebSite","@id":"https:\/\/hidden-hotel.com\/es\/#website","url":"https:\/\/hidden-hotel.com\/es\/","name":"Hidden Hotel Paris","description":"Just another ms.decms.eu site","potentialAction":[{"@type":"SearchAction","target":{"@type":"EntryPoint","urlTemplate":"https:\/\/hidden-hotel.com\/es\/?s={search_term_string}"},"query-input":{"@type":"PropertyValueSpecification","valueRequired":true,"valueName":"search_term_string"}}],"inLanguage":"es"}]}},"acf":[],"_links":{"self":[{"href":"https:\/\/hidden-hotel.com\/es\/wp-json\/wp\/v2\/pages\/753","targetHints":{"allow":["GET"]}}],"collection":[{"href":"https:\/\/hidden-hotel.com\/es\/wp-json\/wp\/v2\/pages"}],"about":[{"href":"https:\/\/hidden-hotel.com\/es\/wp-json\/wp\/v2\/types\/page"}],"author":[{"embeddable":true,"href":"https:\/\/hidden-hotel.com\/es\/wp-json\/wp\/v2\/users\/5"}],"replies":[{"embeddable":true,"href":"https:\/\/hidden-hotel.com\/es\/wp-json\/wp\/v2\/comments?post=753"}],"version-history":[{"count":0,"href":"https:\/\/hidden-hotel.com\/es\/wp-json\/wp\/v2\/pages\/753\/revisions"}],"wp:featuredmedia":[{"embeddable":true,"href":"https:\/\/hidden-hotel.com\/es\/wp-json\/wp\/v2\/media\/728"}],"wp:attachment":[{"href":"https:\/\/hidden-hotel.com\/es\/wp-json\/wp\/v2\/media?parent=753"}],"curies":[{"name":"wp","href":"https:\/\/api.w.org\/{rel}","templated":true}]}}