{"id":766,"date":"2020-09-29T20:01:11","date_gmt":"2020-09-29T20:01:11","guid":{"rendered":"https:\/\/hidden.ms.decms.eu\/quartier\/"},"modified":"2021-10-28T13:50:45","modified_gmt":"2021-10-28T13:50:45","slug":"nuestras-direcciones","status":"publish","type":"page","link":"https:\/\/hidden-hotel.com\/es\/nuestras-direcciones\/","title":{"rendered":"Nuestras mejores lugares"},"content":{"rendered":"<p><span lang=\"ES\">El distrito 17 de Par\u00eds es un distrito atemporal, que cruza las modas con su reconocida calidad de vida. Su aspecto tranquilo y burgu\u00e9s esconde una faceta art\u00edstica, dise\u00f1adora y acogedora. Caminamos por la avenue des Champs \u00c9lys\u00e9es, nos cultivamos en sus museos, paseamos por sus tiendas y mercados, hacemos una pausa en sus caf\u00e9s y salones de t\u00e9, nos damos un fest\u00edn en sus helader\u00edas, sus chocolater\u00edas y sus direcciones gastron\u00f3micas. Te esperamos para revelar los lugares secretos de Par\u00eds y compartir contigo nuestras mejores direcciones (salidas, restaurantes, compras, etc.)<\/span><span lang=\"ES-AR\">.<\/span><\/p>\n","protected":false},"excerpt":{"rendered":"<p>El distrito 17 de Par\u00eds es un distrito atemporal, que cruza las modas con su reconocida calidad de vida. Su aspecto tranquilo y burgu\u00e9s esconde una faceta art\u00edstica, dise\u00f1adora y acogedora. Caminamos por la avenue des Champs \u00c9lys\u00e9es, nos cultivamos en sus museos, paseamos por sus tiendas y mercados, hacemos una pausa en sus caf\u00e9s [&hellip;]<\/p>\n","protected":false},"author":5,"featured_media":768,"parent":0,"menu_order":0,"comment_status":"closed","ping_status":"closed","template":"template-surroundings.php","meta":{"footnotes":""},"class_list":["post-766","page","type-page","status-publish","has-post-thumbnail","hentry"],"yoast_head":"<!-- This site is optimized with the Yoast SEO plugin v26.9 - https:\/\/yoast.com\/product\/yoast-seo-wordpress\/ -->\n<title>Nuestras mejores lugares - Hidden Hotel Paris<\/title>\n<meta name=\"description\" content=\"El distrito 17 de Par\u00eds es un distrito atemporal, que cruza las modas con su reconocida calidad de vida. Su aspecto tranquilo y burgu\u00e9s esconde una faceta\" \/>\n<meta name=\"robots\" content=\"index, follow, max-snippet:-1, max-image-preview:large, max-video-preview:-1\" \/>\n<link rel=\"canonical\" href=\"https:\/\/hidden-hotel.com\/es\/nuestras-direcciones\/\" \/>\n<meta property=\"og:locale\" content=\"es_ES\" \/>\n<meta property=\"og:type\" content=\"article\" \/>\n<meta property=\"og:title\" content=\"Nuestras mejores lugares - Hidden Hotel Paris\" \/>\n<meta property=\"og:description\" content=\"El distrito 17 de Par\u00eds es un distrito atemporal, que cruza las modas con su reconocida calidad de vida. Su aspecto tranquilo y burgu\u00e9s esconde una faceta\" \/>\n<meta property=\"og:url\" content=\"https:\/\/hidden-hotel.com\/es\/nuestras-direcciones\/\" \/>\n<meta property=\"og:site_name\" content=\"Hidden Hotel Paris\" \/>\n<meta property=\"article:modified_time\" content=\"2021-10-28T13:50:45+00:00\" \/>\n<meta property=\"og:image\" content=\"https:\/\/hidden-hotel.com\/wp-content\/uploads\/sites\/209\/2020\/11\/municipales-paris-20201.png\" \/>\n\t<meta property=\"og:image:width\" content=\"1020\" \/>\n\t<meta property=\"og:image:height\" content=\"679\" \/>\n\t<meta property=\"og:image:type\" content=\"image\/png\" \/>\n<meta name=\"twitter:card\" content=\"summary_large_image\" \/>\n<meta name=\"twitter:label1\" content=\"Tiempo de lectura\" \/>\n\t<meta name=\"twitter:data1\" content=\"1 minuto\" \/>\n<script type=\"application\/ld+json\" class=\"yoast-schema-graph\">{\"@context\":\"https:\/\/schema.org\",\"@graph\":[{\"@type\":\"WebPage\",\"@id\":\"https:\/\/hidden-hotel.com\/es\/nuestras-direcciones\/\",\"url\":\"https:\/\/hidden-hotel.com\/es\/nuestras-direcciones\/\",\"name\":\"Nuestras mejores lugares - Hidden Hotel Paris\",\"isPartOf\":{\"@id\":\"https:\/\/hidden-hotel.com\/es\/#website\"},\"primaryImageOfPage\":{\"@id\":\"https:\/\/hidden-hotel.com\/es\/nuestras-direcciones\/#primaryimage\"},\"image\":{\"@id\":\"https:\/\/hidden-hotel.com\/es\/nuestras-direcciones\/#primaryimage\"},\"thumbnailUrl\":\"https:\/\/hidden-hotel.com\/wp-content\/uploads\/sites\/209\/2020\/11\/municipales-paris-20201.png\",\"datePublished\":\"2020-09-29T20:01:11+00:00\",\"dateModified\":\"2021-10-28T13:50:45+00:00\",\"description\":\"El distrito 17 de Par\u00eds es un distrito atemporal, que cruza las modas con su reconocida calidad de vida. Su aspecto tranquilo y burgu\u00e9s esconde una faceta\",\"breadcrumb\":{\"@id\":\"https:\/\/hidden-hotel.com\/es\/nuestras-direcciones\/#breadcrumb\"},\"inLanguage\":\"es\",\"potentialAction\":[{\"@type\":\"ReadAction\",\"target\":[\"https:\/\/hidden-hotel.com\/es\/nuestras-direcciones\/\"]}]},{\"@type\":\"ImageObject\",\"inLanguage\":\"es\",\"@id\":\"https:\/\/hidden-hotel.com\/es\/nuestras-direcciones\/#primaryimage\",\"url\":\"https:\/\/hidden-hotel.com\/wp-content\/uploads\/sites\/209\/2020\/11\/municipales-paris-20201.png\",\"contentUrl\":\"https:\/\/hidden-hotel.com\/wp-content\/uploads\/sites\/209\/2020\/11\/municipales-paris-20201.png\",\"width\":1020,\"height\":679},{\"@type\":\"BreadcrumbList\",\"@id\":\"https:\/\/hidden-hotel.com\/es\/nuestras-direcciones\/#breadcrumb\",\"itemListElement\":[{\"@type\":\"ListItem\",\"position\":1,\"name\":\"Home\",\"item\":\"https:\/\/hidden-hotel.com\/es\/\"},{\"@type\":\"ListItem\",\"position\":2,\"name\":\"Nuestras mejores lugares\"}]},{\"@type\":\"WebSite\",\"@id\":\"https:\/\/hidden-hotel.com\/es\/#website\",\"url\":\"https:\/\/hidden-hotel.com\/es\/\",\"name\":\"Hidden Hotel Paris\",\"description\":\"Just another ms.decms.eu site\",\"potentialAction\":[{\"@type\":\"SearchAction\",\"target\":{\"@type\":\"EntryPoint\",\"urlTemplate\":\"https:\/\/hidden-hotel.com\/es\/?s={search_term_string}\"},\"query-input\":{\"@type\":\"PropertyValueSpecification\",\"valueRequired\":true,\"valueName\":\"search_term_string\"}}],\"inLanguage\":\"es\"}]}<\/script>\n<!-- \/ Yoast SEO plugin. -->","yoast_head_json":{"title":"Nuestras mejores lugares - Hidden Hotel Paris","description":"El distrito 17 de Par\u00eds es un distrito atemporal, que cruza las modas con su reconocida calidad de vida. Su aspecto tranquilo y burgu\u00e9s esconde una faceta","robots":{"index":"index","follow":"follow","max-snippet":"max-snippet:-1","max-image-preview":"max-image-preview:large","max-video-preview":"max-video-preview:-1"},"canonical":"https:\/\/hidden-hotel.com\/es\/nuestras-direcciones\/","og_locale":"es_ES","og_type":"article","og_title":"Nuestras mejores lugares - Hidden Hotel Paris","og_description":"El distrito 17 de Par\u00eds es un distrito atemporal, que cruza las modas con su reconocida calidad de vida. Su aspecto tranquilo y burgu\u00e9s esconde una faceta","og_url":"https:\/\/hidden-hotel.com\/es\/nuestras-direcciones\/","og_site_name":"Hidden Hotel Paris","article_modified_time":"2021-10-28T13:50:45+00:00","og_image":[{"width":1020,"height":679,"url":"https:\/\/hidden-hotel.com\/wp-content\/uploads\/sites\/209\/2020\/11\/municipales-paris-20201.png","type":"image\/png"}],"twitter_card":"summary_large_image","twitter_misc":{"Tiempo de lectura":"1 minuto"},"schema":{"@context":"https:\/\/schema.org","@graph":[{"@type":"WebPage","@id":"https:\/\/hidden-hotel.com\/es\/nuestras-direcciones\/","url":"https:\/\/hidden-hotel.com\/es\/nuestras-direcciones\/","name":"Nuestras mejores lugares - Hidden Hotel Paris","isPartOf":{"@id":"https:\/\/hidden-hotel.com\/es\/#website"},"primaryImageOfPage":{"@id":"https:\/\/hidden-hotel.com\/es\/nuestras-direcciones\/#primaryimage"},"image":{"@id":"https:\/\/hidden-hotel.com\/es\/nuestras-direcciones\/#primaryimage"},"thumbnailUrl":"https:\/\/hidden-hotel.com\/wp-content\/uploads\/sites\/209\/2020\/11\/municipales-paris-20201.png","datePublished":"2020-09-29T20:01:11+00:00","dateModified":"2021-10-28T13:50:45+00:00","description":"El distrito 17 de Par\u00eds es un distrito atemporal, que cruza las modas con su reconocida calidad de vida. Su aspecto tranquilo y burgu\u00e9s esconde una faceta","breadcrumb":{"@id":"https:\/\/hidden-hotel.com\/es\/nuestras-direcciones\/#breadcrumb"},"inLanguage":"es","potentialAction":[{"@type":"ReadAction","target":["https:\/\/hidden-hotel.com\/es\/nuestras-direcciones\/"]}]},{"@type":"ImageObject","inLanguage":"es","@id":"https:\/\/hidden-hotel.com\/es\/nuestras-direcciones\/#primaryimage","url":"https:\/\/hidden-hotel.com\/wp-content\/uploads\/sites\/209\/2020\/11\/municipales-paris-20201.png","contentUrl":"https:\/\/hidden-hotel.com\/wp-content\/uploads\/sites\/209\/2020\/11\/municipales-paris-20201.png","width":1020,"height":679},{"@type":"BreadcrumbList","@id":"https:\/\/hidden-hotel.com\/es\/nuestras-direcciones\/#breadcrumb","itemListElement":[{"@type":"ListItem","position":1,"name":"Home","item":"https:\/\/hidden-hotel.com\/es\/"},{"@type":"ListItem","position":2,"name":"Nuestras mejores lugares"}]},{"@type":"WebSite","@id":"https:\/\/hidden-hotel.com\/es\/#website","url":"https:\/\/hidden-hotel.com\/es\/","name":"Hidden Hotel Paris","description":"Just another ms.decms.eu site","potentialAction":[{"@type":"SearchAction","target":{"@type":"EntryPoint","urlTemplate":"https:\/\/hidden-hotel.com\/es\/?s={search_term_string}"},"query-input":{"@type":"PropertyValueSpecification","valueRequired":true,"valueName":"search_term_string"}}],"inLanguage":"es"}]}},"acf":[],"_links":{"self":[{"href":"https:\/\/hidden-hotel.com\/es\/wp-json\/wp\/v2\/pages\/766","targetHints":{"allow":["GET"]}}],"collection":[{"href":"https:\/\/hidden-hotel.com\/es\/wp-json\/wp\/v2\/pages"}],"about":[{"href":"https:\/\/hidden-hotel.com\/es\/wp-json\/wp\/v2\/types\/page"}],"author":[{"embeddable":true,"href":"https:\/\/hidden-hotel.com\/es\/wp-json\/wp\/v2\/users\/5"}],"replies":[{"embeddable":true,"href":"https:\/\/hidden-hotel.com\/es\/wp-json\/wp\/v2\/comments?post=766"}],"version-history":[{"count":0,"href":"https:\/\/hidden-hotel.com\/es\/wp-json\/wp\/v2\/pages\/766\/revisions"}],"wp:featuredmedia":[{"embeddable":true,"href":"https:\/\/hidden-hotel.com\/es\/wp-json\/wp\/v2\/media\/768"}],"wp:attachment":[{"href":"https:\/\/hidden-hotel.com\/es\/wp-json\/wp\/v2\/media?parent=766"}],"curies":[{"name":"wp","href":"https:\/\/api.w.org\/{rel}","templated":true}]}}